{"id":3409,"date":"2015-01-04T08:58:12","date_gmt":"2015-01-04T07:58:12","guid":{"rendered":"http:\/\/klubmamgdynia.pl\/index.php\/produkt\/goliath-b-v-reaxion-xtreme-race-919-421-004\/"},"modified":"2026-04-28T17:49:30","modified_gmt":"2026-04-28T15:49:30","slug":"goliath-b-v-reaxion-xtreme-race-919-421-004","status":"publish","type":"product","link":"http:\/\/klubmamgdynia.pl\/index.php\/produkt\/goliath-b-v-reaxion-xtreme-race-919-421-004\/","title":{"rendered":"Goliath B.V. Reaxion Xtreme Race 919.421.004"},"content":{"rendered":"<p>SUPER CENA &#8211; TANIA DOSTAWA ! &#8211; Goliath B.V. Reaxion Xtreme Race &#8211; 919.421.004 &#8211; PACZKOMAT, POCZTA, KURIER<\/p>\n<h2>Goliath B.V. Reaxion Xtreme Race 919.421.004 <\/h2>\n<p>dyplom do druku, jak zrobi\u0107 du\u017ce jajo wielkanocne, maski zwierz\u0105t szablony do druku, test z lektury dzieci z bullerbyn, test z lektury dynastia mizio\u0142k\u00f3w, pokemon kolorowanki, zagadki na inteligencje, prezent dla jedenastolatki, opis na dzie\u0144 mamy, prezent dla ch\u0142opca 7 lat, \u017cyczenia wielkanocne dla dzieci kr\u00f3tkie, quiz bajki, zagadki rymowane, kolorowanki pi\u0142karskie, harry potter kolorowanka, aniela znaczenie imienia<\/p>\n<p>yyyyy<\/p>\n<p>&nbsp;<\/p>\n","protected":false},"excerpt":{"rendered":"<p>SUPER CENA &#8211; TANIA DOSTAWA ! &#8211; Goliath B.V. Reaxion Xtreme Race &#8211; 919.421.004 &#8211; PACZKOMAT, POCZTA, KURIER Goliath B.V. Reaxion Xtreme Race 919.421.004 dyplom do druku, jak zrobi\u0107 du\u017ce jajo wielkanocne, maski zwierz\u0105t szablony do druku, test z lektury dzieci z bullerbyn, test z lektury dynastia mizio\u0142k\u00f3w, pokemon kolorowanki, zagadki na inteligencje, prezent dla [&hellip;]<\/p>\n","protected":false},"featured_media":3410,"comment_status":"closed","ping_status":"open","template":"","meta":[],"product_cat":[72],"product_tag":[706,683,605,736],"class_list":["post-3409","product","type-product","status-publish","has-post-thumbnail","hentry","product_cat-mali-naukowcy","product_tag-imie-kuba","product_tag-karaluchy-pod-poduchy","product_tag-milena","product_tag-zabawki-na-roczek"],"_links":{"self":[{"href":"http:\/\/klubmamgdynia.pl\/index.php\/wp-json\/wp\/v2\/product\/3409","targetHints":{"allow":["GET"]}}],"collection":[{"href":"http:\/\/klubmamgdynia.pl\/index.php\/wp-json\/wp\/v2\/product"}],"about":[{"href":"http:\/\/klubmamgdynia.pl\/index.php\/wp-json\/wp\/v2\/types\/product"}],"replies":[{"embeddable":true,"href":"http:\/\/klubmamgdynia.pl\/index.php\/wp-json\/wp\/v2\/comments?post=3409"}],"wp:featuredmedia":[{"embeddable":true,"href":"http:\/\/klubmamgdynia.pl\/index.php\/wp-json\/wp\/v2\/media\/3410"}],"wp:attachment":[{"href":"http:\/\/klubmamgdynia.pl\/index.php\/wp-json\/wp\/v2\/media?parent=3409"}],"wp:term":[{"taxonomy":"product_cat","embeddable":true,"href":"http:\/\/klubmamgdynia.pl\/index.php\/wp-json\/wp\/v2\/product_cat?post=3409"},{"taxonomy":"product_tag","embeddable":true,"href":"http:\/\/klubmamgdynia.pl\/index.php\/wp-json\/wp\/v2\/product_tag?post=3409"}],"curies":[{"name":"wp","href":"https:\/\/api.w.org\/{rel}","templated":true}]}}