{"id":341,"date":"2017-11-23T04:17:42","date_gmt":"2017-11-23T03:17:42","guid":{"rendered":"http:\/\/klubmamgdynia.pl\/index.php\/produkt\/carrera-go-super-rally\/"},"modified":"2026-04-22T13:57:24","modified_gmt":"2026-04-22T11:57:24","slug":"carrera-go-super-rally","status":"publish","type":"product","link":"http:\/\/klubmamgdynia.pl\/index.php\/produkt\/carrera-go-super-rally\/","title":{"rendered":"Carrera GO!!! Super Rally"},"content":{"rendered":"<h2>Carrera GO!!! Super Rally Carrera<\/h2>\n<p>zagadki dla dzieci 7 lat o zwierz\u0119tach, praktyczny prezent dla rocznego dziecka, everest psi patrol, kostek imi\u0119, nauka pisania wyraz\u00f3w dla dzieci do druku pdf, wierszyki na smigus dyngus, matylda imie, spiderman kolorowanka, ozdoby \u015bwi\u0105teczne do zrobienia z dzie\u0107mi, dzie\u0144 nauczyciela cytaty, zagadki, zagadki dla 4 latka, nauka pisania literek do wydruku pdf, quiz konie, prezent dla 14 latki, maska batmana do druku, testy na znaki drogowe, peppa kolorowanka, aaa kotki dwa tekst, prezent dla rocznego ch\u0142opca<\/p>\n<p>yyyyy<\/p>\n<p>&nbsp;<\/p>\n","protected":false},"excerpt":{"rendered":"<p>Carrera GO!!! Super Rally Carrera zagadki dla dzieci 7 lat o zwierz\u0119tach, praktyczny prezent dla rocznego dziecka, everest psi patrol, kostek imi\u0119, nauka pisania wyraz\u00f3w dla dzieci do druku pdf, wierszyki na smigus dyngus, matylda imie, spiderman kolorowanka, ozdoby \u015bwi\u0105teczne do zrobienia z dzie\u0107mi, dzie\u0144 nauczyciela cytaty, zagadki, zagadki dla 4 latka, nauka pisania literek [&hellip;]<\/p>\n","protected":false},"featured_media":342,"comment_status":"closed","ping_status":"open","template":"","meta":[],"product_cat":[140,141],"product_tag":[777,744,624,643,659,741,623],"class_list":["post-341","product","type-product","status-publish","has-post-thumbnail","hentry","product_cat-carrera","product_cat-parkingi-garaze-i-tory-wyscigowe","product_tag-co-na-roczek","product_tag-kolorowanki-swiateczne-do-wydruku","product_tag-krotkie-zagadki","product_tag-prezent-dla-17-latki","product_tag-tupu-tup-po-sniegu-tekst","product_tag-wlochy","product_tag-zagadki-logiczne-smieszne"],"_links":{"self":[{"href":"http:\/\/klubmamgdynia.pl\/index.php\/wp-json\/wp\/v2\/product\/341","targetHints":{"allow":["GET"]}}],"collection":[{"href":"http:\/\/klubmamgdynia.pl\/index.php\/wp-json\/wp\/v2\/product"}],"about":[{"href":"http:\/\/klubmamgdynia.pl\/index.php\/wp-json\/wp\/v2\/types\/product"}],"replies":[{"embeddable":true,"href":"http:\/\/klubmamgdynia.pl\/index.php\/wp-json\/wp\/v2\/comments?post=341"}],"wp:featuredmedia":[{"embeddable":true,"href":"http:\/\/klubmamgdynia.pl\/index.php\/wp-json\/wp\/v2\/media\/342"}],"wp:attachment":[{"href":"http:\/\/klubmamgdynia.pl\/index.php\/wp-json\/wp\/v2\/media?parent=341"}],"wp:term":[{"taxonomy":"product_cat","embeddable":true,"href":"http:\/\/klubmamgdynia.pl\/index.php\/wp-json\/wp\/v2\/product_cat?post=341"},{"taxonomy":"product_tag","embeddable":true,"href":"http:\/\/klubmamgdynia.pl\/index.php\/wp-json\/wp\/v2\/product_tag?post=341"}],"curies":[{"name":"wp","href":"https:\/\/api.w.org\/{rel}","templated":true}]}}