{"id":3411,"date":"2015-01-14T03:55:55","date_gmt":"2015-01-14T02:55:55","guid":{"rendered":"http:\/\/klubmamgdynia.pl\/index.php\/produkt\/kik-samochod-rc-hummer-h2-licencja-124-zolty\/"},"modified":"2026-04-05T15:05:48","modified_gmt":"2026-04-05T13:05:48","slug":"kik-samochod-rc-hummer-h2-licencja-124-zolty","status":"publish","type":"product","link":"http:\/\/klubmamgdynia.pl\/index.php\/produkt\/kik-samochod-rc-hummer-h2-licencja-124-zolty\/","title":{"rendered":"Kik Samoch\u00f3d Rc Hummer H2 &#8211; Licencja 1:24 \u017b\u00f3\u0142ty"},"content":{"rendered":"<p>Mini Samoch\u00f3d zdalnie sterowany w skali 1:24,RC Licencja : Hummer H2Fabrycznie nowa zabawka, wykonana z materia\u0142\u00f3w wysokiej jako\u015bci.KOLOR \u017b\u00d3\u0141TYGwarantowana ogromna frajd\u0119 z zabawy. Pojazd jest szybki i zdalnie sterowany Hummer H2!Zasi\u0119g zabawy to: oko\u0142o 15-25 metr\u00f3w.Pr\u0119dko\u015b\u0107: oko\u0142o 10-15 km\/hSamoch\u00f3d starannie wykonany z dba\u0142o\u015bci\u0105 o najmniejsze detale.Obudowa jest wykonana z wytrzyma\u0142ego tworzywa, co daje doskona\u0142y wygl\u0105d modelu !Skala odwzorowania detali: 1:24.W modelach z tej serii montowane s\u0105 amortyzatory co u\u0142atwia p\u0142ynne pokonywanie zakr\u0119t\u00f3w.Na drodze, sylwetka maszyny prezentuje si\u0119 lekko i dynamicznie.Auto posiada diody LED, kt\u00f3re s\u0105 aktywowane podczas ruchu do przodu lub do ty\u0142u.Pojazd ten jest kontrolowany przez dwa kana\u0142y &#8211; do przodu, do ty\u0142u, w lewo i w prawo.Teraz w domu lub w biurze, mo\u017cna zorganizowa\u0107 wy\u015bcig tymi ma\u0142ymi samochodzikami !Taki samoch\u00f3d wy\u015bcigowy to wspania\u0142a rozrywka dla ma\u0142ych urwis\u00f3w.Spe\u0142nij swoje marzenia z dzieci\u0144stwa o wyszukanej zabawce, bawi\u0105c si\u0119 razem z dzieckiem. To naprawd\u0119 wci\u0105ga!Ta wielofunkcyjna zabawka, bawi\u0105c jednocze\u015bnie rozwija koordynacj\u0119 ruchow\u0105 i sprawno\u015b\u0107 motoryczn\u0105 Twojej pociechy.Poprzez zabaw\u0119 dziecko uczy si\u0119 logicznego my\u015blenia, oraz stawia\u0107 pierwsze kroki w roli kierowcy.Wspania\u0142a zabawa i mi\u0142o sp\u0119dzony czas &#8211; gwarantowane.Specyfikacje:Skala: 1:24D\u0142ugo\u015b\u0107: 200 mmSzeroko\u015b\u0107: 90 mmWysoko\u015b\u0107: 85 mmZasi\u0119g: 15-25 metr\u00f3wPr\u0119dko\u015b\u0107: 10-15 km\/hCz\u0119stotliwo\u015b\u0107 pracy: 27 MHzZasilanie: baterie 3xAA (samoch\u00f3d) oraz 2xAA do Pilota zdalnego sterowania (brak w zestawie).Zestaw zawiera:- x1 Samoch\u00f3d zdalnie sterowany HUMMER H2- x1 Pilot zdalnego sterowania- Zabawka zapakowana w kolorowe, estetyczne pude\u0142ko. Idealne na prezent!<\/p>\n<h2>Kik Samoch\u00f3d Rc Hummer H2 &#8211; Licencja 1:24 \u017b\u00f3\u0142ty Kontext<\/h2>\n<p>prezent dla nastolatk\u00f3w 2021, pikachu do druku, gry dla m\u0142odzie\u017cy, quiz o minecraft, zagadki dla dzieci z odpowiedziami, mega trudne zagadki logiczne, atrakcje dla dzieci warszawa, gloria imie, prezent dla 17 latka, aurelia, test z tajemniczego ogrodu, zadania logiczne, \u017cyczenia wielkanocne dla dzieci kr\u00f3tkie<\/p>\n<p>yyyyy<\/p>\n<p>&nbsp;<\/p>\n","protected":false},"excerpt":{"rendered":"<p>Mini Samoch\u00f3d zdalnie sterowany w skali 1:24,RC Licencja : Hummer H2Fabrycznie nowa zabawka, wykonana z materia\u0142\u00f3w wysokiej jako\u015bci.KOLOR \u017b\u00d3\u0141TYGwarantowana ogromna frajd\u0119 z zabawy. Pojazd jest szybki i zdalnie sterowany Hummer H2!Zasi\u0119g zabawy to: oko\u0142o 15-25 metr\u00f3w.Pr\u0119dko\u015b\u0107: oko\u0142o 10-15 km\/hSamoch\u00f3d starannie wykonany z dba\u0142o\u015bci\u0105 o najmniejsze detale.Obudowa jest wykonana z wytrzyma\u0142ego tworzywa, co daje doskona\u0142y wygl\u0105d [&hellip;]<\/p>\n","protected":false},"featured_media":3412,"comment_status":"closed","ping_status":"open","template":"","meta":[],"product_cat":[20,337],"product_tag":[655,868,823,746],"class_list":["post-3411","product","type-product","status-publish","has-post-thumbnail","hentry","product_cat-kontext","product_cat-zabawki-zdalnie-sterowane","product_tag-najlepsze-zagadki","product_tag-quizy-dla-dzieci","product_tag-zagadki-dla-dzieci-7-lat","product_tag-zagadki-typu-co-to-jest"],"_links":{"self":[{"href":"http:\/\/klubmamgdynia.pl\/index.php\/wp-json\/wp\/v2\/product\/3411","targetHints":{"allow":["GET"]}}],"collection":[{"href":"http:\/\/klubmamgdynia.pl\/index.php\/wp-json\/wp\/v2\/product"}],"about":[{"href":"http:\/\/klubmamgdynia.pl\/index.php\/wp-json\/wp\/v2\/types\/product"}],"replies":[{"embeddable":true,"href":"http:\/\/klubmamgdynia.pl\/index.php\/wp-json\/wp\/v2\/comments?post=3411"}],"wp:featuredmedia":[{"embeddable":true,"href":"http:\/\/klubmamgdynia.pl\/index.php\/wp-json\/wp\/v2\/media\/3412"}],"wp:attachment":[{"href":"http:\/\/klubmamgdynia.pl\/index.php\/wp-json\/wp\/v2\/media?parent=3411"}],"wp:term":[{"taxonomy":"product_cat","embeddable":true,"href":"http:\/\/klubmamgdynia.pl\/index.php\/wp-json\/wp\/v2\/product_cat?post=3411"},{"taxonomy":"product_tag","embeddable":true,"href":"http:\/\/klubmamgdynia.pl\/index.php\/wp-json\/wp\/v2\/product_tag?post=3411"}],"curies":[{"name":"wp","href":"https:\/\/api.w.org\/{rel}","templated":true}]}}