{"id":3413,"date":"2010-11-23T16:05:57","date_gmt":"2010-11-23T15:05:57","guid":{"rendered":"http:\/\/klubmamgdynia.pl\/index.php\/produkt\/cobi-2703-historical-collection-wwii-czolg-panzer-vi-tiger-326el\/"},"modified":"2026-05-17T22:06:33","modified_gmt":"2026-05-17T20:06:33","slug":"cobi-2703-historical-collection-wwii-czolg-panzer-vi-tiger-326el","status":"publish","type":"product","link":"http:\/\/klubmamgdynia.pl\/index.php\/produkt\/cobi-2703-historical-collection-wwii-czolg-panzer-vi-tiger-326el\/","title":{"rendered":"Cobi 2703 Historical Collection Wwii Czo\u0142g Panzer Vi Tiger 326El."},"content":{"rendered":"<p>Panzer VI, czyli legendarny Tygrys to niemiecki czo\u0142g ci\u0119\u017cki z okresu II wojny \u015bwiatowej. Jego charakterystyczna bry\u0142a do dzisiaj jest rozpoznawalna na ca\u0142ym \u015bwiecie. Sam pojazd przeszed\u0142 do legendy i jest ci\u0105gle obecny nie tylko w materia\u0142ach historycznych, ale r\u00f3wnie\u017c w popkulturze. Pierwsze egzemplarze Tygrysa trafi\u0142y na front pod Leningradem i w Tunezji w okresie sierpie\u0144\/wrzesie\u0144 1942 roku. Czo\u0142g zaprojektowany i wyprodukowany przez firm\u0119 Henschel by\u0142 bardzo nowoczesny i skuteczny. Niestety jego produkcja poch\u0142ania\u0142a ogromne zasoby cennych surowc\u00f3w i czasu. Czo\u0142gi Tygrys I mia\u0142y znacz\u0105cy wp\u0142yw na przebieg dzia\u0142a\u0144 wojennych. Okryte z\u0142\u0105 s\u0142aw\u0105 i siej\u0105ce niesamowity postrach Tygrysy zniszczy\u0142y tysi\u0105ce czo\u0142g\u00f3w oraz dzia\u0142 Alianckich przy niepor\u00f3wnywalnie mniejszych stratach w\u0142asnych.                            <\/p>\n<p>Miniaturowy pojazd z klock\u00f3w konstrukcyjnych COBI zosta\u0142 wyprodukowany w zupe\u0142nie nowej skali 1:48. Jest \u0142atwy w budowie, idealnie nadaje si\u0119 na pocz\u0105tek przygody z polskimi klockami konstrukcyjnymi COBI. Posiada ruchome dzia\u0142o, obracaj\u0105c\u0105 si\u0119 wie\u017c\u0119 i dzia\u0142aj\u0105c\u0105 trakcj\u0119 g\u0105sienicow\u0105. Wszelkie detale graficzne s\u0105 wysokiej jako\u015bci nadrukami, kt\u00f3re nie \u015bcieraj\u0105 si\u0119 nawet w trakcie intensywnej zabawy. Zalet\u0105 jest konstrukcja, kt\u00f3ra w wyj\u0105tkowy spos\u00f3b odzwierciedla oryginalne kszta\u0142ty swego historycznego pierwowzoru. Model czo\u0142gu Panzer VI Tiger znakomicie sprawdzi si\u0119 jako zabawka, ale tak\u017ce wyj\u0105tkowy element ka\u017cdej kolekcji fana militari\u00f3w i broni pancernej.                            <\/p>\n<p>326 wysokiej jako\u015bci element\u00f3w,wyprodukowane w UE przez firm\u0119 z ponad 20-letni\u0105 tradycj\u0105,klocki spe\u0142niaj\u0105 normy bezpiecze\u0144stwa dotycz\u0105ce produkt\u00f3w dla dzieci,w pe\u0142ni kompatybilne z innymi markami klock\u00f3w konstrukcyjnych,klocki z nadrukami nie odkszta\u0142caj\u0105 si\u0119 i nie bledn\u0105 w czasie zabawy czy pod wp\u0142ywem temperatury,czytelna i intuicyjna instrukcja oparta na rysunkach i ikonach.Wymiary modelu: 17 (6.7\u201d) x 8 (3.1\u201d) x 7 (2.8\u201d) cm.Od 6. roku \u017cycia.<\/p>\n<h2>Cobi 2703 Historical Collection Wwii Czo\u0142g Panzer Vi Tiger 326El. Cobi<\/h2>\n<p>wr\u00f3\u017cby andrzejkowe dla dzieci online, filmy animowane o \u015bwi\u0119tach, test z lektury kajko i kokosz szko\u0142a latania, wroc\u0142aw atrakcje dla dzieci, prezent dla nastolatka, kolorowanka antystresowa, kajko i kokosz test z lektury, quiz o psie kt\u00f3ry je\u017adzi\u0142 kolej\u0105, zabawki na roczek dla dziewczynki, krzy\u017c\u00f3wki dla dzieci do druku, 20 pytania do lektury ma\u0142y ksi\u0105\u017c\u0119, imi\u0119 liwia<\/p>\n<p>yyyyy<\/p>\n<p>&nbsp;<\/p>\n","protected":false},"excerpt":{"rendered":"<p>Panzer VI, czyli legendarny Tygrys to niemiecki czo\u0142g ci\u0119\u017cki z okresu II wojny \u015bwiatowej. Jego charakterystyczna bry\u0142a do dzisiaj jest rozpoznawalna na ca\u0142ym \u015bwiecie. Sam pojazd przeszed\u0142 do legendy i jest ci\u0105gle obecny nie tylko w materia\u0142ach historycznych, ale r\u00f3wnie\u017c w popkulturze. Pierwsze egzemplarze Tygrysa trafi\u0142y na front pod Leningradem i w Tunezji w okresie [&hellip;]<\/p>\n","protected":false},"featured_media":3414,"comment_status":"closed","ping_status":"open","template":"","meta":[],"product_cat":[484,113],"product_tag":[662,837,867,644,735,715],"class_list":["post-3413","product","type-product","status-publish","has-post-thumbnail","hentry","product_cat-cobi","product_cat-klocki","product_tag-bajki-na-dobranoc","product_tag-cicha-noc-po-angielsku","product_tag-kolorowanki-dla-dziewczynek","product_tag-mia","product_tag-prezent-na-roczek-dziewczynka","product_tag-zosia-samosia"],"_links":{"self":[{"href":"http:\/\/klubmamgdynia.pl\/index.php\/wp-json\/wp\/v2\/product\/3413","targetHints":{"allow":["GET"]}}],"collection":[{"href":"http:\/\/klubmamgdynia.pl\/index.php\/wp-json\/wp\/v2\/product"}],"about":[{"href":"http:\/\/klubmamgdynia.pl\/index.php\/wp-json\/wp\/v2\/types\/product"}],"replies":[{"embeddable":true,"href":"http:\/\/klubmamgdynia.pl\/index.php\/wp-json\/wp\/v2\/comments?post=3413"}],"wp:featuredmedia":[{"embeddable":true,"href":"http:\/\/klubmamgdynia.pl\/index.php\/wp-json\/wp\/v2\/media\/3414"}],"wp:attachment":[{"href":"http:\/\/klubmamgdynia.pl\/index.php\/wp-json\/wp\/v2\/media?parent=3413"}],"wp:term":[{"taxonomy":"product_cat","embeddable":true,"href":"http:\/\/klubmamgdynia.pl\/index.php\/wp-json\/wp\/v2\/product_cat?post=3413"},{"taxonomy":"product_tag","embeddable":true,"href":"http:\/\/klubmamgdynia.pl\/index.php\/wp-json\/wp\/v2\/product_tag?post=3413"}],"curies":[{"name":"wp","href":"https:\/\/api.w.org\/{rel}","templated":true}]}}