{"id":3415,"date":"2025-06-10T08:30:13","date_gmt":"2025-06-10T06:30:13","guid":{"rendered":"http:\/\/klubmamgdynia.pl\/?post_type=product&#038;p=3415"},"modified":"2026-05-17T23:16:42","modified_gmt":"2026-05-17T21:16:42","slug":"carrera-go-zestaw-prostych-100-i-114mm-61658","status":"publish","type":"product","link":"http:\/\/klubmamgdynia.pl\/index.php\/produkt\/carrera-go-zestaw-prostych-100-i-114mm-61658\/","title":{"rendered":"Carrera GO!!! &#8211; zestaw prostych 100 i 114mm 61658"},"content":{"rendered":"<p>zestaw prostych 100 i 114mm  zestaw zawiera: 3 proste 100mm3 proste 114mmSzeroki asortyment akcesori\u00f3w dodatkowych pozwoli na rozbudowanie toru i urozmaicenie fantastycznej zabawy.  Carrera GO!!! to system startowy do \u015awiata Wy\u015bcig\u00f3w Carrera, stworzony w skali 1:43. Wszystkie zestawy z tej serii zawieraj\u0105 kontroler turbo do\u0142adowania, a tak\u017ce oryginalne, licencjonowane samochody, wykonane z ogromn\u0105 dba\u0142o\u015bci\u0105 o szczeg\u00f3\u0142y. Do ka\u017cdego z nich do\u0142\u0105czony jest zawsze dodatkowy zestaw szczotek stykowych. Systemy tor\u00f3w s\u0105 niezwykle \u0142atwe w monta\u017cu i demonta\u017cu, dzi\u0119ki unikalnemu systemowi zatrzask\u00f3w.        Carrera &#8211; legenda i do\u015bwiadczenie w tworzeniu scenerii wy\u015bcig\u00f3w samochodowych!  Carrera to hiszpa\u0144skie s\u0142owo oznaczaj\u0105ce wy\u015bcig. Ten zwi\u0119z\u0142y termin niezwykle trafnie i rzeczowo zarysowuje filozofi\u0119 i dzi\u0142alno\u015b\u0107 firmy, kt\u00f3ra swe pierwsze produkty wprowadzi\u0142a na rynek ju\u017c w 1963 roku. Do\u015b\u0107 szybko Carrera sta\u0142a si\u0119 lidrem sprzeda\u017cy w swej bran\u017cy i dzi\u015b jest g\u0142\u00f3wnym, \u015bwiatowym producentem w segmencie tor\u00f3w i samochod\u00f3w wy\u015bcigowych. Wszystko to, dzi\u0119ki zastosowaniu wielu innowacyjnych rozwi\u0105za\u0144 oraz nowoczesnych technologii, wykorzystywanych przy konstruowaniu system\u00f3w tor\u00f3w. Modne i oryginalne reprodukcje modeli samochod\u00f3w wy\u015bcigowych to kolejne istotne za\u0142o\u017cenie stanowi\u0105ce fundament sukcesu Carrery. U podstaw filozofii firmy le\u017cy fascynacja \u015bwiatem wy\u015bcig\u00f3w i samochod\u00f3w, unikalne wzornictwo oraz nieodparta ch\u0119\u0107 do wsp\u00f3\u0142zawodnictwa, kt\u00f3re to przek\u0142adaj\u0105 si\u0119 na wysok\u0105 jako\u015b\u0107 i technologi\u0119 unikalnych produkt\u00f3w. Carrera, przenosz\u0105c cudowny \u015bwiat wy\u015bcig\u00f3w samochodowych do naszych dom\u00f3w, ofiarowuje zar\u00f3wno dzieciom jak i doros\u0142ym wiele godzin fascynuj\u0105cej i pe\u0142nej emocji zabawy.<\/p>\n<h2>Carrera GO!!! &#8211; zestaw prostych 100 i 114mm 61658 Carrera<\/h2>\n<p>bajka terapeutyczna o emocjach, lody kolorowanka, zagadki dla dzieci 7 lat, \u0142amig\u0142\u00f3wki dla dzieci do druku, miko\u0142ajki dla dzieci warszawa 2021, szablony zimowe do wydruku, ma\u0142y ksi\u0105\u017c\u0119 sprawdzian<\/p>\n<p>yyyyy<\/p>\n<p>&nbsp;<\/p>\n","protected":false},"excerpt":{"rendered":"<p>zestaw prostych 100 i 114mm zestaw zawiera: 3 proste 100mm3 proste 114mmSzeroki asortyment akcesori\u00f3w dodatkowych pozwoli na rozbudowanie toru i urozmaicenie fantastycznej zabawy. Carrera GO!!! to system startowy do \u015awiata Wy\u015bcig\u00f3w Carrera, stworzony w skali 1:43. Wszystkie zestawy z tej serii zawieraj\u0105 kontroler turbo do\u0142adowania, a tak\u017ce oryginalne, licencjonowane samochody, wykonane z ogromn\u0105 dba\u0142o\u015bci\u0105 o [&hellip;]<\/p>\n","protected":false},"featured_media":3416,"comment_status":"closed","ping_status":"open","template":"","meta":[],"product_cat":[1053,140],"product_tag":[852,783,841,600],"class_list":["post-3415","product","type-product","status-publish","has-post-thumbnail","hentry","product_cat-akcesoria-i-czesci-modelarskie","product_cat-carrera","product_tag-jak-zrobic-samolot-z-papieru","product_tag-prezenty-na-roczek-dla-chlopca","product_tag-quiz-o-flagach","product_tag-zaproszenia-na-urodziny-do-druku"],"_links":{"self":[{"href":"http:\/\/klubmamgdynia.pl\/index.php\/wp-json\/wp\/v2\/product\/3415","targetHints":{"allow":["GET"]}}],"collection":[{"href":"http:\/\/klubmamgdynia.pl\/index.php\/wp-json\/wp\/v2\/product"}],"about":[{"href":"http:\/\/klubmamgdynia.pl\/index.php\/wp-json\/wp\/v2\/types\/product"}],"replies":[{"embeddable":true,"href":"http:\/\/klubmamgdynia.pl\/index.php\/wp-json\/wp\/v2\/comments?post=3415"}],"wp:featuredmedia":[{"embeddable":true,"href":"http:\/\/klubmamgdynia.pl\/index.php\/wp-json\/wp\/v2\/media\/3416"}],"wp:attachment":[{"href":"http:\/\/klubmamgdynia.pl\/index.php\/wp-json\/wp\/v2\/media?parent=3415"}],"wp:term":[{"taxonomy":"product_cat","embeddable":true,"href":"http:\/\/klubmamgdynia.pl\/index.php\/wp-json\/wp\/v2\/product_cat?post=3415"},{"taxonomy":"product_tag","embeddable":true,"href":"http:\/\/klubmamgdynia.pl\/index.php\/wp-json\/wp\/v2\/product_tag?post=3415"}],"curies":[{"name":"wp","href":"https:\/\/api.w.org\/{rel}","templated":true}]}}