{"id":3417,"date":"2021-04-05T22:14:08","date_gmt":"2021-04-05T20:14:08","guid":{"rendered":"http:\/\/klubmamgdynia.pl\/index.php\/produkt\/royal-canin-maltese-adult-500g\/"},"modified":"2026-04-22T21:57:13","modified_gmt":"2026-04-22T19:57:13","slug":"royal-canin-maltese-adult-500g","status":"publish","type":"product","link":"http:\/\/klubmamgdynia.pl\/index.php\/produkt\/royal-canin-maltese-adult-500g\/","title":{"rendered":"Royal Canin Maltese Adult 500g"},"content":{"rendered":"<p>Royal Canin &#8211; gwarancja najwy\u017cszej smakowito\u015bci                            <\/p>\n<p>Dlaczego karma Royal Canin b\u0119dzie<br \/>\nodpowiednia dla Twojego zwierz\u0119cia?<\/p>\n<p>Bo potrzeb jest wiele,<br \/>\na Royal Canin odpowiada<br \/>\nna wszystkie.                            <\/p>\n<p>                                Zobacz szczeg\u00f3\u0142y Gwarancji Najwy\u017cszej Smakowito\u015bci<\/p>\n<h2>Royal Canin Maltese Adult 500g Royal Canin<\/h2>\n<p>zabawa dla 7 latka, ma\u0142y ksi\u0105\u017ce test, imi\u0119 alan, bajki na dobranoc psi patrol, laurka dla babci, zrobi\u0107 laurk\u0119 laurka dla babci, sa\u0142atki dla dzieci, origami kotek, co na roczek dla ch\u0142opca, quiz o \u015bwi\u0119tach, motto dla nauczyciela<\/p>\n<p>yyyyy<\/p>\n<p>&nbsp;<\/p>\n","protected":false},"excerpt":{"rendered":"<p>Royal Canin &#8211; gwarancja najwy\u017cszej smakowito\u015bci Dlaczego karma Royal Canin b\u0119dzie odpowiednia dla Twojego zwierz\u0119cia? Bo potrzeb jest wiele, a Royal Canin odpowiada na wszystkie. Zobacz szczeg\u00f3\u0142y Gwarancji Najwy\u017cszej Smakowito\u015bci Royal Canin Maltese Adult 500g Royal Canin zabawa dla 7 latka, ma\u0142y ksi\u0105\u017ce test, imi\u0119 alan, bajki na dobranoc psi patrol, laurka dla babci, zrobi\u0107 [&hellip;]<\/p>\n","protected":false},"featured_media":3418,"comment_status":"closed","ping_status":"open","template":"","meta":[],"product_cat":[951,936],"product_tag":[700,703,609,616,799],"class_list":["post-3417","product","type-product","status-publish","has-post-thumbnail","hentry","product_cat-karmy-dla-psow","product_cat-royal-canin","product_tag-bajki-do-czytania-dla-dzieci","product_tag-prezent-dla-nastolatki","product_tag-quiz-flagi-europy","product_tag-test-mikolajek-25-pytan","product_tag-zagadka-logiczna"],"_links":{"self":[{"href":"http:\/\/klubmamgdynia.pl\/index.php\/wp-json\/wp\/v2\/product\/3417","targetHints":{"allow":["GET"]}}],"collection":[{"href":"http:\/\/klubmamgdynia.pl\/index.php\/wp-json\/wp\/v2\/product"}],"about":[{"href":"http:\/\/klubmamgdynia.pl\/index.php\/wp-json\/wp\/v2\/types\/product"}],"replies":[{"embeddable":true,"href":"http:\/\/klubmamgdynia.pl\/index.php\/wp-json\/wp\/v2\/comments?post=3417"}],"wp:featuredmedia":[{"embeddable":true,"href":"http:\/\/klubmamgdynia.pl\/index.php\/wp-json\/wp\/v2\/media\/3418"}],"wp:attachment":[{"href":"http:\/\/klubmamgdynia.pl\/index.php\/wp-json\/wp\/v2\/media?parent=3417"}],"wp:term":[{"taxonomy":"product_cat","embeddable":true,"href":"http:\/\/klubmamgdynia.pl\/index.php\/wp-json\/wp\/v2\/product_cat?post=3417"},{"taxonomy":"product_tag","embeddable":true,"href":"http:\/\/klubmamgdynia.pl\/index.php\/wp-json\/wp\/v2\/product_tag?post=3417"}],"curies":[{"name":"wp","href":"https:\/\/api.w.org\/{rel}","templated":true}]}}