{"id":3421,"date":"2016-10-10T18:28:30","date_gmt":"2016-10-10T16:28:30","guid":{"rendered":"http:\/\/klubmamgdynia.pl\/index.php\/produkt\/stalman-sztucce-dziecka-widelec-i-lyzka-hello-kitty\/"},"modified":"2026-04-30T22:12:12","modified_gmt":"2026-04-30T20:12:12","slug":"stalman-sztucce-dziecka-widelec-i-lyzka-hello-kitty","status":"publish","type":"product","link":"http:\/\/klubmamgdynia.pl\/index.php\/produkt\/stalman-sztucce-dziecka-widelec-i-lyzka-hello-kitty\/","title":{"rendered":"Stalman Sztu\u0107ce Dziecka Widelec I \u0141y\u017cka Hello Kitty"},"content":{"rendered":"<p>Komplet sztu\u0107c\u00f3w dla dzieci do nauki samodzielnego jedzenia. Dzi\u0119ki ergonomicznemu kszta\u0142towi idealnie dopasowuj\u0105 si\u0119 do r\u0105czki dziecka. Ulubiona posta\u0107 z ulubionej bajki zach\u0119ci ka\u017cdego malucha do nauki korzystania z \u0142y\u017cki i widelca.<\/p>\n<h2>Stalman Sztu\u0107ce Dziecka Widelec I \u0141y\u017cka Hello Kitty <\/h2>\n<p>testy na znaki drogowe, czapka g\u00f3rnika kolorowanka, quiz o hobbicie, ewelina, co kupi\u0107 nastolatkowi, kolorowanki minecraft<\/p>\n<p>yyyyy<\/p>\n<p>&nbsp;<\/p>\n","protected":false},"excerpt":{"rendered":"<p>Komplet sztu\u0107c\u00f3w dla dzieci do nauki samodzielnego jedzenia. Dzi\u0119ki ergonomicznemu kszta\u0142towi idealnie dopasowuj\u0105 si\u0119 do r\u0105czki dziecka. Ulubiona posta\u0107 z ulubionej bajki zach\u0119ci ka\u017cdego malucha do nauki korzystania z \u0142y\u017cki i widelca. Stalman Sztu\u0107ce Dziecka Widelec I \u0141y\u017cka Hello Kitty testy na znaki drogowe, czapka g\u00f3rnika kolorowanka, quiz o hobbicie, ewelina, co kupi\u0107 nastolatkowi, kolorowanki [&hellip;]<\/p>\n","protected":false},"featured_media":3422,"comment_status":"closed","ping_status":"open","template":"","meta":[],"product_cat":[215],"product_tag":[836,593,583,594,773,850],"class_list":["post-3421","product","type-product","status-publish","has-post-thumbnail","hentry","product_cat-naczynia-i-sztucce-dla-dzieci","product_tag-co-kupic-dziecku-na-roczek","product_tag-jak-narysowac-konia","product_tag-kolysanki-dla-dzieci-tekst","product_tag-podchwytliwe-zagadki-dla-dzieci","product_tag-test-z-lektury-opowiesci-z-narnii-lew-czarownica-i-stara-szafa","product_tag-wroclaw-atrakcje-dla-dzieci"],"_links":{"self":[{"href":"http:\/\/klubmamgdynia.pl\/index.php\/wp-json\/wp\/v2\/product\/3421","targetHints":{"allow":["GET"]}}],"collection":[{"href":"http:\/\/klubmamgdynia.pl\/index.php\/wp-json\/wp\/v2\/product"}],"about":[{"href":"http:\/\/klubmamgdynia.pl\/index.php\/wp-json\/wp\/v2\/types\/product"}],"replies":[{"embeddable":true,"href":"http:\/\/klubmamgdynia.pl\/index.php\/wp-json\/wp\/v2\/comments?post=3421"}],"wp:featuredmedia":[{"embeddable":true,"href":"http:\/\/klubmamgdynia.pl\/index.php\/wp-json\/wp\/v2\/media\/3422"}],"wp:attachment":[{"href":"http:\/\/klubmamgdynia.pl\/index.php\/wp-json\/wp\/v2\/media?parent=3421"}],"wp:term":[{"taxonomy":"product_cat","embeddable":true,"href":"http:\/\/klubmamgdynia.pl\/index.php\/wp-json\/wp\/v2\/product_cat?post=3421"},{"taxonomy":"product_tag","embeddable":true,"href":"http:\/\/klubmamgdynia.pl\/index.php\/wp-json\/wp\/v2\/product_tag?post=3421"}],"curies":[{"name":"wp","href":"https:\/\/api.w.org\/{rel}","templated":true}]}}