{"id":3425,"date":"2011-02-08T14:38:58","date_gmt":"2011-02-08T13:38:58","guid":{"rendered":"http:\/\/klubmamgdynia.pl\/index.php\/produkt\/learning-resources-masa-piankowa-modelina-jednorozec\/"},"modified":"2026-04-27T21:49:26","modified_gmt":"2026-04-27T19:49:26","slug":"learning-resources-masa-piankowa-modelina-jednorozec","status":"publish","type":"product","link":"http:\/\/klubmamgdynia.pl\/index.php\/produkt\/learning-resources-masa-piankowa-modelina-jednorozec\/","title":{"rendered":"Learning Resources Masa Piankowa Modelina Jednoro\u017cec"},"content":{"rendered":"<p>Playfoam, Masa Piankowa, Modelina, Jednoro\u017cec Zabawki Learning Resources(R) wraz z Educational Insights(R) s\u0105 zaprojektowane tak, aby pom\u00f3c dzieciom w zdobywaniu kluczowych umiej\u0119tno\u015bci edukacyjnych&#8230; i przygotowaniu si\u0119 na podb\u00f3j \u015bwiata! Wsp\u00f3\u0142praca z ekspertami z wielu r\u00f3\u017cnych dziedzin, od naukowc\u00f3w przez nauczycieli po artyst\u00f3w i zapewnia, \u017ce ich produkty s\u0105 bezpieczne i najwy\u017cszej jako\u015bci. Odkryj tajemnice grzywy jednoro\u017cca! Jedna cz\u0119\u015b\u0107 t\u0119czowego wiru i dwie cz\u0119\u015bci magiczne z\u0142ote cekiny z gwiazdami, zestaw Playfoam Special Edition Unicorn Mane zawiera wszystko, czego potrzebuj\u0105 dzieci do zgniatania i rze\u017abienia wyj\u0105tkowych kreacji! Limitowana edycja t\u0119czowych cekin\u00f3w ze z\u0142otymi cekinami jest idealna do wykonania grzywy jednoro\u017cca, korony ksi\u0119\u017cniczki i nie tylko. Innowacyjny, pomys\u0142owy i wielokrotnego u\u017cytku &#8212; PlayFoam.Dzieci mog\u0105 rze\u017abi\u0107 przez wiele godzin.Nietoksyczny materia\u0142 do rze\u017abienia na bazie piankowych koralik\u00f3w.Nie wysycha, nie kruszy si\u0119 ani nie przykleja do sk\u00f3ry ani innych powierzchni.Formuj i ponownie formuj tyle razy, ile chcesz.Opakowanie zawiera kolorow\u0105 mieszank\u0119 PlayFoam, kt\u00f3r\u0105 dzieci mog\u0105 kszta\u0142towa\u0107 i zmienia\u0107, a kiedy sko\u0144cz\u0105, mog\u0105 po prostu u\u017cy\u0107 plastikowych form do pakowania, aby przywr\u00f3ci\u0107 oryginalne wzory.Zawiera 3 kolory pianki do zabawy: \u017c\u00f3\u0142ty, r\u00f3\u017cowy i niebieski, wszystkie z b\u0142yszcz\u0105cymi z\u0142otymi gwiazdkami.Wymiary opakowania: 20 cm x 12,5 cm x 5 cm.Kategoria wiekowa: 3+.Uwaga: Ma\u0142e elementy, ryzyko zad\u0142awienia. Zabawa tylko pod nadzorem osoby doros\u0142ej.<\/p>\n<h2>Learning Resources Masa Piankowa Modelina Jednoro\u017cec Learning Resources<\/h2>\n<p>prezent na roczek nie zabawka, milena, trudne zagadki wielkanocne, kartka walentynkowa zrobiona przez dzieci, straszne filmy dla dzieci<\/p>\n<p>yyyyy<\/p>\n<p>&nbsp;<\/p>\n","protected":false},"excerpt":{"rendered":"<p>Playfoam, Masa Piankowa, Modelina, Jednoro\u017cec Zabawki Learning Resources(R) wraz z Educational Insights(R) s\u0105 zaprojektowane tak, aby pom\u00f3c dzieciom w zdobywaniu kluczowych umiej\u0119tno\u015bci edukacyjnych&#8230; i przygotowaniu si\u0119 na podb\u00f3j \u015bwiata! Wsp\u00f3\u0142praca z ekspertami z wielu r\u00f3\u017cnych dziedzin, od naukowc\u00f3w przez nauczycieli po artyst\u00f3w i zapewnia, \u017ce ich produkty s\u0105 bezpieczne i najwy\u017cszej jako\u015bci. Odkryj tajemnice grzywy [&hellip;]<\/p>\n","protected":false},"featured_media":3426,"comment_status":"closed","ping_status":"open","template":"","meta":[],"product_cat":[1070,21],"product_tag":[622,745,738],"class_list":["post-3425","product","type-product","status-publish","has-post-thumbnail","hentry","product_cat-learning-resources","product_cat-zabawki-plastyczne","product_tag-fajne-zagadki","product_tag-prezent-dla-15-latki","product_tag-wroclaw-dla-dzieci"],"_links":{"self":[{"href":"http:\/\/klubmamgdynia.pl\/index.php\/wp-json\/wp\/v2\/product\/3425","targetHints":{"allow":["GET"]}}],"collection":[{"href":"http:\/\/klubmamgdynia.pl\/index.php\/wp-json\/wp\/v2\/product"}],"about":[{"href":"http:\/\/klubmamgdynia.pl\/index.php\/wp-json\/wp\/v2\/types\/product"}],"replies":[{"embeddable":true,"href":"http:\/\/klubmamgdynia.pl\/index.php\/wp-json\/wp\/v2\/comments?post=3425"}],"wp:featuredmedia":[{"embeddable":true,"href":"http:\/\/klubmamgdynia.pl\/index.php\/wp-json\/wp\/v2\/media\/3426"}],"wp:attachment":[{"href":"http:\/\/klubmamgdynia.pl\/index.php\/wp-json\/wp\/v2\/media?parent=3425"}],"wp:term":[{"taxonomy":"product_cat","embeddable":true,"href":"http:\/\/klubmamgdynia.pl\/index.php\/wp-json\/wp\/v2\/product_cat?post=3425"},{"taxonomy":"product_tag","embeddable":true,"href":"http:\/\/klubmamgdynia.pl\/index.php\/wp-json\/wp\/v2\/product_tag?post=3425"}],"curies":[{"name":"wp","href":"https:\/\/api.w.org\/{rel}","templated":true}]}}