{"id":3427,"date":"2024-08-24T12:43:46","date_gmt":"2024-08-24T10:43:46","guid":{"rendered":"http:\/\/klubmamgdynia.pl\/?post_type=product&#038;p=3427"},"modified":"2026-04-06T02:52:17","modified_gmt":"2026-04-06T00:52:17","slug":"brit-care-puppy-all-breed-lambrice-1kg","status":"publish","type":"product","link":"http:\/\/klubmamgdynia.pl\/index.php\/produkt\/brit-care-puppy-all-breed-lambrice-1kg\/","title":{"rendered":"Brit Care Puppy All Breed Lamb&amp;Rice 1Kg"},"content":{"rendered":"<p>Brit Care Puppy Lamb&amp;Rice\u00a0\u00a0HIPOALERGICZNA FORMU\u0141A Z JAGNI\u0118CIN\u0104 I RY\u017bEM DLA SZCZENI\u0104T I M\u0141ODYCH PS\u00d3W ( 4 TYGODNIE &#8211; 12 MIESI\u0118CY) WSZYSTKICH RASChcesz aby Tw\u00f3j pies by\u0142 zawsze radosny i pe\u0142ny si\u0142 do zabawy? Starannie skompletowana karma z jagni\u0119cin\u0105 i ry\u017cem dla doros\u0142ych ps\u00f3w du\u017cych ras to pe\u0142nowarto\u015bciowy posi\u0142ek, kt\u00f3ry dostarczy Twojemu pupilowi niezb\u0119dnych witamin oraz mikroelement\u00f3w i zapewni mu prawid\u0142owy rozw\u00f3j. Formu\u0142a jest w pe\u0142ni hipoalergiczna, dzi\u0119ki czemu nie powoduje nadwra\u017cliwo\u015bci i alergii pokarmowych. Sk\u0142adniki zosta\u0142y dobrane tak, by chroni\u0107 stawy oraz ko\u015bci du\u017cych ps\u00f3w i nie obci\u0105\u017ca\u0107 ich organizm\u00f3w. Odpowiednie proporcje wapnia i fosforu niezywkle korzystnie wp\u0142ywaj\u0105 na rozw\u00f3j ko\u015bci i staw\u00f3w malucha. Ponadto zastosowane sk\u0142adniki chroni\u0105 odporno\u015b\u0107 i zdrowie zwierzak\u00f3w. Brit Care Puppy All Breed &#8211; jest dobrze zbilansowan\u0105 i wysoce przyswajaln\u0105 karm\u0105\u00a0 uwzgl\u0119dniaj\u0105c\u0105 specyficzne zapotrzebowanie szczeniak\u00f3w w okresie odstawiania od mleka matki . Karma jest delikatna dla uk\u0142adu \u017co\u0142\u0105dkowo-jelitowego.<br \/>\nPe\u0142na zawarto\u015b\u0107 sk\u0142adnik\u00f3w pokarmowych wspomaga prawid\u0142owy rozw\u00f3j ko\u015bci, staw\u00f3w i z\u0119b\u00f3w.                            <\/p>\n<p>a                            <\/p>\n<p>Energia Metaboliczna4 000 kcal\/kgKwasy T\u0142uszczowe Omega 3: 0,42%Kwasy T\u0142uszczowe Omega 6: 2,10%                            <\/p>\n<p>Jagni\u0119cina jest wyj\u0105tkowo lekkostrawna i charakteryzuje si\u0119 wysokim poziomem t\u0142uszcz\u00f3w Omega3 i Omega6..                            <\/p>\n<p> Ekstrakt z chrz\u0105stki i kwasy omega 3 zapewniaj\u0105 regeneracj\u0119 mi\u0119\u015bni i przyczyniaj\u0105 si\u0119 do \u015bwietnej kondycji fizycznej.                            <\/p>\n<p> Probiotyki, inulina i witamina C wzmacniaj\u0105 odporno\u015b\u0107 zwierz\u0119cia i reguluj\u0105 prac\u0119 jelit.                            <\/p>\n<p> Ostropest plamisty zapobiega stanom zapalnym, poprawia metabolizm i wp\u0142ywa pozytywnie na regeneracj\u0119 w\u0105troby. Zio\u0142a i owoce dostarczaj\u0105 niezb\u0119dnych witamin i minera\u0142\u00f3w.                            <\/p>\n<p>SK\u0141AD                            <\/p>\n<p>m\u0105czka mi\u0119sna jagni\u0119ca (45%), ry\u017c (30%), t\u0142uszcz z kurczaka (konserwowany tokoferolami), suszone jab\u0142ka, olej z \u0142ososia (3%), naturalne aromaty, dro\u017cd\u017ce browarniane, hydrolizat muszli skorupiak\u00f3w (\u017ar\u00f3d\u0142o glukozaminy, 320 mg\/kg), ekstrakt z chrz\u0105stki (\u017ar\u00f3d\u0142o chondroityny, 190 mg\/kg), mannanooligosacharydy (180 mg\/kg), zio\u0142a i owoce (rozmaryn, go\u017adziki, owoce cytrusowe, kurkuma, 180 mg\/kg), fruktooligosacharydy (120 mg\/kg), Jukka Schidigera (120 mg\/kg), inulina (110 mg\/kg), ostropest plamisty (90 mg\/kg)                            <\/p>\n<p>SK\u0141ADNIKI OD\u017bYWCZE                            <\/p>\n<p>bia\u0142ko surowe 32%, zawarto\u015b\u0107 t\u0142uszczu 18%, wilgotno\u015b\u0107 10%, popi\u00f3\u0142 surowy 7,7%,\u00a0w\u0142\u00f3kno surowe 2,5%, wap\u0144 1,8%, fosfor 1,3%                            <\/p>\n<p>SPRAWD\u0179 INNE PRODUKTY\u00a0BRIT CARE PUPPY                            <\/p>\n<p>            Brit Care Puppy All Breed Lamb&amp;Rice 12Kg<\/p>\n<p>                    Zobacz<\/p>\n<p>            Brit Care Grain Free Puppy Salmon&amp;Potato 12Kg<\/p>\n<p>                    Zobacz<\/p>\n<p>Profilaktyka przez \u017cywienie &#8211; to g\u0142\u00f3wna zasada, kt\u00f3r\u0105 spe\u0142niaj\u0105 starannie skomponowane karmy Brit Care. Wiemy, \u017ce zwierz\u0119ta domowe s\u0105 w r\u00f3wnym stopniu jak my sami nara\u017cone na stres i powa\u017cne choroby, dlatego z mi\u0142o\u015bci do nich opracowali\u015bmy unikaln\u0105 receptur\u0119, opart\u0105 na wyselekcjonowanych sk\u0142adnikach. Wierzymy, \u017ce odpowiednia dieta ma ogromne znaczenie dla zdrowia i kondycji naszych czworono\u017cnych przyjaci\u00f3\u0142. St\u0105d w karmach Brit znajdziecie tylko to, co najlepsze: wysokiej jako\u015bci mi\u0119so, ryby, warzywa i owoce, zio\u0142a oraz sk\u0142adniki funkcjonalne.<\/p>\n<h2>Brit Care Puppy All Breed Lamb&amp;Rice 1Kg Brit<\/h2>\n<p>uk\u0142ad s\u0142oneczny kolorowanka, sentencje o przyja\u017ani, kolorowanki minionki, test asiunia joanna papuzi\u0144ska<\/p>\n<p>yyyyy<\/p>\n<p>&nbsp;<\/p>\n","protected":false},"excerpt":{"rendered":"<p>Brit Care Puppy Lamb&amp;Rice\u00a0\u00a0HIPOALERGICZNA FORMU\u0141A Z JAGNI\u0118CIN\u0104 I RY\u017bEM DLA SZCZENI\u0104T I M\u0141ODYCH PS\u00d3W ( 4 TYGODNIE &#8211; 12 MIESI\u0118CY) WSZYSTKICH RASChcesz aby Tw\u00f3j pies by\u0142 zawsze radosny i pe\u0142ny si\u0142 do zabawy? Starannie skompletowana karma z jagni\u0119cin\u0105 i ry\u017cem dla doros\u0142ych ps\u00f3w du\u017cych ras to pe\u0142nowarto\u015bciowy posi\u0142ek, kt\u00f3ry dostarczy Twojemu pupilowi niezb\u0119dnych witamin oraz [&hellip;]<\/p>\n","protected":false},"featured_media":3428,"comment_status":"closed","ping_status":"open","template":"","meta":[],"product_cat":[954,951],"product_tag":[745,609,595,577],"class_list":["post-3427","product","type-product","status-publish","has-post-thumbnail","hentry","product_cat-brit","product_cat-karmy-dla-psow","product_tag-prezent-dla-15-latki","product_tag-quiz-flagi-europy","product_tag-zagadki-dla-6-latka","product_tag-znaki-drogowe-test"],"_links":{"self":[{"href":"http:\/\/klubmamgdynia.pl\/index.php\/wp-json\/wp\/v2\/product\/3427","targetHints":{"allow":["GET"]}}],"collection":[{"href":"http:\/\/klubmamgdynia.pl\/index.php\/wp-json\/wp\/v2\/product"}],"about":[{"href":"http:\/\/klubmamgdynia.pl\/index.php\/wp-json\/wp\/v2\/types\/product"}],"replies":[{"embeddable":true,"href":"http:\/\/klubmamgdynia.pl\/index.php\/wp-json\/wp\/v2\/comments?post=3427"}],"wp:featuredmedia":[{"embeddable":true,"href":"http:\/\/klubmamgdynia.pl\/index.php\/wp-json\/wp\/v2\/media\/3428"}],"wp:attachment":[{"href":"http:\/\/klubmamgdynia.pl\/index.php\/wp-json\/wp\/v2\/media?parent=3427"}],"wp:term":[{"taxonomy":"product_cat","embeddable":true,"href":"http:\/\/klubmamgdynia.pl\/index.php\/wp-json\/wp\/v2\/product_cat?post=3427"},{"taxonomy":"product_tag","embeddable":true,"href":"http:\/\/klubmamgdynia.pl\/index.php\/wp-json\/wp\/v2\/product_tag?post=3427"}],"curies":[{"name":"wp","href":"https:\/\/api.w.org\/{rel}","templated":true}]}}