{"id":3429,"date":"2017-05-02T04:54:43","date_gmt":"2017-05-02T02:54:43","guid":{"rendered":"http:\/\/klubmamgdynia.pl\/index.php\/produkt\/akuku-podklad-ceratk-cienki-50-120-ala1001\/"},"modified":"2026-04-19T03:59:47","modified_gmt":"2026-04-19T01:59:47","slug":"akuku-podklad-ceratk-cienki-50-120-ala1001","status":"publish","type":"product","link":"http:\/\/klubmamgdynia.pl\/index.php\/produkt\/akuku-podklad-ceratk-cienki-50-120-ala1001\/","title":{"rendered":"Akuku Podk\u0142ad Ceratk. Cienki 50\/120 (Ala1001)"},"content":{"rendered":"<p>Podk\u0142ad z mi\u0119kkiej ceratki do u\u017cywania jako zabezpieczenie materaca. Idealny przy piel\u0119gnacji os\u00f3b ob\u0142o\u017cnie chorych. Przydatny przy chorobach przebiegaj\u0105cych z nietrzymaniem moczu. Nie zawiera ftalan\u00f3w. Do wielokrotnego u\u017cytku. My\u0107 w ciep\u0142ej wodzie z dodatkiem myd\u0142a. Ma zastosowanie jako ochraniacz na materac dla dzieci i doros\u0142ych oraz podk\u0142ad higieniczny pod prze\u015bcierad\u0142o.Cienki 50&#215;120 cmA1001<\/p>\n<h2>Akuku Podk\u0142ad Ceratk. Cienki 50\/120 (Ala1001) Akuku<\/h2>\n<p>kr\u00f3tkie czytanki dla dzieci do wydruku, cytat z ma\u0142ego ksi\u0119cia o przyja\u017ani, quiz znaki drogowe, minionki kolorowanka, prezent dla 1 latka, quizy \u015bwi\u0105teczne bo\u017ce narodzenie, flagi do druku, imi\u0119 pola, cukierku ty \u0142obuzie test, michalina, pole dyniowe pozna\u0144, lol kolorowanka, dyplomy do wydrukowania a4, karnawa\u0142 maska karnawa\u0142owa szablon, zaproszenia na urodziny do wydruku, historia andrzejek dla dzieci<\/p>\n<p>yyyyy<\/p>\n<p>&nbsp;<\/p>\n","protected":false},"excerpt":{"rendered":"<p>Podk\u0142ad z mi\u0119kkiej ceratki do u\u017cywania jako zabezpieczenie materaca. Idealny przy piel\u0119gnacji os\u00f3b ob\u0142o\u017cnie chorych. Przydatny przy chorobach przebiegaj\u0105cych z nietrzymaniem moczu. Nie zawiera ftalan\u00f3w. Do wielokrotnego u\u017cytku. My\u0107 w ciep\u0142ej wodzie z dodatkiem myd\u0142a. Ma zastosowanie jako ochraniacz na materac dla dzieci i doros\u0142ych oraz podk\u0142ad higieniczny pod prze\u015bcierad\u0142o.Cienki 50&#215;120 cmA1001 Akuku Podk\u0142ad Ceratk. [&hellip;]<\/p>\n","protected":false},"featured_media":3430,"comment_status":"closed","ping_status":"open","template":"","meta":[],"product_cat":[250,958],"product_tag":[644,870,588,601,649],"class_list":["post-3429","product","type-product","status-publish","has-post-thumbnail","hentry","product_cat-akuku","product_cat-komody-kapielowe-wanienki-i-przewijaki","product_tag-mia","product_tag-prezent-dla-chlopca-na-roczek","product_tag-wzruszajace-slowa-dla-przyjaciela","product_tag-zagadki-co-to-jest","product_tag-zagadki-dla-nastolatkow"],"_links":{"self":[{"href":"http:\/\/klubmamgdynia.pl\/index.php\/wp-json\/wp\/v2\/product\/3429","targetHints":{"allow":["GET"]}}],"collection":[{"href":"http:\/\/klubmamgdynia.pl\/index.php\/wp-json\/wp\/v2\/product"}],"about":[{"href":"http:\/\/klubmamgdynia.pl\/index.php\/wp-json\/wp\/v2\/types\/product"}],"replies":[{"embeddable":true,"href":"http:\/\/klubmamgdynia.pl\/index.php\/wp-json\/wp\/v2\/comments?post=3429"}],"wp:featuredmedia":[{"embeddable":true,"href":"http:\/\/klubmamgdynia.pl\/index.php\/wp-json\/wp\/v2\/media\/3430"}],"wp:attachment":[{"href":"http:\/\/klubmamgdynia.pl\/index.php\/wp-json\/wp\/v2\/media?parent=3429"}],"wp:term":[{"taxonomy":"product_cat","embeddable":true,"href":"http:\/\/klubmamgdynia.pl\/index.php\/wp-json\/wp\/v2\/product_cat?post=3429"},{"taxonomy":"product_tag","embeddable":true,"href":"http:\/\/klubmamgdynia.pl\/index.php\/wp-json\/wp\/v2\/product_tag?post=3429"}],"curies":[{"name":"wp","href":"https:\/\/api.w.org\/{rel}","templated":true}]}}