{"id":343,"date":"2018-02-08T05:09:59","date_gmt":"2018-02-08T04:09:59","guid":{"rendered":"http:\/\/klubmamgdynia.pl\/index.php\/produkt\/silverlit-pokibot-robot-kieszonkowy-pomaranczowy-88529\/"},"modified":"2026-05-17T22:05:50","modified_gmt":"2026-05-17T20:05:50","slug":"silverlit-pokibot-robot-kieszonkowy-pomaranczowy-88529","status":"publish","type":"product","link":"http:\/\/klubmamgdynia.pl\/index.php\/produkt\/silverlit-pokibot-robot-kieszonkowy-pomaranczowy-88529\/","title":{"rendered":"Silverlit Pokibot Robot Kieszonkowy Pomara\u0144czowy 88529"},"content":{"rendered":"<p>Robot POKIBOT innowacyjna zabawka, kt\u00f3ra pomimo niewielkiego rozmiaru \u0142\u0105czy w sobie funkcje du\u017cego robota! Na g\u0142owie robota znajduje si\u0119 przycisk REC, a jego naci\u015bni\u0119cie aktywuje funkcj\u0119 nagrywania. Mo\u017cemy nagra\u0107 a\u017c 3 kr\u00f3tkie wiadomo\u015bci g\u0142osowe (ka\u017cda o d\u0142ugo\u015bci do 3 sekund), a robot powt\u00f3rzy je na 3 sposoby, zmieniaj\u0105c przy tym g\u0142os. Gdy raz kla\u015bniemy, zabawka powt\u00f3rzy nagrany d\u017awi\u0119k, gdy kla\u015bniemy wi\u0119cej ni\u017c raz, robocik pojedzie do przodu przy d\u017awi\u0119kach muzyki i rozpocznie sw\u00f3j roboci taniec. Pokibot zna a\u017c 3 r\u00f3\u017cne ta\u0144ce, a ka\u017cdemu z nich towarzyszy inna muzyka. Robotem mo\u017cna sterowa\u0107 za pomoc\u0105 w\u0142asnego telefonu. W tym celu nale\u017cy pobra\u0107 specjaln\u0105 aplikacj\u0119, a po jej uruchomieniu wybra\u0107 odpowiedni model robota. Zabawka przeznaczona dla dzieci od 3 roku \u017cycia. Brak baterii w zestawie. Wymagane 1 x 1,5V &#8222;AAA&#8221;<\/p>\n<h2>Silverlit Pokibot Robot Kieszonkowy Pomara\u0144czowy 88529 Silverlit<\/h2>\n<p>fajne rzeczy dla nastolatk\u00f3w, ja\u015bmina imi\u0119, pan twardowski na ksi\u0119\u017cycu wiersz, kolorowanki dla dziewczynek do druku, pomys\u0142y na prezent dla nastolatk\u00f3w, cytaty o przyjazni, maski karnawa\u0142owe do druku, quiz o dinozaurach, zagadki wielkanocne przedszkole, test opowie\u015b\u0107 wigilijna, prezent dla nastolatk\u00f3w ch\u0142opc\u00f3w, wiersz na wielkanocnym stole, imie lilianna, prezent na roczek dla chrze\u015bniaka, imie leon<\/p>\n<p>yyyyy<\/p>\n<p>&nbsp;<\/p>\n","protected":false},"excerpt":{"rendered":"<p>Robot POKIBOT innowacyjna zabawka, kt\u00f3ra pomimo niewielkiego rozmiaru \u0142\u0105czy w sobie funkcje du\u017cego robota! Na g\u0142owie robota znajduje si\u0119 przycisk REC, a jego naci\u015bni\u0119cie aktywuje funkcj\u0119 nagrywania. Mo\u017cemy nagra\u0107 a\u017c 3 kr\u00f3tkie wiadomo\u015bci g\u0142osowe (ka\u017cda o d\u0142ugo\u015bci do 3 sekund), a robot powt\u00f3rzy je na 3 sposoby, zmieniaj\u0105c przy tym g\u0142os. Gdy raz kla\u015bniemy, zabawka [&hellip;]<\/p>\n","protected":false},"featured_media":344,"comment_status":"closed","ping_status":"open","template":"","meta":[],"product_cat":[146,39],"product_tag":[871,829,641,767],"class_list":["post-343","product","type-product","status-publish","has-post-thumbnail","hentry","product_cat-silverlit","product_cat-zabawki-interaktywne","product_tag-bajka-o-smoku-wawelskim","product_tag-bajki-do-czytania-na-dobranoc","product_tag-trudne-zagadki-logiczne","product_tag-zaproszenia-urodzinowe-do-druku"],"_links":{"self":[{"href":"http:\/\/klubmamgdynia.pl\/index.php\/wp-json\/wp\/v2\/product\/343","targetHints":{"allow":["GET"]}}],"collection":[{"href":"http:\/\/klubmamgdynia.pl\/index.php\/wp-json\/wp\/v2\/product"}],"about":[{"href":"http:\/\/klubmamgdynia.pl\/index.php\/wp-json\/wp\/v2\/types\/product"}],"replies":[{"embeddable":true,"href":"http:\/\/klubmamgdynia.pl\/index.php\/wp-json\/wp\/v2\/comments?post=343"}],"wp:featuredmedia":[{"embeddable":true,"href":"http:\/\/klubmamgdynia.pl\/index.php\/wp-json\/wp\/v2\/media\/344"}],"wp:attachment":[{"href":"http:\/\/klubmamgdynia.pl\/index.php\/wp-json\/wp\/v2\/media?parent=343"}],"wp:term":[{"taxonomy":"product_cat","embeddable":true,"href":"http:\/\/klubmamgdynia.pl\/index.php\/wp-json\/wp\/v2\/product_cat?post=343"},{"taxonomy":"product_tag","embeddable":true,"href":"http:\/\/klubmamgdynia.pl\/index.php\/wp-json\/wp\/v2\/product_tag?post=343"}],"curies":[{"name":"wp","href":"https:\/\/api.w.org\/{rel}","templated":true}]}}