{"id":3431,"date":"2020-09-24T03:52:18","date_gmt":"2020-09-24T01:52:18","guid":{"rendered":"http:\/\/klubmamgdynia.pl\/index.php\/produkt\/schardt-zestaw-ekonomiczny-maxx-boathouse-2-czesciowy-r-70x140cm\/"},"modified":"2026-04-05T10:13:08","modified_gmt":"2026-04-05T08:13:08","slug":"schardt-zestaw-ekonomiczny-maxx-boathouse-2-czesciowy-r-70x140cm","status":"publish","type":"product","link":"http:\/\/klubmamgdynia.pl\/index.php\/produkt\/schardt-zestaw-ekonomiczny-maxx-boathouse-2-czesciowy-r-70x140cm\/","title":{"rendered":"Schardt Zestaw Ekonomiczny Maxx Boathouse 2 Cz\u0119\u015bciowy R. 70X140Cm"},"content":{"rendered":"<p>szczeg\u00f3\u0142y dotycz\u0105ce produktu: Made in Germany Schardt jako zwyci\u0119zca testu zr\u00f3wnowa\u017conego zaanga\u017cowania \u0141\u00f3\u017ceczko kombi Rama listwowa 3-krotna z regulacj\u0105 wysoko\u015bci 3 szczeble \u015blizgowe Kabriolet zamieniony na Junior \u0142\u00f3\u017cko \u0141\u0105cznie z konwersj\u0105 stron Zmiana jednostki 4 szuflady aden z prowadnicami bocznymi push-to-open i bardzo mocnymi prowadnicami bocznymi 2 drzwi z systemem Soft-Close-System 2 p\u00f3\u0142ki Modu\u0142 wymiany jest zdejmowalny Szczeg\u00f3\u0142y techniczne: \u0141\u00f3\u017ceczko kombi Kolor: bia\u0142y \/ szary Materia\u0142: p\u0142yta wi\u00f3rowa, powlekana melamin\u0105 G\u0142owica i stopa materia\u0142u w kolorze bia\u0142ym: MDF, lakierowany Pr\u0119ty materia\u0142owe: lity buk, lakierowany Powierzchnia le\u017c\u0105ca: szeroko\u015b\u0107 x d\u0142ugo\u015b\u0107 70 x 140 cm Wymiary: szeroko\u015b\u0107 x d\u0142ugo\u015b\u0107 x wysoko\u015b\u0107 77 x 148 x 83 cm Sukienka Kolor: bia\u0142y \/ szary Materia\u0142 korpusu i szuflady aden : P\u0142yta wi\u00f3rowa, pokryta melamin\u0105 Drzwi materia\u0142owe: MDF, lakierowane Wymiary bez zmiany jednostki: szeroko\u015b\u0107 x g\u0142\u0119boko\u015b\u0107 x wysoko\u015b\u0107 126 x 53 x 92 cm Wymiary z modu\u0142em wymiany: szeroko\u015b\u0107 x g\u0142\u0119boko\u015b\u0107 x wysoko\u015b\u0107 126 x 72 x 100 cm Zmiana wysoko\u015bci: 92 cm Zmiana jednostki Kolor: bia\u0142y Materia\u0142: p\u0142yta wi\u00f3rowa, powlekana melamin\u0105 Powierzchnia owijania: szeroko\u015b\u0107 x g\u0142\u0119boko\u015b\u0107 80 x 72 cm Do\u0142\u0105czone do dostawy: \u0141\u00f3\u017ceczko kombi Rama listwowa Strony konwersji Sukienka Zmiana jednostki Uwaga: Materac i dekoracje nie s\u0105 zawarte w dostawie.<\/p>\n<h2>Schardt Zestaw Ekonomiczny Maxx Boathouse 2 Cz\u0119\u015bciowy R. 70X140Cm Schardt<\/h2>\n<p>bajki do czytania na dobranoc, quiz o \u015bwi\u0119tach bo\u017cego narodzenia, kolorowanki super zings, myszka minnie kolorowanka, zagadki trudne, cytaty z ma\u0142ego ksi\u0119cia, ach \u015bpij kochanie tekst, zabawka na roczek dla ch\u0142opca, zagadki matematyczne logiczne, znaczenie imiona kinga, zabawki na roczek dla dziewczynki, quiz flagi \u015bwiata, \u0142amig\u0142\u00f3wki dla dzieci do druku, prezent dla 16 latki, wiersz o marzannie, okolice wroc\u0142awia atrakcje, ubieranki do druku, nauka zegara, \u015bwinka peppa bajka do czytania, kolorowanki lato, bajka terapeutyczna o dokuczaniu<\/p>\n<p>yyyyy<\/p>\n<p>&nbsp;<\/p>\n","protected":false},"excerpt":{"rendered":"<p>szczeg\u00f3\u0142y dotycz\u0105ce produktu: Made in Germany Schardt jako zwyci\u0119zca testu zr\u00f3wnowa\u017conego zaanga\u017cowania \u0141\u00f3\u017ceczko kombi Rama listwowa 3-krotna z regulacj\u0105 wysoko\u015bci 3 szczeble \u015blizgowe Kabriolet zamieniony na Junior \u0142\u00f3\u017cko \u0141\u0105cznie z konwersj\u0105 stron Zmiana jednostki 4 szuflady aden z prowadnicami bocznymi push-to-open i bardzo mocnymi prowadnicami bocznymi 2 drzwi z systemem Soft-Close-System 2 p\u00f3\u0142ki Modu\u0142 wymiany [&hellip;]<\/p>\n","protected":false},"featured_media":3432,"comment_status":"closed","ping_status":"open","template":"","meta":[],"product_cat":[958,1071],"product_tag":[837,821,646,616,869,779],"class_list":["post-3431","product","type-product","status-publish","has-post-thumbnail","hentry","product_cat-komody-kapielowe-wanienki-i-przewijaki","product_cat-schardt","product_tag-cicha-noc-po-angielsku","product_tag-marianna","product_tag-prezent-na-pierwsze-urodziny","product_tag-test-mikolajek-25-pytan","product_tag-zagadki-na-logike","product_tag-zarty-na-prima-aprilis-w-domu"],"_links":{"self":[{"href":"http:\/\/klubmamgdynia.pl\/index.php\/wp-json\/wp\/v2\/product\/3431","targetHints":{"allow":["GET"]}}],"collection":[{"href":"http:\/\/klubmamgdynia.pl\/index.php\/wp-json\/wp\/v2\/product"}],"about":[{"href":"http:\/\/klubmamgdynia.pl\/index.php\/wp-json\/wp\/v2\/types\/product"}],"replies":[{"embeddable":true,"href":"http:\/\/klubmamgdynia.pl\/index.php\/wp-json\/wp\/v2\/comments?post=3431"}],"wp:featuredmedia":[{"embeddable":true,"href":"http:\/\/klubmamgdynia.pl\/index.php\/wp-json\/wp\/v2\/media\/3432"}],"wp:attachment":[{"href":"http:\/\/klubmamgdynia.pl\/index.php\/wp-json\/wp\/v2\/media?parent=3431"}],"wp:term":[{"taxonomy":"product_cat","embeddable":true,"href":"http:\/\/klubmamgdynia.pl\/index.php\/wp-json\/wp\/v2\/product_cat?post=3431"},{"taxonomy":"product_tag","embeddable":true,"href":"http:\/\/klubmamgdynia.pl\/index.php\/wp-json\/wp\/v2\/product_tag?post=3431"}],"curies":[{"name":"wp","href":"https:\/\/api.w.org\/{rel}","templated":true}]}}