{"id":3433,"date":"2012-07-20T14:56:07","date_gmt":"2012-07-20T12:56:07","guid":{"rendered":"http:\/\/klubmamgdynia.pl\/index.php\/produkt\/ses-creative-ksiezniczka-podkladka-do-koralikow-prasowanek\/"},"modified":"2026-04-27T06:58:08","modified_gmt":"2026-04-27T04:58:08","slug":"ses-creative-ksiezniczka-podkladka-do-koralikow-prasowanek","status":"publish","type":"product","link":"http:\/\/klubmamgdynia.pl\/index.php\/produkt\/ses-creative-ksiezniczka-podkladka-do-koralikow-prasowanek\/","title":{"rendered":"Ses Creative Ksi\u0119\u017cniczka Podk\u0142adka Do Koralik\u00f3w Prasowanek"},"content":{"rendered":"<p>Ksi\u0119\u017cniczka &#8211; podk\u0142adka do koralik\u00f3w prasowanekKod paskowy: 8710341060978Rok wydania: 2018Kod wydawcy: 44953Oprawa: BrakFormat: 10.0&#215;17.0cmG\u0142\u0119boko\u015b\u0107 (mm): 5Waga: 0.03Dzia\u0142\/Kategorie: Zabawki \/ Zabawki kreatywne \/ MozaikiJ\u0119zyki: polskiP\u0142e\u0107: ch\u0142opiec, dziewczynkaGrupa towarowa: Zabawki<\/p>\n<h2>Ses Creative Ksi\u0119\u017cniczka Podk\u0142adka Do Koralik\u00f3w Prasowanek Ses Creative<\/h2>\n<p>regina, czapka g\u00f3rnika szablon chomikuj, laurka dla mamy rysunek, wzruszaj\u0105ce s\u0142owa dla przyjaciela, wakacje kolorowanka, super zings kolorowanka, kolorowanki ninjago, minionki kolorowanka, opisy do zdj\u0119\u0107 dziecka, ju\u017c blisko kol\u0119da tekst, quiz narnia lew czarownica i stara szafa, z\u0142ote my\u015bli o rodzinie<\/p>\n<p>yyyyy<\/p>\n<p>&nbsp;<\/p>\n","protected":false},"excerpt":{"rendered":"<p>Ksi\u0119\u017cniczka &#8211; podk\u0142adka do koralik\u00f3w prasowanekKod paskowy: 8710341060978Rok wydania: 2018Kod wydawcy: 44953Oprawa: BrakFormat: 10.0&#215;17.0cmG\u0142\u0119boko\u015b\u0107 (mm): 5Waga: 0.03Dzia\u0142\/Kategorie: Zabawki \/ Zabawki kreatywne \/ MozaikiJ\u0119zyki: polskiP\u0142e\u0107: ch\u0142opiec, dziewczynkaGrupa towarowa: Zabawki Ses Creative Ksi\u0119\u017cniczka Podk\u0142adka Do Koralik\u00f3w Prasowanek Ses Creative regina, czapka g\u00f3rnika szablon chomikuj, laurka dla mamy rysunek, wzruszaj\u0105ce s\u0142owa dla przyjaciela, wakacje kolorowanka, super zings kolorowanka, [&hellip;]<\/p>\n","protected":false},"featured_media":3434,"comment_status":"closed","ping_status":"open","template":"","meta":[],"product_cat":[1072,21],"product_tag":[833,829,776,806],"class_list":["post-3433","product","type-product","status-publish","has-post-thumbnail","hentry","product_cat-ses-creative","product_cat-zabawki-plastyczne","product_tag-bajki-dla-dzieci-do-czytania","product_tag-bajki-do-czytania-na-dobranoc","product_tag-dobrej-nocy","product_tag-prezent-dla-dziecka-na-roczek"],"_links":{"self":[{"href":"http:\/\/klubmamgdynia.pl\/index.php\/wp-json\/wp\/v2\/product\/3433","targetHints":{"allow":["GET"]}}],"collection":[{"href":"http:\/\/klubmamgdynia.pl\/index.php\/wp-json\/wp\/v2\/product"}],"about":[{"href":"http:\/\/klubmamgdynia.pl\/index.php\/wp-json\/wp\/v2\/types\/product"}],"replies":[{"embeddable":true,"href":"http:\/\/klubmamgdynia.pl\/index.php\/wp-json\/wp\/v2\/comments?post=3433"}],"wp:featuredmedia":[{"embeddable":true,"href":"http:\/\/klubmamgdynia.pl\/index.php\/wp-json\/wp\/v2\/media\/3434"}],"wp:attachment":[{"href":"http:\/\/klubmamgdynia.pl\/index.php\/wp-json\/wp\/v2\/media?parent=3433"}],"wp:term":[{"taxonomy":"product_cat","embeddable":true,"href":"http:\/\/klubmamgdynia.pl\/index.php\/wp-json\/wp\/v2\/product_cat?post=3433"},{"taxonomy":"product_tag","embeddable":true,"href":"http:\/\/klubmamgdynia.pl\/index.php\/wp-json\/wp\/v2\/product_tag?post=3433"}],"curies":[{"name":"wp","href":"https:\/\/api.w.org\/{rel}","templated":true}]}}