{"id":3435,"date":"2017-04-15T01:46:08","date_gmt":"2017-04-14T23:46:08","guid":{"rendered":"http:\/\/klubmamgdynia.pl\/index.php\/produkt\/levenhuk-super-mikroskop-rainbow-2l-plus-amethyst-69117\/"},"modified":"2026-04-29T08:19:50","modified_gmt":"2026-04-29T06:19:50","slug":"levenhuk-super-mikroskop-rainbow-2l-plus-amethyst-69117","status":"publish","type":"product","link":"http:\/\/klubmamgdynia.pl\/index.php\/produkt\/levenhuk-super-mikroskop-rainbow-2l-plus-amethyst-69117\/","title":{"rendered":"Levenhuk Super Mikroskop Rainbow 2L Plus Amethyst (69117)"},"content":{"rendered":"<p>Mikroskop Levenhuk Rainbow 2L PLUS pozwala na badanie ro\u015blin domowych i kamieni, obserwowanie \u017cycia mikroorganizm\u00f3w oraz prowadzenie bada\u0144 laboratoryjnych.W zestawie znajduje si\u0119 wszystko, czego potrzebuje pocz\u0105tkuj\u0105cy biolog \u2013 od gotowych preparat\u00f3w mikroskopowych po zestaw do hodowli rak\u00f3w.Jasny, pomara\u0144czowy kolor sprawia, \u017ce mikroskop wyr\u00f3\u017cnia si\u0119 na tle standardowych modeli \u2013 jest wspania\u0142ym prezentem dla dziecka lub studenta.Uk\u0142ad optyczny wysokiej jako\u015bciUk\u0142ad optyczny jest wykonany z wysokiej jako\u015bci szk\u0142a optycznego.Szk\u0142o jest wysoce przezroczyste, a specjalna wielowarstwowa pow\u0142oka przeciwodblaskowa zapewnia lepsz\u0105 przepuszczalno\u015b\u0107 \u015bwiat\u0142a.Dzi\u0119ki temu osi\u0105gany jest wyra\u017any i szczeg\u00f3\u0142owy obraz o wysokim kontra\u015bcie.Obrotowa g\u0142owica wyposa\u017cona jest w trzy obiektywy zapewniaj\u0105ce powi\u0119kszenia 64x, 160x oraz 640x.Najmocniejszy obiektyw (40x) posiada specjalny mechanizm spr\u0119\u017cynowy, kt\u00f3ry zapobiega uszkodzeniu uk\u0142adu optycznego, gdy u\u017cytkownik przypadkowo dotknie szkie\u0142ka nakrywkowego soczewk\u0105.Dwa \u017ar\u00f3d\u0142a \u015bwiat\u0142aMikroskop wyposa\u017cony jest w dwa \u017ar\u00f3d\u0142a o\u015bwietlenia.Do badania przezroczystych pr\u00f3bek (ciecze i fragmenty tkanek) nale\u017cy u\u017cy\u0107 dolnego o\u015bwietlenia.G\u00f3rne o\u015bwietlenie pozwala na badanie r\u00f3\u017cnego rodzaju nieprzezroczystych obiekt\u00f3w; mo\u017cna na przyk\u0142ad dostrzec najmniejsze, niewidoczne go\u0142ym okiem rysy na powierzchni monety lub dok\u0142adnie zbada\u0107 banknoty.P\u00f3\u0142przezroczyste pr\u00f3bki mo\u017cna bada\u0107 przy u\u017cyciu obu \u017ar\u00f3de\u0142 o\u015bwietlenia jednocze\u015bnie.Poziom jasno\u015bci mo\u017cna regulowa\u0107, dzi\u0119ki czemu mo\u017cna j\u0105 dopasowa\u0107 do poszczeg\u00f3lnych pr\u00f3bek.Wytrzyma\u0142a i wygodna konstrukcjaKorpus wykonany jest z metalu \u2013 mikroskop wyr\u00f3\u017cnia si\u0119 wysok\u0105 wytrzyma\u0142o\u015bci\u0105, dzi\u0119ki czemu mo\u017ce s\u0142u\u017cy\u0107 u\u017cytkownikowi przez wiele lat.G\u0142owica monokularowa nachylona jest pod k\u0105tem 45 stopni, co pozwala na wygodne prowadzenie obserwacji.G\u0142owica obraca si\u0119 wok\u00f3\u0142 w\u0142asnej osi w zakresie 360\u00b0.Bardzo przydaje si\u0119 to podczas pracy grupowej: nie trzeba przesuwa\u0107 przyrz\u0105du, wystarczy obr\u00f3ci\u0107 g\u0142owic\u0119.Do zasilania mikroskopu mo\u017cna u\u017cy\u0107 przewodu lub baterii.Uwaga: Prosimy pami\u0119ta\u0107, \u017ce napi\u0119cie sieciowe w wi\u0119kszo\u015bci pa\u0144stw europejskich wynosi 220 \u2013 240 V. Je\u015bli urz\u0105dzenie ma by\u0107 u\u017cywane w pa\u0144stwie, w kt\u00f3rym napi\u0119cie sieciowe ma inn\u0105 warto\u015b\u0107, nale\u017cy koniecznie pami\u0119ta\u0107 o stosowaniu przetwornika.Zestaw do eksperyment\u00f3wZestaw do eksperyment\u00f3w Levenhuk K50 zawiera wszystko, co jest potrzebne do przeprowadzenia w\u0142asnych eksperyment\u00f3w.Poza gotowymi preparatami i narz\u0119dziami do przygotowywania w\u0142asnych preparat\u00f3w w zestawie znajduje si\u0119 przewodnik zawieraj\u0105cy informacje na temat konstrukcji mikroskopu i szczeg\u00f3\u0142owe opisy r\u00f3\u017cnych eksperyment\u00f3w.W\u0142a\u015bciwo\u015bci:Mikroskop biologiczny z powi\u0119kszeniem 64x\u2013640xDost\u0119pny w pi\u0119ciu wyrazistych kolorachSolidny i wytrzyma\u0142y korpus wykonany z metaluG\u00f3rne i dolne o\u015bwietlenie LEDDo\u0142\u0105czony jest zestaw do eksperyment\u00f3wZawarto\u015b\u0107 zestawu:MikroskopObiektywy: 4x, 10x, 40xsOkular: WF16xStolik z zaciskamiObrotowa diafragmaKondensorWbudowane g\u00f3rne i dolne o\u015bwietlenie LEDZasilacz sieciowy3 baterie AAZestaw do eksperyment\u00f3w Levenhuk K50Instrukcja obs\u0142ugi i karta gwarancyjnaZawarto\u015b\u0107 zestawu do eksperyment\u00f3w Levenhuk K50:Poradnik \u201eNiezwyk\u0142y mikroskop. Badanie mikrokosmosu\u201dP\u0119setaWyl\u0119garnia s\u0142onaczk\u00f3wMikrotomFiolka ze smo\u0142\u0105 wykorzystywan\u0105 do przygotowywania pr\u00f3bekFiolka z sol\u0105 morsk\u0105Fiolka ze s\u0142onaczkami (organizm morski wykorzystywany jako pokarm dla ryb)5 szkie\u0142ekPipetaOslone PrzeciwpylowaWYMIARY:opakowania: 22,5 \u00d7 14,5 \u00d7 36,5 cm.<\/p>\n<h2>Levenhuk Super Mikroskop Rainbow 2L Plus Amethyst (69117) <\/h2>\n<p>miko\u0142ajki 2021 warszawa, filmy animowane o \u015bwi\u0119tach, opisy o dzieciach, \u015bwi\u0105teczny film dla dzieci, znajd\u017a r\u00f3\u017cnice do druku, miko\u0142ajek &#8211; test z odpowiedziami, kolorowanki do druku kotki<\/p>\n<p>yyyyy<\/p>\n<p>&nbsp;<\/p>\n","protected":false},"excerpt":{"rendered":"<p>Mikroskop Levenhuk Rainbow 2L PLUS pozwala na badanie ro\u015blin domowych i kamieni, obserwowanie \u017cycia mikroorganizm\u00f3w oraz prowadzenie bada\u0144 laboratoryjnych.W zestawie znajduje si\u0119 wszystko, czego potrzebuje pocz\u0105tkuj\u0105cy biolog \u2013 od gotowych preparat\u00f3w mikroskopowych po zestaw do hodowli rak\u00f3w.Jasny, pomara\u0144czowy kolor sprawia, \u017ce mikroskop wyr\u00f3\u017cnia si\u0119 na tle standardowych modeli \u2013 jest wspania\u0142ym prezentem dla dziecka lub [&hellip;]<\/p>\n","protected":false},"featured_media":3436,"comment_status":"closed","ping_status":"open","template":"","meta":[],"product_cat":[72],"product_tag":[668,829,638],"class_list":["post-3435","product","type-product","status-publish","has-post-thumbnail","hentry","product_cat-mali-naukowcy","product_tag-atrakcje-dla-dzieci-wroclaw","product_tag-bajki-do-czytania-na-dobranoc","product_tag-miastodzieci"],"_links":{"self":[{"href":"http:\/\/klubmamgdynia.pl\/index.php\/wp-json\/wp\/v2\/product\/3435","targetHints":{"allow":["GET"]}}],"collection":[{"href":"http:\/\/klubmamgdynia.pl\/index.php\/wp-json\/wp\/v2\/product"}],"about":[{"href":"http:\/\/klubmamgdynia.pl\/index.php\/wp-json\/wp\/v2\/types\/product"}],"replies":[{"embeddable":true,"href":"http:\/\/klubmamgdynia.pl\/index.php\/wp-json\/wp\/v2\/comments?post=3435"}],"wp:featuredmedia":[{"embeddable":true,"href":"http:\/\/klubmamgdynia.pl\/index.php\/wp-json\/wp\/v2\/media\/3436"}],"wp:attachment":[{"href":"http:\/\/klubmamgdynia.pl\/index.php\/wp-json\/wp\/v2\/media?parent=3435"}],"wp:term":[{"taxonomy":"product_cat","embeddable":true,"href":"http:\/\/klubmamgdynia.pl\/index.php\/wp-json\/wp\/v2\/product_cat?post=3435"},{"taxonomy":"product_tag","embeddable":true,"href":"http:\/\/klubmamgdynia.pl\/index.php\/wp-json\/wp\/v2\/product_tag?post=3435"}],"curies":[{"name":"wp","href":"https:\/\/api.w.org\/{rel}","templated":true}]}}