{"id":3437,"date":"2015-09-10T07:11:30","date_gmt":"2015-09-10T05:11:30","guid":{"rendered":"http:\/\/klubmamgdynia.pl\/index.php\/produkt\/b-box-gryzak-lisek-roz\/"},"modified":"2026-05-01T07:18:57","modified_gmt":"2026-05-01T05:18:57","slug":"b-box-gryzak-lisek-roz","status":"publish","type":"product","link":"http:\/\/klubmamgdynia.pl\/index.php\/produkt\/b-box-gryzak-lisek-roz\/","title":{"rendered":"B.Box Gryzak Lisek R\u00f3\u017c"},"content":{"rendered":"<h2>B.Box Gryzak Lisek R\u00f3\u017c b.box<\/h2>\n<p>zagadki o bo\u017cym narodzeniu, kolorowanki, jesienne zagadki, kolorowanki do druku kotki, kolorowanki lol, lato lato lato czeka tekst, zagadki o zimie, ba\u0142wanek do druku, atrakcje dla nastolatk\u00f3w, zagadki z odpowiedziami \u015bmieszne, lol surprise kolorowanka, sonia imi\u0119, zagadki typu co to jest, lol kolorowanki do druku, fajne rzeczy dla nastolatk\u00f3w, bajki na dobranoc<\/p>\n<p>yyyyy<\/p>\n<p>&nbsp;<\/p>\n","protected":false},"excerpt":{"rendered":"<p>B.Box Gryzak Lisek R\u00f3\u017c b.box zagadki o bo\u017cym narodzeniu, kolorowanki, jesienne zagadki, kolorowanki do druku kotki, kolorowanki lol, lato lato lato czeka tekst, zagadki o zimie, ba\u0142wanek do druku, atrakcje dla nastolatk\u00f3w, zagadki z odpowiedziami \u015bmieszne, lol surprise kolorowanka, sonia imi\u0119, zagadki typu co to jest, lol kolorowanki do druku, fajne rzeczy dla nastolatk\u00f3w, bajki [&hellip;]<\/p>\n","protected":false},"featured_media":3438,"comment_status":"closed","ping_status":"open","template":"","meta":[],"product_cat":[1073,63],"product_tag":[696,841,591,587],"class_list":["post-3437","product","type-product","status-publish","has-post-thumbnail","hentry","product_cat-b-box","product_cat-grzechotki-i-gryzaki","product_tag-film-rodzinny-o-swietach","product_tag-quiz-o-flagach","product_tag-quiz-o-minecraft","product_tag-skalne-miasto"],"_links":{"self":[{"href":"http:\/\/klubmamgdynia.pl\/index.php\/wp-json\/wp\/v2\/product\/3437","targetHints":{"allow":["GET"]}}],"collection":[{"href":"http:\/\/klubmamgdynia.pl\/index.php\/wp-json\/wp\/v2\/product"}],"about":[{"href":"http:\/\/klubmamgdynia.pl\/index.php\/wp-json\/wp\/v2\/types\/product"}],"replies":[{"embeddable":true,"href":"http:\/\/klubmamgdynia.pl\/index.php\/wp-json\/wp\/v2\/comments?post=3437"}],"wp:featuredmedia":[{"embeddable":true,"href":"http:\/\/klubmamgdynia.pl\/index.php\/wp-json\/wp\/v2\/media\/3438"}],"wp:attachment":[{"href":"http:\/\/klubmamgdynia.pl\/index.php\/wp-json\/wp\/v2\/media?parent=3437"}],"wp:term":[{"taxonomy":"product_cat","embeddable":true,"href":"http:\/\/klubmamgdynia.pl\/index.php\/wp-json\/wp\/v2\/product_cat?post=3437"},{"taxonomy":"product_tag","embeddable":true,"href":"http:\/\/klubmamgdynia.pl\/index.php\/wp-json\/wp\/v2\/product_tag?post=3437"}],"curies":[{"name":"wp","href":"https:\/\/api.w.org\/{rel}","templated":true}]}}