{"id":3439,"date":"2019-05-05T02:06:05","date_gmt":"2019-05-05T00:06:05","guid":{"rendered":"http:\/\/klubmamgdynia.pl\/index.php\/produkt\/b-box-zestaw-bidon-ze-slomka-240ml-morski-slomki-zapasowe-i-szczoteczka-do-bidonu\/"},"modified":"2026-04-12T12:41:15","modified_gmt":"2026-04-12T10:41:15","slug":"b-box-zestaw-bidon-ze-slomka-240ml-morski-slomki-zapasowe-i-szczoteczka-do-bidonu","status":"publish","type":"product","link":"http:\/\/klubmamgdynia.pl\/index.php\/produkt\/b-box-zestaw-bidon-ze-slomka-240ml-morski-slomki-zapasowe-i-szczoteczka-do-bidonu\/","title":{"rendered":"B.Box Zestaw Bidon Ze S\u0142omk\u0105 240Ml Morski + S\u0142omki Zapasowe I Szczoteczka Do Bidonu"},"content":{"rendered":"<p>Zestaw bidon ze s\u0142omk\u0105 240 ml, morski, b.box + S\u0142omki zapasowe i szczoteczka do bidonu 2 szt., b.boxInnowacyjny bidon niekapek b.box z obci\u0105\u017con\u0105 s\u0142omk\u0105 &#8222;pod\u0105\u017caj\u0105c\u0105&#8221; za p\u0142ynem. Jego pojemno\u015b\u0107 i rozwi\u0105zania &#8222;techniczne&#8221; czyni\u0105 z niego praktyczny pierwszy kubek dla dziecka.W\u0142a\u015bciwo\u015bci produktu:posiada obci\u0105\u017con\u0105 s\u0142omk\u0119, kt\u00f3ra porusza si\u0119 wraz z p\u0142ynem niezale\u017cnie od k\u0105ta nachylenia;zapewnia mo\u017cliwo\u015b\u0107 picia bez wzgl\u0119du na k\u0105t pod jakim dziecko trzyma kube..<\/p>\n<h2>B.Box Zestaw Bidon Ze S\u0142omk\u0105 240Ml Morski + S\u0142omki Zapasowe I Szczoteczka Do Bidonu b.box<\/h2>\n<p>psi patrol do druku, wiosna zagadki s\u0142owne, co kupi\u0107 nastolatkowi, jakie prezenty na roczek, prezent dla 13 latki na \u015bwi\u0119ta, wpad\u0142a bomba do piwnicy, rado\u015b\u0107 dziecka cytaty, maska batmana do druku<\/p>\n<p>yyyyy<\/p>\n<p>&nbsp;<\/p>\n","protected":false},"excerpt":{"rendered":"<p>Zestaw bidon ze s\u0142omk\u0105 240 ml, morski, b.box + S\u0142omki zapasowe i szczoteczka do bidonu 2 szt., b.boxInnowacyjny bidon niekapek b.box z obci\u0105\u017con\u0105 s\u0142omk\u0105 &#8222;pod\u0105\u017caj\u0105c\u0105&#8221; za p\u0142ynem. Jego pojemno\u015b\u0107 i rozwi\u0105zania &#8222;techniczne&#8221; czyni\u0105 z niego praktyczny pierwszy kubek dla dziecka.W\u0142a\u015bciwo\u015bci produktu:posiada obci\u0105\u017con\u0105 s\u0142omk\u0119, kt\u00f3ra porusza si\u0119 wraz z p\u0142ynem niezale\u017cnie od k\u0105ta nachylenia;zapewnia mo\u017cliwo\u015b\u0107 picia [&hellip;]<\/p>\n","protected":false},"featured_media":3440,"comment_status":"closed","ping_status":"open","template":"","meta":[],"product_cat":[1073,215],"product_tag":[603,864,836,598,738],"class_list":["post-3439","product","type-product","status-publish","has-post-thumbnail","hentry","product_cat-b-box","product_cat-naczynia-i-sztucce-dla-dzieci","product_tag-bajki-do-czytania","product_tag-basen-warszawa","product_tag-co-kupic-dziecku-na-roczek","product_tag-co-na-roczek-dla-dziewczynki","product_tag-wroclaw-dla-dzieci"],"_links":{"self":[{"href":"http:\/\/klubmamgdynia.pl\/index.php\/wp-json\/wp\/v2\/product\/3439","targetHints":{"allow":["GET"]}}],"collection":[{"href":"http:\/\/klubmamgdynia.pl\/index.php\/wp-json\/wp\/v2\/product"}],"about":[{"href":"http:\/\/klubmamgdynia.pl\/index.php\/wp-json\/wp\/v2\/types\/product"}],"replies":[{"embeddable":true,"href":"http:\/\/klubmamgdynia.pl\/index.php\/wp-json\/wp\/v2\/comments?post=3439"}],"wp:featuredmedia":[{"embeddable":true,"href":"http:\/\/klubmamgdynia.pl\/index.php\/wp-json\/wp\/v2\/media\/3440"}],"wp:attachment":[{"href":"http:\/\/klubmamgdynia.pl\/index.php\/wp-json\/wp\/v2\/media?parent=3439"}],"wp:term":[{"taxonomy":"product_cat","embeddable":true,"href":"http:\/\/klubmamgdynia.pl\/index.php\/wp-json\/wp\/v2\/product_cat?post=3439"},{"taxonomy":"product_tag","embeddable":true,"href":"http:\/\/klubmamgdynia.pl\/index.php\/wp-json\/wp\/v2\/product_tag?post=3439"}],"curies":[{"name":"wp","href":"https:\/\/api.w.org\/{rel}","templated":true}]}}