{"id":3441,"date":"2018-11-07T01:13:36","date_gmt":"2018-11-07T00:13:36","guid":{"rendered":"http:\/\/klubmamgdynia.pl\/index.php\/produkt\/lena-skamielina-fluo-dinozaur-zolty-1004240-norimpex\/"},"modified":"2026-04-06T10:56:02","modified_gmt":"2026-04-06T08:56:02","slug":"lena-skamielina-fluo-dinozaur-zolty-1004240-norimpex","status":"publish","type":"product","link":"http:\/\/klubmamgdynia.pl\/index.php\/produkt\/lena-skamielina-fluo-dinozaur-zolty-1004240-norimpex\/","title":{"rendered":"Lena Skamielina Fluo Dinozaur \u017b\u00f3\u0142ty 1004240 Norimpex"},"content":{"rendered":"<p>szkielet, zestaw wykopaliska 3D dla dzieci, zr\u00f3b to sam, ma\u0142y paleontolog<\/p>\n<h2>Lena Skamielina Fluo Dinozaur \u017b\u00f3\u0142ty 1004240 Norimpex Lena<\/h2>\n<p>bajki dla dzieci na dobranoc do czytania, kolorowanka pokemon, kostek imi\u0119, znajd\u017a r\u00f3\u017cnice, hello kitty kolorowanka, kaczuszka, literki do pisania do druku, atrakcje dla dzieci trojmiasto, miko\u0142ajek quiz, starodawne \u017cyczenia bo\u017conarodzeniowe, pomys\u0142 na prima aprilis, maski na twarz dla dzieci do wydruku<\/p>\n<p>yyyyy<\/p>\n<p>&nbsp;<\/p>\n","protected":false},"excerpt":{"rendered":"<p>szkielet, zestaw wykopaliska 3D dla dzieci, zr\u00f3b to sam, ma\u0142y paleontolog Lena Skamielina Fluo Dinozaur \u017b\u00f3\u0142ty 1004240 Norimpex Lena bajki dla dzieci na dobranoc do czytania, kolorowanka pokemon, kostek imi\u0119, znajd\u017a r\u00f3\u017cnice, hello kitty kolorowanka, kaczuszka, literki do pisania do druku, atrakcje dla dzieci trojmiasto, miko\u0142ajek quiz, starodawne \u017cyczenia bo\u017conarodzeniowe, pomys\u0142 na prima aprilis, maski [&hellip;]<\/p>\n","protected":false},"featured_media":3442,"comment_status":"closed","ping_status":"open","template":"","meta":[],"product_cat":[531,72],"product_tag":[740,619,720,759,771],"class_list":["post-3441","product","type-product","status-publish","has-post-thumbnail","hentry","product_cat-lena","product_cat-mali-naukowcy","product_tag-fajne-prezenty-dla-nastolatkow","product_tag-iwo-imie","product_tag-malowanki","product_tag-pomysly-na-prezent-dla-nastolatkow","product_tag-stolice-europy-quiz"],"_links":{"self":[{"href":"http:\/\/klubmamgdynia.pl\/index.php\/wp-json\/wp\/v2\/product\/3441","targetHints":{"allow":["GET"]}}],"collection":[{"href":"http:\/\/klubmamgdynia.pl\/index.php\/wp-json\/wp\/v2\/product"}],"about":[{"href":"http:\/\/klubmamgdynia.pl\/index.php\/wp-json\/wp\/v2\/types\/product"}],"replies":[{"embeddable":true,"href":"http:\/\/klubmamgdynia.pl\/index.php\/wp-json\/wp\/v2\/comments?post=3441"}],"wp:featuredmedia":[{"embeddable":true,"href":"http:\/\/klubmamgdynia.pl\/index.php\/wp-json\/wp\/v2\/media\/3442"}],"wp:attachment":[{"href":"http:\/\/klubmamgdynia.pl\/index.php\/wp-json\/wp\/v2\/media?parent=3441"}],"wp:term":[{"taxonomy":"product_cat","embeddable":true,"href":"http:\/\/klubmamgdynia.pl\/index.php\/wp-json\/wp\/v2\/product_cat?post=3441"},{"taxonomy":"product_tag","embeddable":true,"href":"http:\/\/klubmamgdynia.pl\/index.php\/wp-json\/wp\/v2\/product_tag?post=3441"}],"curies":[{"name":"wp","href":"https:\/\/api.w.org\/{rel}","templated":true}]}}