{"id":3443,"date":"2014-06-30T17:22:51","date_gmt":"2014-06-30T15:22:51","guid":{"rendered":"http:\/\/klubmamgdynia.pl\/index.php\/produkt\/becreo-technologies-scottie-go-edu-gra-do-nauki-programowania\/"},"modified":"2026-05-17T22:23:52","modified_gmt":"2026-05-17T20:23:52","slug":"becreo-technologies-scottie-go-edu-gra-do-nauki-programowania","status":"publish","type":"product","link":"http:\/\/klubmamgdynia.pl\/index.php\/produkt\/becreo-technologies-scottie-go-edu-gra-do-nauki-programowania\/","title":{"rendered":"Becreo Technologies Scottie Go! Edu Gra Do Nauki Programowania"},"content":{"rendered":"<p>Scottie Go! Edu &#8211; multimedialna gra edukacyjna<\/p>\n<h2>Becreo Technologies Scottie Go! Edu Gra Do Nauki Programowania BeCreo<\/h2>\n<p>kajko i kokosz test z lektury, test asiunia, wzory dyplom\u00f3w do pobrania, kolorowanki pokemon do druku, p\u0142ywalnie warszawa, jazda konna dla dzieci, imie lilianna, piesek kolorowanka, kubu\u015b puchatek cytaty, zadania logiczne dla dzieci, fajne prezenty dla nastolatk\u00f3w, zagadki dla 5 latka, halloween dla dzieci 2021, kolorowanki pokemon do druku, kolorowanka wakacje, proste zagadki logiczne, zagadki na inteligencj\u0119, quiz o akademii pana kleksa, kolorowanki dla dziewczynek, pisanie po \u015bladzie do druku pdf, zosia samosia wiersz<\/p>\n<p>yyyyy<\/p>\n<p>&nbsp;<\/p>\n","protected":false},"excerpt":{"rendered":"<p>Scottie Go! Edu &#8211; multimedialna gra edukacyjna Becreo Technologies Scottie Go! Edu Gra Do Nauki Programowania BeCreo kajko i kokosz test z lektury, test asiunia, wzory dyplom\u00f3w do pobrania, kolorowanki pokemon do druku, p\u0142ywalnie warszawa, jazda konna dla dzieci, imie lilianna, piesek kolorowanka, kubu\u015b puchatek cytaty, zadania logiczne dla dzieci, fajne prezenty dla nastolatk\u00f3w, zagadki [&hellip;]<\/p>\n","protected":false},"featured_media":3444,"comment_status":"closed","ping_status":"open","template":"","meta":[],"product_cat":[1074,72],"product_tag":[833,761,703,588,595,857],"class_list":["post-3443","product","type-product","status-publish","has-post-thumbnail","hentry","product_cat-becreo","product_cat-mali-naukowcy","product_tag-bajki-dla-dzieci-do-czytania","product_tag-choinko-piekna-jak-las-tekst","product_tag-prezent-dla-nastolatki","product_tag-wzruszajace-slowa-dla-przyjaciela","product_tag-zagadki-dla-6-latka","product_tag-zagadki-dla-dzieci-7-8-lat"],"_links":{"self":[{"href":"http:\/\/klubmamgdynia.pl\/index.php\/wp-json\/wp\/v2\/product\/3443","targetHints":{"allow":["GET"]}}],"collection":[{"href":"http:\/\/klubmamgdynia.pl\/index.php\/wp-json\/wp\/v2\/product"}],"about":[{"href":"http:\/\/klubmamgdynia.pl\/index.php\/wp-json\/wp\/v2\/types\/product"}],"replies":[{"embeddable":true,"href":"http:\/\/klubmamgdynia.pl\/index.php\/wp-json\/wp\/v2\/comments?post=3443"}],"wp:featuredmedia":[{"embeddable":true,"href":"http:\/\/klubmamgdynia.pl\/index.php\/wp-json\/wp\/v2\/media\/3444"}],"wp:attachment":[{"href":"http:\/\/klubmamgdynia.pl\/index.php\/wp-json\/wp\/v2\/media?parent=3443"}],"wp:term":[{"taxonomy":"product_cat","embeddable":true,"href":"http:\/\/klubmamgdynia.pl\/index.php\/wp-json\/wp\/v2\/product_cat?post=3443"},{"taxonomy":"product_tag","embeddable":true,"href":"http:\/\/klubmamgdynia.pl\/index.php\/wp-json\/wp\/v2\/product_tag?post=3443"}],"curies":[{"name":"wp","href":"https:\/\/api.w.org\/{rel}","templated":true}]}}