{"id":3445,"date":"2013-06-17T15:36:52","date_gmt":"2013-06-17T13:36:52","guid":{"rendered":"http:\/\/klubmamgdynia.pl\/index.php\/produkt\/marioinex-zestaw-3-foremek-zamek-lopatka-grabki\/"},"modified":"2026-04-12T02:39:03","modified_gmt":"2026-04-12T00:39:03","slug":"marioinex-zestaw-3-foremek-zamek-lopatka-grabki","status":"publish","type":"product","link":"http:\/\/klubmamgdynia.pl\/index.php\/produkt\/marioinex-zestaw-3-foremek-zamek-lopatka-grabki\/","title":{"rendered":"Marioinex Zestaw 3 Foremek Zamek + \u0141opatka Grabki"},"content":{"rendered":"<p>ZESTAW 3 FOREMEK ZAMEK + \u0141OPATKA I GRABKINowo\u015b\u0107! Zestaw zawiera ma\u0142e grabki i \u0142opatk\u0119 oraz trzy nowe foremki o wymiarach ok. 14x10x14 cm.Zestaw sprawdzi si\u0119 zar\u00f3wno na pla\u017cy jak i w domowej piaskownicyProdukt wyprodukowany w Polsce z bezpiecznych materia\u0142\u00f3w najwy\u017cszej jako\u015bciIntensywne kolory na pewno spodobaj\u0105 si\u0119 najm\u0142odszymIdealne uzupe\u0142nienie pozosta\u0142ych zestaw\u00f3w i foremek<\/p>\n<h2>Marioinex Zestaw 3 Foremek Zamek + \u0141opatka Grabki Marioinex<\/h2>\n<p>oryginalny prezent na roczek dla ch\u0142opca, eksperymenty dla dzieci wulkan, prezent na roczek dla ch\u0142opca, bajki do czytania, olaf znaczenie imienia, dziecko cytaty, zgadywanki dla dzieci, ja\u015bmina imie, zagadki logiczne dla doros\u0142ych, jak narysowac kota, kolorowanka harry potter do druku, harry potter kolorowanka, liwia imi\u0119, zemsta test wiedzy, michalina, jedzie poci\u0105g z daleka tekst, co oznacza jordan, malowanki piesek<\/p>\n<p>yyyyy<\/p>\n<p>&nbsp;<\/p>\n","protected":false},"excerpt":{"rendered":"<p>ZESTAW 3 FOREMEK ZAMEK + \u0141OPATKA I GRABKINowo\u015b\u0107! Zestaw zawiera ma\u0142e grabki i \u0142opatk\u0119 oraz trzy nowe foremki o wymiarach ok. 14x10x14 cm.Zestaw sprawdzi si\u0119 zar\u00f3wno na pla\u017cy jak i w domowej piaskownicyProdukt wyprodukowany w Polsce z bezpiecznych materia\u0142\u00f3w najwy\u017cszej jako\u015bciIntensywne kolory na pewno spodobaj\u0105 si\u0119 najm\u0142odszymIdealne uzupe\u0142nienie pozosta\u0142ych zestaw\u00f3w i foremek Marioinex Zestaw 3 [&hellip;]<\/p>\n","protected":false},"featured_media":3446,"comment_status":"closed","ping_status":"open","template":"","meta":[],"product_cat":[328,286],"product_tag":[619,852,731,627,625],"class_list":["post-3445","product","type-product","status-publish","has-post-thumbnail","hentry","product_cat-marioinex","product_cat-zabawki-do-piasku","product_tag-iwo-imie","product_tag-jak-zrobic-samolot-z-papieru","product_tag-maly-ksiaze-cytaty","product_tag-quiz-dzieci-z-bullerbyn","product_tag-trojmiasto-atrakcje-dla-dzieci"],"_links":{"self":[{"href":"http:\/\/klubmamgdynia.pl\/index.php\/wp-json\/wp\/v2\/product\/3445","targetHints":{"allow":["GET"]}}],"collection":[{"href":"http:\/\/klubmamgdynia.pl\/index.php\/wp-json\/wp\/v2\/product"}],"about":[{"href":"http:\/\/klubmamgdynia.pl\/index.php\/wp-json\/wp\/v2\/types\/product"}],"replies":[{"embeddable":true,"href":"http:\/\/klubmamgdynia.pl\/index.php\/wp-json\/wp\/v2\/comments?post=3445"}],"wp:featuredmedia":[{"embeddable":true,"href":"http:\/\/klubmamgdynia.pl\/index.php\/wp-json\/wp\/v2\/media\/3446"}],"wp:attachment":[{"href":"http:\/\/klubmamgdynia.pl\/index.php\/wp-json\/wp\/v2\/media?parent=3445"}],"wp:term":[{"taxonomy":"product_cat","embeddable":true,"href":"http:\/\/klubmamgdynia.pl\/index.php\/wp-json\/wp\/v2\/product_cat?post=3445"},{"taxonomy":"product_tag","embeddable":true,"href":"http:\/\/klubmamgdynia.pl\/index.php\/wp-json\/wp\/v2\/product_tag?post=3445"}],"curies":[{"name":"wp","href":"https:\/\/api.w.org\/{rel}","templated":true}]}}