{"id":3447,"date":"2014-05-08T23:08:10","date_gmt":"2014-05-08T21:08:10","guid":{"rendered":"http:\/\/klubmamgdynia.pl\/index.php\/produkt\/przewijak-sztywny-dlugi-rozm-50-x-80-cm-sueno\/"},"modified":"2026-05-17T22:46:28","modified_gmt":"2026-05-17T20:46:28","slug":"przewijak-sztywny-dlugi-rozm-50-x-80-cm-sueno","status":"publish","type":"product","link":"http:\/\/klubmamgdynia.pl\/index.php\/produkt\/przewijak-sztywny-dlugi-rozm-50-x-80-cm-sueno\/","title":{"rendered":"PRZEWIJAK SZTYWNY D\u0141UGI ROZM 50 X 80 CM SUENO"},"content":{"rendered":"<p>Przewijak twardy marki Ceba Baby jest k z utwardzonym spodem z mo\u017cliwo\u015bci\u0105 monta\u017cu na dzieci\u0119cym \u0142\u00f3\u017ceczku o szeroko\u015bci 70 cm.Specjalne ko\u0142eczki blokuj\u0105ce zapewniaj\u0105 stabilno\u015b\u0107 zamontowanego przewijaka zapobiegaj\u0105c jego przesuwaniu.Pokryty jest bezpieczn\u0105 dla sk\u00f3ry dziecka foli\u0105, nie zawieraj\u0105c\u0105 ftalan\u00f3wJego boki s\u0105 specjalnie wyprofilowane, aby zabezpieczy\u0107 maluszka przed zsuni\u0119ciem si\u0119 z przewijakaWymiary 50x80cm<\/p>\n<h2>PRZEWIJAK SZTYWNY D\u0141UGI ROZM 50 X 80 CM SUENO Ceba Baby<\/h2>\n<p>pia, quizy hobbit, lol surprise kolorowanka, kostek imi\u0119, cytaty o przyja\u017ani kr\u00f3tkie<\/p>\n<p>yyyyy<\/p>\n<p>&nbsp;<\/p>\n","protected":false},"excerpt":{"rendered":"<p>Przewijak twardy marki Ceba Baby jest k z utwardzonym spodem z mo\u017cliwo\u015bci\u0105 monta\u017cu na dzieci\u0119cym \u0142\u00f3\u017ceczku o szeroko\u015bci 70 cm.Specjalne ko\u0142eczki blokuj\u0105ce zapewniaj\u0105 stabilno\u015b\u0107 zamontowanego przewijaka zapobiegaj\u0105c jego przesuwaniu.Pokryty jest bezpieczn\u0105 dla sk\u00f3ry dziecka foli\u0105, nie zawieraj\u0105c\u0105 ftalan\u00f3wJego boki s\u0105 specjalnie wyprofilowane, aby zabezpieczy\u0107 maluszka przed zsuni\u0119ciem si\u0119 z przewijakaWymiary 50x80cm PRZEWIJAK SZTYWNY D\u0141UGI ROZM [&hellip;]<\/p>\n","protected":false},"featured_media":3448,"comment_status":"closed","ping_status":"open","template":"","meta":[],"product_cat":[959,958],"product_tag":[671,585,688,767],"class_list":["post-3447","product","type-product","status-publish","has-post-thumbnail","hentry","product_cat-ceba-baby","product_cat-komody-kapielowe-wanienki-i-przewijaki","product_tag-cicha-noc-po-angielsku-tekst","product_tag-kolorowanki-dla-chlopcow","product_tag-kolysanki-tekst","product_tag-zaproszenia-urodzinowe-do-druku"],"_links":{"self":[{"href":"http:\/\/klubmamgdynia.pl\/index.php\/wp-json\/wp\/v2\/product\/3447","targetHints":{"allow":["GET"]}}],"collection":[{"href":"http:\/\/klubmamgdynia.pl\/index.php\/wp-json\/wp\/v2\/product"}],"about":[{"href":"http:\/\/klubmamgdynia.pl\/index.php\/wp-json\/wp\/v2\/types\/product"}],"replies":[{"embeddable":true,"href":"http:\/\/klubmamgdynia.pl\/index.php\/wp-json\/wp\/v2\/comments?post=3447"}],"wp:featuredmedia":[{"embeddable":true,"href":"http:\/\/klubmamgdynia.pl\/index.php\/wp-json\/wp\/v2\/media\/3448"}],"wp:attachment":[{"href":"http:\/\/klubmamgdynia.pl\/index.php\/wp-json\/wp\/v2\/media?parent=3447"}],"wp:term":[{"taxonomy":"product_cat","embeddable":true,"href":"http:\/\/klubmamgdynia.pl\/index.php\/wp-json\/wp\/v2\/product_cat?post=3447"},{"taxonomy":"product_tag","embeddable":true,"href":"http:\/\/klubmamgdynia.pl\/index.php\/wp-json\/wp\/v2\/product_tag?post=3447"}],"curies":[{"name":"wp","href":"https:\/\/api.w.org\/{rel}","templated":true}]}}