{"id":3449,"date":"2015-08-05T04:01:10","date_gmt":"2015-08-05T02:01:10","guid":{"rendered":"http:\/\/klubmamgdynia.pl\/index.php\/produkt\/royal-canin-mini-puppy-2kg\/"},"modified":"2026-04-06T16:18:10","modified_gmt":"2026-04-06T14:18:10","slug":"royal-canin-mini-puppy-2kg","status":"publish","type":"product","link":"http:\/\/klubmamgdynia.pl\/index.php\/produkt\/royal-canin-mini-puppy-2kg\/","title":{"rendered":"Royal Canin Mini Puppy 2Kg"},"content":{"rendered":"<p>Royal Canin &#8211; gwarancja najwy\u017cszej smakowito\u015bci                            <\/p>\n<p>Dlaczego karma Royal Canin b\u0119dzie<br \/>\nodpowiednia dla Twojego zwierz\u0119cia?<\/p>\n<p>Bo potrzeb jest wiele,<br \/>\na Royal Canin odpowiada<br \/>\nna wszystkie.                            <\/p>\n<p>                                Zobacz szczeg\u00f3\u0142y Gwarancji Najwy\u017cszej Smakowito\u015bci<\/p>\n<h2>Royal Canin Mini Puppy 2Kg Royal Canin<\/h2>\n<p>bajki do czytania, zawiedziona przyja\u017a\u0144 cytaty, jacek, plac zabaw pozna\u0144<\/p>\n<p>yyyyy<\/p>\n<p>&nbsp;<\/p>\n","protected":false},"excerpt":{"rendered":"<p>Royal Canin &#8211; gwarancja najwy\u017cszej smakowito\u015bci Dlaczego karma Royal Canin b\u0119dzie odpowiednia dla Twojego zwierz\u0119cia? Bo potrzeb jest wiele, a Royal Canin odpowiada na wszystkie. Zobacz szczeg\u00f3\u0142y Gwarancji Najwy\u017cszej Smakowito\u015bci Royal Canin Mini Puppy 2Kg Royal Canin bajki do czytania, zawiedziona przyja\u017a\u0144 cytaty, jacek, plac zabaw pozna\u0144 yyyyy &nbsp;<\/p>\n","protected":false},"featured_media":3450,"comment_status":"closed","ping_status":"open","template":"","meta":[],"product_cat":[951,936],"product_tag":[817,611,831,755,582,816],"class_list":["post-3449","product","type-product","status-publish","has-post-thumbnail","hentry","product_cat-karmy-dla-psow","product_cat-royal-canin","product_tag-bajka-terapeutyczna-o-emocjach","product_tag-bajki-do-czytania-psi-patrol","product_tag-bruno","product_tag-henryk","product_tag-nauka-pisania-literek-do-wydruku-pdf","product_tag-place-zabaw-warszawa"],"_links":{"self":[{"href":"http:\/\/klubmamgdynia.pl\/index.php\/wp-json\/wp\/v2\/product\/3449","targetHints":{"allow":["GET"]}}],"collection":[{"href":"http:\/\/klubmamgdynia.pl\/index.php\/wp-json\/wp\/v2\/product"}],"about":[{"href":"http:\/\/klubmamgdynia.pl\/index.php\/wp-json\/wp\/v2\/types\/product"}],"replies":[{"embeddable":true,"href":"http:\/\/klubmamgdynia.pl\/index.php\/wp-json\/wp\/v2\/comments?post=3449"}],"wp:featuredmedia":[{"embeddable":true,"href":"http:\/\/klubmamgdynia.pl\/index.php\/wp-json\/wp\/v2\/media\/3450"}],"wp:attachment":[{"href":"http:\/\/klubmamgdynia.pl\/index.php\/wp-json\/wp\/v2\/media?parent=3449"}],"wp:term":[{"taxonomy":"product_cat","embeddable":true,"href":"http:\/\/klubmamgdynia.pl\/index.php\/wp-json\/wp\/v2\/product_cat?post=3449"},{"taxonomy":"product_tag","embeddable":true,"href":"http:\/\/klubmamgdynia.pl\/index.php\/wp-json\/wp\/v2\/product_tag?post=3449"}],"curies":[{"name":"wp","href":"https:\/\/api.w.org\/{rel}","templated":true}]}}