{"id":3451,"date":"2024-02-28T08:31:46","date_gmt":"2024-02-28T07:31:46","guid":{"rendered":"http:\/\/klubmamgdynia.pl\/?post_type=product&#038;p=3451"},"modified":"2026-04-22T02:24:00","modified_gmt":"2026-04-22T00:24:00","slug":"zollner-julius-kocyk-dla-malucha-95-x-135-cm-rainbow-blush","status":"publish","type":"product","link":"http:\/\/klubmamgdynia.pl\/index.php\/produkt\/zollner-julius-kocyk-dla-malucha-95-x-135-cm-rainbow-blush\/","title":{"rendered":"Z\u00f6llner Julius Kocyk Dla Malucha 95 X 135 Cm Rainbow Blush"},"content":{"rendered":"<p>Kocyk do raczkowania s\u0142u\u017cy jako mi\u0119kkie pod\u0142o\u017ce i chroni dziecko przed zimnem podczas raczkowania i zabawy lub zaprasza do przytulania. Wype\u0142niony polarem kocyk wykonany jest z czystej bawe\u0142ny. Po\u0142o\u017cenie kolorowych arkuszy mo\u017ce si\u0119 r\u00f3\u017cni\u0107. Dane techniczne: Pokrowiec: 100% bawe\u0142na Wype\u0142nienie: 100% poliester fleece wymiary: 95 x 135 cm Wz\u00f3r: T\u0119cza Blush Szczeg\u00f3\u0142y produktu: Mo\u017cna pra\u0107 w temperaturze do 30\u00b0 C (cykl delikatny) Nadaje si\u0119 do suszenia w suszarce b\u0119bnowej Made in Germany Certyfikat OEKO-TEX Standard 100<\/p>\n<h2>Z\u00f6llner Julius Kocyk Dla Malucha 95 X 135 Cm Rainbow Blush Z\u00f6llner<\/h2>\n<p>pikachu kolorowanka, papierowe ozdoby \u015bwi\u0105teczne, cytaty o wychowaniu i nauczaniu, zagadki dla starszych dzieci, miko\u0142ajek &#8211; test z odpowiedziami, \u015bmieszne zagadki matematyczne, gad\u017cety dla nastolatki, skalne miasto, quizy geograficzne, kolorowanka dla dziewczynki, nauka zegara zegar do druku, maski na twarz dla dzieci do wydruku, daria imie, zagadki rymowane, cytaty o wychowaniu i nauczaniu, gra kulki, maski do druku kolorowe, cytat na dzie\u0144 matki<\/p>\n<p>yyyyy<\/p>\n<p>&nbsp;<\/p>\n","protected":false},"excerpt":{"rendered":"<p>Kocyk do raczkowania s\u0142u\u017cy jako mi\u0119kkie pod\u0142o\u017ce i chroni dziecko przed zimnem podczas raczkowania i zabawy lub zaprasza do przytulania. Wype\u0142niony polarem kocyk wykonany jest z czystej bawe\u0142ny. Po\u0142o\u017cenie kolorowych arkuszy mo\u017ce si\u0119 r\u00f3\u017cni\u0107. Dane techniczne: Pokrowiec: 100% bawe\u0142na Wype\u0142nienie: 100% poliester fleece wymiary: 95 x 135 cm Wz\u00f3r: T\u0119cza Blush Szczeg\u00f3\u0142y produktu: Mo\u017cna pra\u0107 [&hellip;]<\/p>\n","protected":false},"featured_media":3452,"comment_status":"closed","ping_status":"open","template":"","meta":[],"product_cat":[1006,1069],"product_tag":[700,866,614,718,762,824],"class_list":["post-3451","product","type-product","status-publish","has-post-thumbnail","hentry","product_cat-koce-i-narzuty-dzieciece","product_cat-zollner","product_tag-bajki-do-czytania-dla-dzieci","product_tag-opis-do-zdjecia-dziecka-na-fb","product_tag-pia","product_tag-prezent-na-roczek-dla-chrzesniaka","product_tag-trudne-zagadki-dla-dzieci","product_tag-warszawa-atrakcje-dla-dzieci"],"_links":{"self":[{"href":"http:\/\/klubmamgdynia.pl\/index.php\/wp-json\/wp\/v2\/product\/3451","targetHints":{"allow":["GET"]}}],"collection":[{"href":"http:\/\/klubmamgdynia.pl\/index.php\/wp-json\/wp\/v2\/product"}],"about":[{"href":"http:\/\/klubmamgdynia.pl\/index.php\/wp-json\/wp\/v2\/types\/product"}],"replies":[{"embeddable":true,"href":"http:\/\/klubmamgdynia.pl\/index.php\/wp-json\/wp\/v2\/comments?post=3451"}],"wp:featuredmedia":[{"embeddable":true,"href":"http:\/\/klubmamgdynia.pl\/index.php\/wp-json\/wp\/v2\/media\/3452"}],"wp:attachment":[{"href":"http:\/\/klubmamgdynia.pl\/index.php\/wp-json\/wp\/v2\/media?parent=3451"}],"wp:term":[{"taxonomy":"product_cat","embeddable":true,"href":"http:\/\/klubmamgdynia.pl\/index.php\/wp-json\/wp\/v2\/product_cat?post=3451"},{"taxonomy":"product_tag","embeddable":true,"href":"http:\/\/klubmamgdynia.pl\/index.php\/wp-json\/wp\/v2\/product_tag?post=3451"}],"curies":[{"name":"wp","href":"https:\/\/api.w.org\/{rel}","templated":true}]}}