{"id":3455,"date":"2018-11-03T04:18:37","date_gmt":"2018-11-03T03:18:37","guid":{"rendered":"http:\/\/klubmamgdynia.pl\/index.php\/produkt\/tattu-akumulator-r-line-version-3-0-2000mah-148v-120c-4s1p-xt60\/"},"modified":"2026-04-29T18:11:48","modified_gmt":"2026-04-29T16:11:48","slug":"tattu-akumulator-r-line-version-3-0-2000mah-148v-120c-4s1p-xt60","status":"publish","type":"product","link":"http:\/\/klubmamgdynia.pl\/index.php\/produkt\/tattu-akumulator-r-line-version-3-0-2000mah-148v-120c-4s1p-xt60\/","title":{"rendered":"TATTU Akumulator R-Line Version 3.0 2000mAh 14,8V 120C 4S1P XT60"},"content":{"rendered":"<p>Opis produktuNapi\u0119cie &#8211; 14,8 VPojemno\u015b\u0107 &#8211; 2000 mAhIlo\u015b\u0107 cell &#8211; 4Typ konektora &#8211; XT60Typ balancera &#8211; JST-XHRPr\u0105d roz\u0142adowania (ci\u0105g\u0142y) &#8211; 120CPr\u0105d roz\u0142adowania (szczytowy) &#8211; 240CD\u0142ugo\u015b\u0107 &#8211; 76 mmSzeroko\u015b\u0107 &#8211; 38 mmWysoko\u015b\u0107 &#8211; 41 mmWaga &#8211; 217 gPoprzedni model: TA-RL-120C-2000-4S1P (https:\/\/rcpro.pl\/product-pol-16635-Akumulator-Tattu-R-Line-Version-3-0-2000mAh-14-8V-120C-4S1P-XT60.html?text=020273)Specjalnie na potrzeby UAV marka Tattu zaprojektowa\u0142a nowe akumulatory o bezkonkurencyjnej jako\u015bci. Oferuj\u0105 wyj\u0105tkow\u0105 moc bez wzgl\u0119du na to czy u\u017cywasz mniejszych dron\u00f3w do zastosowa\u0144 rekreacyjnych lub ci\u0119\u017ckich platform do zastosowa\u0144 kompercyjnych. Baterie cz\u0119sto wygl\u0105daj\u0105 podobnie z zewn\u0105trz &#8211; ich prawdziwa si\u0142a le\u017cy jednak w \u015brodku. Cele w akumulatorach Tattu s\u0105 opracowane specjalnie do wymaga\u0144 UAV.Instrukcja bezpiecze\u0144stwaNie roz\u0142adowywa\u0107 poni\u017cej 3,0V na cel\u0119. \u0141adowa\u0107 tylko przy u\u017cyciu \u0142adowarki mikroprocesorowej w trybie \u0142adowania pakiet\u00f3w litowo-polimerowych.Nie zwiera\u0107 biegun\u00f3w, nie przebija\u0107, nie wystawia\u0107 na bezpo\u015brednie dzia\u0142anie promieni s\u0142onecznych, przechowywa\u0107 z dala od przedmiot\u00f3w \u0142atwopalnych, utylizowa\u0107 w specjalnie przygotowanych pojemnikach<\/p>\n<h2>TATTU Akumulator R-Line Version 3.0 2000mAh 14,8V 120C 4S1P XT60 Gens Ace<\/h2>\n<p>trudne zagadki dla dzieci, mi\u0142osz imie, wiosenne zagadki dla dzieci, rymowanki o pisankach, wyci\u0119cia szablon korony do druku, kolorowanki do druku dla doros\u0142ych, prezent dla rocznego ch\u0142opca, zagadki matematyczne z odpowiedziami, park so\u0142acki, laurka kolorowanki na dzie\u0144 mamy, delfinarium polska, pomys\u0142 na prezent dla nastolatk\u00f3w<\/p>\n<p>yyyyy<\/p>\n<p>&nbsp;<\/p>\n","protected":false},"excerpt":{"rendered":"<p>Opis produktuNapi\u0119cie &#8211; 14,8 VPojemno\u015b\u0107 &#8211; 2000 mAhIlo\u015b\u0107 cell &#8211; 4Typ konektora &#8211; XT60Typ balancera &#8211; JST-XHRPr\u0105d roz\u0142adowania (ci\u0105g\u0142y) &#8211; 120CPr\u0105d roz\u0142adowania (szczytowy) &#8211; 240CD\u0142ugo\u015b\u0107 &#8211; 76 mmSzeroko\u015b\u0107 &#8211; 38 mmWysoko\u015b\u0107 &#8211; 41 mmWaga &#8211; 217 gPoprzedni model: TA-RL-120C-2000-4S1P (https:\/\/rcpro.pl\/product-pol-16635-Akumulator-Tattu-R-Line-Version-3-0-2000mAh-14-8V-120C-4S1P-XT60.html?text=020273)Specjalnie na potrzeby UAV marka Tattu zaprojektowa\u0142a nowe akumulatory o bezkonkurencyjnej jako\u015bci. Oferuj\u0105 wyj\u0105tkow\u0105 moc bez [&hellip;]<\/p>\n","protected":false},"featured_media":3456,"comment_status":"closed","ping_status":"open","template":"","meta":[],"product_cat":[1053,1075],"product_tag":[789,683,669,810,858,692],"class_list":["post-3455","product","type-product","status-publish","has-post-thumbnail","hentry","product_cat-akcesoria-i-czesci-modelarskie","product_cat-gens-ace","product_tag-kaczuszka","product_tag-karaluchy-pod-poduchy","product_tag-kolorowanki","product_tag-nauka-zegara-do-druku","product_tag-podchwytliwe-zagadki","product_tag-prezenty-na-roczek"],"_links":{"self":[{"href":"http:\/\/klubmamgdynia.pl\/index.php\/wp-json\/wp\/v2\/product\/3455","targetHints":{"allow":["GET"]}}],"collection":[{"href":"http:\/\/klubmamgdynia.pl\/index.php\/wp-json\/wp\/v2\/product"}],"about":[{"href":"http:\/\/klubmamgdynia.pl\/index.php\/wp-json\/wp\/v2\/types\/product"}],"replies":[{"embeddable":true,"href":"http:\/\/klubmamgdynia.pl\/index.php\/wp-json\/wp\/v2\/comments?post=3455"}],"wp:featuredmedia":[{"embeddable":true,"href":"http:\/\/klubmamgdynia.pl\/index.php\/wp-json\/wp\/v2\/media\/3456"}],"wp:attachment":[{"href":"http:\/\/klubmamgdynia.pl\/index.php\/wp-json\/wp\/v2\/media?parent=3455"}],"wp:term":[{"taxonomy":"product_cat","embeddable":true,"href":"http:\/\/klubmamgdynia.pl\/index.php\/wp-json\/wp\/v2\/product_cat?post=3455"},{"taxonomy":"product_tag","embeddable":true,"href":"http:\/\/klubmamgdynia.pl\/index.php\/wp-json\/wp\/v2\/product_tag?post=3455"}],"curies":[{"name":"wp","href":"https:\/\/api.w.org\/{rel}","templated":true}]}}