{"id":3459,"date":"2025-05-24T04:10:16","date_gmt":"2025-05-24T02:10:16","guid":{"rendered":"http:\/\/klubmamgdynia.pl\/?post_type=product&#038;p=3459"},"modified":"2026-05-17T21:18:06","modified_gmt":"2026-05-17T19:18:06","slug":"bruder-02802-modul-swietlno-dzwiekowy-uniwersalny","status":"publish","type":"product","link":"http:\/\/klubmamgdynia.pl\/index.php\/produkt\/bruder-02802-modul-swietlno-dzwiekowy-uniwersalny\/","title":{"rendered":"Bruder 02802 Modu\u0142 \u015bwietlno-d\u017awi\u0119kowy uniwersalny"},"content":{"rendered":"<p>Modu\u0142 \u015bwietlno-d\u017awi\u0119kowy jest wykonany w skali 1:16 dla dzieci wieku od 4 lat.. Cechuje si\u0119 typowymi dla zabawek Bruder walorami: najwy\u017csza jako\u015b\u0107 wykonania, wyj\u0105tkowa wytrzyma\u0142o\u015b\u0107 i perfekcyjne odwzorowanie rzeczywistych maszyn. FUNKCJE:- 4 przyciski; odg\u0142os zapalania silnika, policji, karetki i stra\u017cy po\u017carnej- sygna\u0142 \u015bwietlny- wymienne klosze: 2 niebieskie, 2 pomara\u0144czowe i 1 czerwony- baterie w zestawie- pasuje do wszystkich ci\u0119\u017car\u00f3wek MAN, Mercedes, Scania, Mack maj\u0105cych w dachu otw\u00f3r do monta\u017cu modu\u0142u d\u017awi\u0119kowegoO MARCE BRUDER:BRUDER \u2013 to czo\u0142owy niemiecki producent zabawek dzia\u0142aj\u0105cy od 1926r. Wszystkie zabawki s\u0105 odwzorowaniem rzeczywistych maszyn i pojazd\u00f3w i s\u0105 wykonane w jednakowej skali 1:16 co sprawia, \u017ce mo\u017cna je ze sob\u0105 \u0142\u0105czy\u0107. Zabawki Bruder pobudzaj\u0105 wyobra\u017ani\u0119, kreatywno\u015b\u0107 i pozwalaj\u0105 dziecku w bezpieczny spos\u00f3b poznawa\u0107 realny \u015bwiat. Wszystkie produkty firmy Bruder s\u0105 produkowane od pocz\u0105tku do ko\u0144ca w Niemczech z wykorzystaniem najwy\u017cszej jako\u015bci tworzyw sztucznych oraz najnowszych technologii. Wszystkie produkty pakowane s\u0105 w oryginalne opakowania i wysy\u0142ane do ponad 60 kraj\u00f3w na ca\u0142ym \u015bwiecie. Wysoka jako\u015b\u0107 i dost\u0119pno\u015b\u0107 cz\u0119\u015bci zamiennych gwarantuje Pa\u0144stwu \u017ce zabawki pos\u0142u\u017c\u0105 przez wiele lat.Zabawki Bruder posiadaj\u0105 rekomendacj\u0119 &#8222;spiel gut&#8221; (bawi\u0105 dobrze) niezale\u017cnego grona konsumenckiego co oznacza, \u017ce zosta\u0142a przetestowana przez dzieci i zbadana przez ekspert\u00f3w z pozytywnym rezultatem. Ocenie zosta\u0142y poddane: walory rozrywkowe, wykorzystane materia\u0142y, konstrukcja, trwa\u0142o\u015b\u0107, bezpiecze\u0144stwo, wzornictwo, rozmiar, jasno\u015b\u0107 instrukcji obs\u0142ug oraz dopasowanie do odpowiedniej grupy wiekowej.Wszystkie zabawki Bruder spe\u0142niaj\u0105 Europejsk\u0105 Norm\u0119 Bezpiecze\u0144stwa Zabawek.<\/p>\n<h2>Bruder 02802 Modu\u0142 \u015bwietlno-d\u017awi\u0119kowy uniwersalny Bruder<\/h2>\n<p>kr\u00f3tkie zagadki matematyczne z odpowiedziami, znaki drogowe test, kolorowanka ninjago, literki do pisania do druku, naj\u0142adniejsze ko\u0142ysanki dla dzieci, adrian imie, kolorowanka peppa, kamila, my little pony kolorowanki celestia, marcel imi\u0119, sonia imi\u0119, atrakcje dla dzieci wroclaw, prezenty na urodziny dla nastolatk\u00f3w, testy z zemsty, kolorowanki dla dziewczynek 10 lat, kr\u00f3tkie bajki dla dzieci do czytania, tr\u00f3jmiasto atrakcje dla dzieci, zagadki na logiczne my\u015blenie, najlepsze pranki na prima aprilis<\/p>\n<p>yyyyy<\/p>\n<p>&nbsp;<\/p>\n","protected":false},"excerpt":{"rendered":"<p>Modu\u0142 \u015bwietlno-d\u017awi\u0119kowy jest wykonany w skali 1:16 dla dzieci wieku od 4 lat.. Cechuje si\u0119 typowymi dla zabawek Bruder walorami: najwy\u017csza jako\u015b\u0107 wykonania, wyj\u0105tkowa wytrzyma\u0142o\u015b\u0107 i perfekcyjne odwzorowanie rzeczywistych maszyn. FUNKCJE:- 4 przyciski; odg\u0142os zapalania silnika, policji, karetki i stra\u017cy po\u017carnej- sygna\u0142 \u015bwietlny- wymienne klosze: 2 niebieskie, 2 pomara\u0144czowe i 1 czerwony- baterie w zestawie- [&hellip;]<\/p>\n","protected":false},"featured_media":3460,"comment_status":"closed","ping_status":"open","template":"","meta":[],"product_cat":[1053,1076],"product_tag":[817,754,861,789,726,778],"class_list":["post-3459","product","type-product","status-publish","has-post-thumbnail","hentry","product_cat-akcesoria-i-czesci-modelarskie","product_cat-bruder","product_tag-bajka-terapeutyczna-o-emocjach","product_tag-dyplomy-do-wydrukowania-a4","product_tag-jak-narysowac-psa","product_tag-kaczuszka","product_tag-quiz-zemsta","product_tag-zabawki-na-roczek-dla-chlopca"],"_links":{"self":[{"href":"http:\/\/klubmamgdynia.pl\/index.php\/wp-json\/wp\/v2\/product\/3459","targetHints":{"allow":["GET"]}}],"collection":[{"href":"http:\/\/klubmamgdynia.pl\/index.php\/wp-json\/wp\/v2\/product"}],"about":[{"href":"http:\/\/klubmamgdynia.pl\/index.php\/wp-json\/wp\/v2\/types\/product"}],"replies":[{"embeddable":true,"href":"http:\/\/klubmamgdynia.pl\/index.php\/wp-json\/wp\/v2\/comments?post=3459"}],"wp:featuredmedia":[{"embeddable":true,"href":"http:\/\/klubmamgdynia.pl\/index.php\/wp-json\/wp\/v2\/media\/3460"}],"wp:attachment":[{"href":"http:\/\/klubmamgdynia.pl\/index.php\/wp-json\/wp\/v2\/media?parent=3459"}],"wp:term":[{"taxonomy":"product_cat","embeddable":true,"href":"http:\/\/klubmamgdynia.pl\/index.php\/wp-json\/wp\/v2\/product_cat?post=3459"},{"taxonomy":"product_tag","embeddable":true,"href":"http:\/\/klubmamgdynia.pl\/index.php\/wp-json\/wp\/v2\/product_tag?post=3459"}],"curies":[{"name":"wp","href":"https:\/\/api.w.org\/{rel}","templated":true}]}}