{"id":3463,"date":"2019-08-31T14:34:23","date_gmt":"2019-08-31T12:34:23","guid":{"rendered":"http:\/\/klubmamgdynia.pl\/index.php\/produkt\/learning-resources-zestaw-do-konstruowania-i-projektowania-domek\/"},"modified":"2026-04-06T10:20:41","modified_gmt":"2026-04-06T08:20:41","slug":"learning-resources-zestaw-do-konstruowania-i-projektowania-domek","status":"publish","type":"product","link":"http:\/\/klubmamgdynia.pl\/index.php\/produkt\/learning-resources-zestaw-do-konstruowania-i-projektowania-domek\/","title":{"rendered":"Learning Resources Zestaw Do Konstruowania I Projektowania Domek"},"content":{"rendered":"<p>Zestaw do konstruowania i projektowania, Domek na Drzewie. 52 szt.Nauka przez zabaw\u0119!Learning Resources(R) to producent bezpiecznych, edukacyjnych i innowacyjnych zabawek, kt\u00f3rym zaufali rodzice i nauczyciele na ca\u0142ym \u015bwiecie. Zabawki Learning Resources(R) s\u0105 zaprojektowane tak, aby pom\u00f3c dzieciom w zdobywaniu kluczowych umiej\u0119tno\u015bci edukacyjnych i przygotowaniu si\u0119 na podb\u00f3j \u015bwiata!Zestaw do samodzielnego budowania domk\u00f3w na drzewie sk\u0142adaj\u0105cy si\u0119 a\u017c z 52 element\u00f3w, w\u015br\u00f3d kt\u00f3rych&#8230;<\/p>\n<h2>Learning Resources Zestaw Do Konstruowania I Projektowania Domek Learning Resources<\/h2>\n<p>zosia samosia wiersz, kr\u00f3tkie bajki na dobranoc do czytania, wierszyki na smigus dyngus, quizy o minecraft, dzien matki cytaty, atrakcje dla dzieci mazowieckie, quiz flagi \u015bwiata, imi\u0119 gaja, znaki drogowe do druku, zagadki logiczne \u015bmieszne, kuba imi\u0119, prezent dla jedenastolatka, przyja\u017a\u0144 cytaty, stare wiersze dla dzieci, prezent dla 16 latka, test z tajemniczego ogrodu, michalina, ry\u017c z owocami, malowanie kamieni, ninjago kolorowanki<\/p>\n<p>yyyyy<\/p>\n<p>&nbsp;<\/p>\n","protected":false},"excerpt":{"rendered":"<p>Zestaw do konstruowania i projektowania, Domek na Drzewie. 52 szt.Nauka przez zabaw\u0119!Learning Resources(R) to producent bezpiecznych, edukacyjnych i innowacyjnych zabawek, kt\u00f3rym zaufali rodzice i nauczyciele na ca\u0142ym \u015bwiecie. Zabawki Learning Resources(R) s\u0105 zaprojektowane tak, aby pom\u00f3c dzieciom w zdobywaniu kluczowych umiej\u0119tno\u015bci edukacyjnych i przygotowaniu si\u0119 na podb\u00f3j \u015bwiata!Zestaw do samodzielnego budowania domk\u00f3w na drzewie sk\u0142adaj\u0105cy [&hellip;]<\/p>\n","protected":false},"featured_media":3464,"comment_status":"closed","ping_status":"open","template":"","meta":[],"product_cat":[1070,72],"product_tag":[750,703,621,762,721],"class_list":["post-3463","product","type-product","status-publish","has-post-thumbnail","hentry","product_cat-learning-resources","product_cat-mali-naukowcy","product_tag-imie-kostek","product_tag-prezent-dla-nastolatki","product_tag-prezenty-roczek","product_tag-trudne-zagadki-dla-dzieci","product_tag-zagadki-matematyczne"],"_links":{"self":[{"href":"http:\/\/klubmamgdynia.pl\/index.php\/wp-json\/wp\/v2\/product\/3463","targetHints":{"allow":["GET"]}}],"collection":[{"href":"http:\/\/klubmamgdynia.pl\/index.php\/wp-json\/wp\/v2\/product"}],"about":[{"href":"http:\/\/klubmamgdynia.pl\/index.php\/wp-json\/wp\/v2\/types\/product"}],"replies":[{"embeddable":true,"href":"http:\/\/klubmamgdynia.pl\/index.php\/wp-json\/wp\/v2\/comments?post=3463"}],"wp:featuredmedia":[{"embeddable":true,"href":"http:\/\/klubmamgdynia.pl\/index.php\/wp-json\/wp\/v2\/media\/3464"}],"wp:attachment":[{"href":"http:\/\/klubmamgdynia.pl\/index.php\/wp-json\/wp\/v2\/media?parent=3463"}],"wp:term":[{"taxonomy":"product_cat","embeddable":true,"href":"http:\/\/klubmamgdynia.pl\/index.php\/wp-json\/wp\/v2\/product_cat?post=3463"},{"taxonomy":"product_tag","embeddable":true,"href":"http:\/\/klubmamgdynia.pl\/index.php\/wp-json\/wp\/v2\/product_tag?post=3463"}],"curies":[{"name":"wp","href":"https:\/\/api.w.org\/{rel}","templated":true}]}}