{"id":3465,"date":"2019-08-09T05:34:56","date_gmt":"2019-08-09T03:34:56","guid":{"rendered":"http:\/\/klubmamgdynia.pl\/index.php\/produkt\/sensillo-przescieradlo-na-srodek-przewijaka-bialy\/"},"modified":"2026-04-08T17:34:44","modified_gmt":"2026-04-08T15:34:44","slug":"sensillo-przescieradlo-na-srodek-przewijaka-bialy","status":"publish","type":"product","link":"http:\/\/klubmamgdynia.pl\/index.php\/produkt\/sensillo-przescieradlo-na-srodek-przewijaka-bialy\/","title":{"rendered":"Sensillo Prze\u015bcierad\u0142o Na \u015arodek Przewijaka Bia\u0142y"},"content":{"rendered":"<p>Prze\u015bcierad\u0142o na \u015brodek przewijaka pomaga zachowa\u0107 higien\u0119 podczas przewijania i jednocze\u015bnie nie zakrywa wzoru przewijaka. Zosta\u0142o wykonane z wysokiej jako\u015bci bawe\u0142ny frotte. Posiada szerokie gumki, dzi\u0119ki kt\u00f3rym nie zsuwa si\u0119. Odpowiednie na przewijaki 50\u00d770-80 cm. Mi\u0119kki, przyjemny materia\u0142 sprawdzi si\u0119 idealnie podczas piel\u0119gnacji maluszka.Przedzia\u0142 wiekowy: 0+Wymiary: Warstwa bawe\u0142ny: 33&#215;70 cmMateria\u0142: Bawe\u0142na 92%, Poliester 8%Spos\u00f3b konserwacji: Pra\u0107 w temp. max. 40\u2070 C. Nie wybiela\u0107. Nie czy\u015bci\u0107 chemicznie. Prasowa\u0107 przy temp. max. 150\u2070 C.Pakowanie: 1 szt.Produkt PolskiNajwa\u017cniejsze cechy:Zwi\u0119ksza higien\u0119 przewijaka zachowuj\u0105c walory estetyczneNie podra\u017cnia sk\u00f3ry dziecka i izoluje j\u0105 od ceratki przewijakaDopasowuje si\u0119 do przewijak\u00f3w o wymiarach 50\u00d770-80 cmWyprodukowane w Polsce<\/p>\n<h2>Sensillo Prze\u015bcierad\u0142o Na \u015arodek Przewijaka Bia\u0142y Sensillo<\/h2>\n<p>kolorowanka lol surprise, pomys\u0142 na prezent dla nastolatka, znajd\u017a r\u00f3\u017cnice do druku, milan imi\u0119, p\u0142ywalnie warszawa, logiczne zagadki dla dzieci<\/p>\n<p>yyyyy<\/p>\n<p>&nbsp;<\/p>\n","protected":false},"excerpt":{"rendered":"<p>Prze\u015bcierad\u0142o na \u015brodek przewijaka pomaga zachowa\u0107 higien\u0119 podczas przewijania i jednocze\u015bnie nie zakrywa wzoru przewijaka. Zosta\u0142o wykonane z wysokiej jako\u015bci bawe\u0142ny frotte. Posiada szerokie gumki, dzi\u0119ki kt\u00f3rym nie zsuwa si\u0119. Odpowiednie na przewijaki 50\u00d770-80 cm. Mi\u0119kki, przyjemny materia\u0142 sprawdzi si\u0119 idealnie podczas piel\u0119gnacji maluszka.Przedzia\u0142 wiekowy: 0+Wymiary: Warstwa bawe\u0142ny: 33&#215;70 cmMateria\u0142: Bawe\u0142na 92%, Poliester 8%Spos\u00f3b konserwacji: [&hellip;]<\/p>\n","protected":false},"featured_media":3466,"comment_status":"closed","ping_status":"open","template":"","meta":[],"product_cat":[958,992],"product_tag":[702,763,673,762],"class_list":["post-3465","product","type-product","status-publish","has-post-thumbnail","hentry","product_cat-komody-kapielowe-wanienki-i-przewijaki","product_cat-sensillo","product_tag-co-kupic-na-roczek-dla-dziewczynki","product_tag-fabian","product_tag-juz-blisko-koleda-tekst","product_tag-trudne-zagadki-dla-dzieci"],"_links":{"self":[{"href":"http:\/\/klubmamgdynia.pl\/index.php\/wp-json\/wp\/v2\/product\/3465","targetHints":{"allow":["GET"]}}],"collection":[{"href":"http:\/\/klubmamgdynia.pl\/index.php\/wp-json\/wp\/v2\/product"}],"about":[{"href":"http:\/\/klubmamgdynia.pl\/index.php\/wp-json\/wp\/v2\/types\/product"}],"replies":[{"embeddable":true,"href":"http:\/\/klubmamgdynia.pl\/index.php\/wp-json\/wp\/v2\/comments?post=3465"}],"wp:featuredmedia":[{"embeddable":true,"href":"http:\/\/klubmamgdynia.pl\/index.php\/wp-json\/wp\/v2\/media\/3466"}],"wp:attachment":[{"href":"http:\/\/klubmamgdynia.pl\/index.php\/wp-json\/wp\/v2\/media?parent=3465"}],"wp:term":[{"taxonomy":"product_cat","embeddable":true,"href":"http:\/\/klubmamgdynia.pl\/index.php\/wp-json\/wp\/v2\/product_cat?post=3465"},{"taxonomy":"product_tag","embeddable":true,"href":"http:\/\/klubmamgdynia.pl\/index.php\/wp-json\/wp\/v2\/product_tag?post=3465"}],"curies":[{"name":"wp","href":"https:\/\/api.w.org\/{rel}","templated":true}]}}