{"id":3467,"date":"2024-01-15T17:07:42","date_gmt":"2024-01-15T16:07:42","guid":{"rendered":"http:\/\/klubmamgdynia.pl\/?post_type=product&#038;p=3467"},"modified":"2026-04-06T04:37:48","modified_gmt":"2026-04-06T02:37:48","slug":"lean-silnik-skretu-12v-6600rpm-xmx603","status":"publish","type":"product","link":"http:\/\/klubmamgdynia.pl\/index.php\/produkt\/lean-silnik-skretu-12v-6600rpm-xmx603\/","title":{"rendered":"Lean Silnik Skr\u0119tu 12V 6600Rpm Xmx603"},"content":{"rendered":"<p>D\u0142ugo\u015b\u0107 towaru w centymetrach: 20EAN: 5903802450637Kod Producenta: 6532Stan: NowySzeroko\u015b\u0107 towaru w centymetrach: 20Waga gabarytowa w gramach: 1333.33Wysoko\u015b\u0107 towaru w centymetrach: 20<\/p>\n<h2>Lean Silnik Skr\u0119tu 12V 6600Rpm Xmx603 Lean<\/h2>\n<p>postacie z bajek kolorowanki, quizy ma\u0142y ksi\u0105\u017c\u0119, hobbit, \u015bmieszne zagadki matematyczne, julian, zabawy na bal karnawa\u0142owy w przedszkolu, zagadki dla dzieci 7 lat, kira imi\u0119, maska kota do druku, gotowe zaproszenia na urodziny do wydrukowania, zagatki, uk\u0142ad s\u0142oneczny dla dzieci do druku, trudne \u0142amig\u0142\u00f3wki, mira imie, szlaczki dla dzieci, wierszyk o wakacjach<\/p>\n<p>yyyyy<\/p>\n<p>&nbsp;<\/p>\n","protected":false},"excerpt":{"rendered":"<p>D\u0142ugo\u015b\u0107 towaru w centymetrach: 20EAN: 5903802450637Kod Producenta: 6532Stan: NowySzeroko\u015b\u0107 towaru w centymetrach: 20Waga gabarytowa w gramach: 1333.33Wysoko\u015b\u0107 towaru w centymetrach: 20 Lean Silnik Skr\u0119tu 12V 6600Rpm Xmx603 Lean postacie z bajek kolorowanki, quizy ma\u0142y ksi\u0105\u017c\u0119, hobbit, \u015bmieszne zagadki matematyczne, julian, zabawy na bal karnawa\u0142owy w przedszkolu, zagadki dla dzieci 7 lat, kira imi\u0119, maska kota [&hellip;]<\/p>\n","protected":false},"featured_media":3468,"comment_status":"closed","ping_status":"open","template":"","meta":[],"product_cat":[1053,1067],"product_tag":[605,773,799],"class_list":["post-3467","product","type-product","status-publish","has-post-thumbnail","hentry","product_cat-akcesoria-i-czesci-modelarskie","product_cat-lean","product_tag-milena","product_tag-test-z-lektury-opowiesci-z-narnii-lew-czarownica-i-stara-szafa","product_tag-zagadka-logiczna"],"_links":{"self":[{"href":"http:\/\/klubmamgdynia.pl\/index.php\/wp-json\/wp\/v2\/product\/3467","targetHints":{"allow":["GET"]}}],"collection":[{"href":"http:\/\/klubmamgdynia.pl\/index.php\/wp-json\/wp\/v2\/product"}],"about":[{"href":"http:\/\/klubmamgdynia.pl\/index.php\/wp-json\/wp\/v2\/types\/product"}],"replies":[{"embeddable":true,"href":"http:\/\/klubmamgdynia.pl\/index.php\/wp-json\/wp\/v2\/comments?post=3467"}],"wp:featuredmedia":[{"embeddable":true,"href":"http:\/\/klubmamgdynia.pl\/index.php\/wp-json\/wp\/v2\/media\/3468"}],"wp:attachment":[{"href":"http:\/\/klubmamgdynia.pl\/index.php\/wp-json\/wp\/v2\/media?parent=3467"}],"wp:term":[{"taxonomy":"product_cat","embeddable":true,"href":"http:\/\/klubmamgdynia.pl\/index.php\/wp-json\/wp\/v2\/product_cat?post=3467"},{"taxonomy":"product_tag","embeddable":true,"href":"http:\/\/klubmamgdynia.pl\/index.php\/wp-json\/wp\/v2\/product_tag?post=3467"}],"curies":[{"name":"wp","href":"https:\/\/api.w.org\/{rel}","templated":true}]}}