{"id":3469,"date":"2013-02-03T19:27:58","date_gmt":"2013-02-03T18:27:58","guid":{"rendered":"http:\/\/klubmamgdynia.pl\/index.php\/produkt\/pro-plan-duo-delice-adult-small-wolowina-i-ryz-25kg\/"},"modified":"2026-05-17T23:07:18","modified_gmt":"2026-05-17T21:07:18","slug":"pro-plan-duo-delice-adult-small-wolowina-i-ryz-25kg","status":"publish","type":"product","link":"http:\/\/klubmamgdynia.pl\/index.php\/produkt\/pro-plan-duo-delice-adult-small-wolowina-i-ryz-25kg\/","title":{"rendered":"Pro Plan Duo Delice Adult Small wo\u0142owina i ry\u017c 2,5kg"},"content":{"rendered":"<p>PRO PLAN jest lini\u0105 produkt\u00f3w zapewniaj\u0105c\u0105 wysokiej jako\u015bci \u017cywienie oparte o najnowocze\u015bniejsze badania naukowe, aby opracowa\u0107 najbardziej zaawansowane i skuteczne po\u0142\u0105czenie sk\u0142adnik\u00f3w od\u017cywczych dla Twojego ulubie\u0144ca.  Podstaw\u0105 ka\u017cdego produktu jest pe\u0142noporcjowe i zbilansowane po\u0142\u0105czenie niezb\u0119dnych dla zdrowia sk\u0142adnik\u00f3w od\u017cywczych. PRO PLAN zosta\u0142 stworzony ze starannie wyselekcjonowanych sk\u0142adnik\u00f3w wysokiej jako\u015bci, specjalnie skomponowanych tak, aby wspiera\u0107 d\u0142ugotrwa\u0142e zdrowie ps\u00f3w. Ka\u017cdy produkt PRO PLAN zosta\u0142 opracowany z najwy\u017csz\u0105 staranno\u015bci\u0105, aby dostarczy\u0107 psom doskona\u0142e \u017cywienie i smak, kt\u00f3ry uwielbiaj\u0105.                            <\/p>\n<p>ZALECENIA \u017bYWIENIOWE Zapoznaj si\u0119 z tabel\u0105 z rekomendowanymi dziennymi dawkami pokarmowymi. Przedstawione warto\u015bci s\u0105 jedynie wskaz\u00f3wkami. Aby pom\u00f3c utrzyma\u0107 w\u0142a\u015bciw\u0105 sylwetk\u0119 psa, dostosuj dawki pokarmowe do stopnia aktywno\u015bci, kondycji fizycznej i indywidualnych potrzeb. Czysta, \u015bwie\u017ca woda powinna by\u0107 dost\u0119pna przez ca\u0142y czas. W celu kontrolowania stanu zdrowia Twojego psa, konsultuj si\u0119 regularnie z lekarzem weterynarii.                            <\/p>\n<p>Sk\u0142ad: wo\u0142owina (17%), suszone bia\u0142ko drobiowe, pszenica, kukurydza, t\u0142uszcze zwierz\u0119ce, gluten pszenny, suszona pulpa buraczana, ry\u017c (4%), grys kukurydziany, digest, sk\u0142adniki mineralne, glicerol, suszone jajo, olej rybi, pra\u017cona m\u0105ka s\u0142odowa.<\/p>\n<p>Dodatki:<br \/>\nDodatki dietetyczne:<br \/>\nIU\/kg: wit. A: 33 000; wit. D3: 1100; wit. E: 550; mg\/kg: wit. C: 140; siarczan \u017celaza (II), monohydrat: (Fe: 82); bezwodny jodan wapnia: (I: 2.1); pentahydrat siarczanu miedzi (II): (Cu: 12); siarczan manganawy, monohydrat: (Mn: 39); jednowodny siarczan cynku: (Zn: 130); Selenin sodu: (Se: 0.12).<\/p>\n<p>Sk\u0142adniki analityczne:<br \/>\nbia\u0142ko: 28.0%,<br \/>\nt\u0142uszcz surowy: 17.0%,<br \/>\npopi\u00f3\u0142 surowy: 7.5%,<br \/>\nw\u0142\u00f3kno surowe: 2.0%.<\/p>\n<h2>Pro Plan Duo Delice Adult Small wo\u0142owina i ry\u017c 2,5kg Purina<\/h2>\n<p>wzruszajace cytaty o rodzinie, cytaty dla mamy od c\u00f3rki, quizy o koniach, zagadki, kolorowanka kotki do druku, sentencje o rodzinie, pomys\u0142y na pakowanie prezent\u00f3w, lol do druku, kolorowanki wakacje, kolorowanka antystresowa, aron<\/p>\n<p>yyyyy<\/p>\n<p>&nbsp;<\/p>\n","protected":false},"excerpt":{"rendered":"<p>PRO PLAN jest lini\u0105 produkt\u00f3w zapewniaj\u0105c\u0105 wysokiej jako\u015bci \u017cywienie oparte o najnowocze\u015bniejsze badania naukowe, aby opracowa\u0107 najbardziej zaawansowane i skuteczne po\u0142\u0105czenie sk\u0142adnik\u00f3w od\u017cywczych dla Twojego ulubie\u0144ca. Podstaw\u0105 ka\u017cdego produktu jest pe\u0142noporcjowe i zbilansowane po\u0142\u0105czenie niezb\u0119dnych dla zdrowia sk\u0142adnik\u00f3w od\u017cywczych. PRO PLAN zosta\u0142 stworzony ze starannie wyselekcjonowanych sk\u0142adnik\u00f3w wysokiej jako\u015bci, specjalnie skomponowanych tak, aby wspiera\u0107 d\u0142ugotrwa\u0142e [&hellip;]<\/p>\n","protected":false},"featured_media":3470,"comment_status":"closed","ping_status":"open","template":"","meta":[],"product_cat":[951,1066],"product_tag":[859,744,749,726,778],"class_list":["post-3469","product","type-product","status-publish","has-post-thumbnail","hentry","product_cat-karmy-dla-psow","product_cat-purina","product_tag-dobranoc-pchly-na-noc","product_tag-kolorowanki-swiateczne-do-wydruku","product_tag-najlepsze-zarty-na-prima-aprilis","product_tag-quiz-zemsta","product_tag-zabawki-na-roczek-dla-chlopca"],"_links":{"self":[{"href":"http:\/\/klubmamgdynia.pl\/index.php\/wp-json\/wp\/v2\/product\/3469","targetHints":{"allow":["GET"]}}],"collection":[{"href":"http:\/\/klubmamgdynia.pl\/index.php\/wp-json\/wp\/v2\/product"}],"about":[{"href":"http:\/\/klubmamgdynia.pl\/index.php\/wp-json\/wp\/v2\/types\/product"}],"replies":[{"embeddable":true,"href":"http:\/\/klubmamgdynia.pl\/index.php\/wp-json\/wp\/v2\/comments?post=3469"}],"wp:featuredmedia":[{"embeddable":true,"href":"http:\/\/klubmamgdynia.pl\/index.php\/wp-json\/wp\/v2\/media\/3470"}],"wp:attachment":[{"href":"http:\/\/klubmamgdynia.pl\/index.php\/wp-json\/wp\/v2\/media?parent=3469"}],"wp:term":[{"taxonomy":"product_cat","embeddable":true,"href":"http:\/\/klubmamgdynia.pl\/index.php\/wp-json\/wp\/v2\/product_cat?post=3469"},{"taxonomy":"product_tag","embeddable":true,"href":"http:\/\/klubmamgdynia.pl\/index.php\/wp-json\/wp\/v2\/product_tag?post=3469"}],"curies":[{"name":"wp","href":"https:\/\/api.w.org\/{rel}","templated":true}]}}