{"id":347,"date":"2021-08-15T10:36:13","date_gmt":"2021-08-15T08:36:13","guid":{"rendered":"http:\/\/klubmamgdynia.pl\/index.php\/produkt\/rodenstock-r7134-b-53-18-140\/"},"modified":"2026-04-03T21:11:01","modified_gmt":"2026-04-03T19:11:01","slug":"rodenstock-r7134-b-53-18-140","status":"publish","type":"product","link":"http:\/\/klubmamgdynia.pl\/index.php\/produkt\/rodenstock-r7134-b-53-18-140\/","title":{"rendered":"Rodenstock R7134 B (53-18-140)"},"content":{"rendered":"<p>Oprawy okularowe Rodenstock<\/p>\n<h2>Rodenstock R7134 B (53-18-140) Rodenstock<\/h2>\n<p>nela w krainie wombat\u00f3w, kolorowanka flamingi, jak rozmawia\u0107 z dzie\u0107mi o wojnie, uk\u0142ad s\u0142oneczny dla dzieci, bajeczki na dobranoc, trudne zagadki z odpowiedziami, najtrudniejsze zagadki, anio\u0142ki w niebie pisz\u0105, jaki prezent na roczek dla dziewczynki, kwiatek kwiaty do druku szablony, ma\u0142y ksi\u0105\u017ce test, zagadki dla dzieci logiczne, asiunia test, prezent na roczek nie zabawka, karaluchy pod poduchy a szczypawki<\/p>\n<p>yyyyy<\/p>\n<p>&nbsp;<\/p>\n","protected":false},"excerpt":{"rendered":"<p>Oprawy okularowe Rodenstock Rodenstock R7134 B (53-18-140) Rodenstock nela w krainie wombat\u00f3w, kolorowanka flamingi, jak rozmawia\u0107 z dzie\u0107mi o wojnie, uk\u0142ad s\u0142oneczny dla dzieci, bajeczki na dobranoc, trudne zagadki z odpowiedziami, najtrudniejsze zagadki, anio\u0142ki w niebie pisz\u0105, jaki prezent na roczek dla dziewczynki, kwiatek kwiaty do druku szablony, ma\u0142y ksi\u0105\u017ce test, zagadki dla dzieci logiczne, [&hellip;]<\/p>\n","protected":false},"featured_media":348,"comment_status":"closed","ping_status":"open","template":"","meta":[],"product_cat":[149,148],"product_tag":[622,683,731,590,769],"class_list":["post-347","product","type-product","status-publish","has-post-thumbnail","hentry","product_cat-okulary-oprawki-i-szkla","product_cat-rodenstock","product_tag-fajne-zagadki","product_tag-karaluchy-pod-poduchy","product_tag-maly-ksiaze-cytaty","product_tag-plac-zabaw-warszawa","product_tag-psi-patrol-do-czytania"],"_links":{"self":[{"href":"http:\/\/klubmamgdynia.pl\/index.php\/wp-json\/wp\/v2\/product\/347","targetHints":{"allow":["GET"]}}],"collection":[{"href":"http:\/\/klubmamgdynia.pl\/index.php\/wp-json\/wp\/v2\/product"}],"about":[{"href":"http:\/\/klubmamgdynia.pl\/index.php\/wp-json\/wp\/v2\/types\/product"}],"replies":[{"embeddable":true,"href":"http:\/\/klubmamgdynia.pl\/index.php\/wp-json\/wp\/v2\/comments?post=347"}],"wp:featuredmedia":[{"embeddable":true,"href":"http:\/\/klubmamgdynia.pl\/index.php\/wp-json\/wp\/v2\/media\/348"}],"wp:attachment":[{"href":"http:\/\/klubmamgdynia.pl\/index.php\/wp-json\/wp\/v2\/media?parent=347"}],"wp:term":[{"taxonomy":"product_cat","embeddable":true,"href":"http:\/\/klubmamgdynia.pl\/index.php\/wp-json\/wp\/v2\/product_cat?post=347"},{"taxonomy":"product_tag","embeddable":true,"href":"http:\/\/klubmamgdynia.pl\/index.php\/wp-json\/wp\/v2\/product_tag?post=347"}],"curies":[{"name":"wp","href":"https:\/\/api.w.org\/{rel}","templated":true}]}}