{"id":3475,"date":"2021-08-27T15:38:41","date_gmt":"2021-08-27T13:38:41","guid":{"rendered":"http:\/\/klubmamgdynia.pl\/index.php\/produkt\/geoworld-epoka-lodowcowa-tygrys-szablozebny-23cm-dr-steve-hunters-geo1677\/"},"modified":"2026-04-06T18:00:19","modified_gmt":"2026-04-06T16:00:19","slug":"geoworld-epoka-lodowcowa-tygrys-szablozebny-23cm-dr-steve-hunters-geo1677","status":"publish","type":"product","link":"http:\/\/klubmamgdynia.pl\/index.php\/produkt\/geoworld-epoka-lodowcowa-tygrys-szablozebny-23cm-dr-steve-hunters-geo1677\/","title":{"rendered":"Geoworld Epoka Lodowcowa Tygrys Szabloz\u0119bny 23Cm Dr Steve Hunters Geo1677"},"content":{"rendered":"<p>Geoworld Wyprawa Paleontologiczna Epoka Lodowcowa Zestaw zawiera: blok gipsowy z ukrytymi tr\u00f3jwymiarowymi elementami szkieletu dinozaura do wydobycia i z\u0142o\u017cenia narz\u0119dzia (m\u0142otek, d\u0142uto, p\u0119dzelek) graficzna instrukcja To nowa marka dzieci w wieku od 4 do 12 lat. Marka dr. Stevea Huntersa zosta\u0142a stworzona wok\u00f3\u0142 postaci z komiksu, mi\u0142ego geologa i paleontologa alter ego pana Stefano Piccini. Wsp\u00f3\u0142pracownicy dr. Stevea Huntersa s\u0105 wybierani przez przypadek, maj\u0105 specjaln\u0105 specjalizacj\u0119, razem towarzysz\u0105 dzieciom w odkrywaniu nauk, takich jak mineralogia i anatomia w odwa\u017cny spos\u00f3b poprzez zabawny j\u0119zyk. W 1988 r. Stefano Piccini, paleontolog i geolog, otworzy\u0142 sw\u00f3j pierwszy sklep w Cividale del Friuli (W\u0142ochy) i nazwa\u0142 go Geolinea. Pocz\u0105tkowo Geolinea by\u0142a specjalist\u0105 od czyszczenia i przywracania skamielin i minera\u0142\u00f3w. W ci\u0105gu kilku lat laboratorium szybko si\u0119 rozwija\u0142o, staj\u0105c si\u0119 punktem orientacyjnym w swojej dziedzinie. Dzi\u015b laboratorium paleontologiczne liczy 30 lat do\u015bwiadczenia w przywracaniu skamielin o wysokiej warto\u015bci naukowej i wykonywaniu doskona\u0142ych replik dla muze\u00f3w, uniwersytet\u00f3w, galerii i wystaw na ca\u0142ym \u015bwiecie.<\/p>\n<h2>Geoworld Epoka Lodowcowa Tygrys Szabloz\u0119bny 23Cm Dr Steve Hunters Geo1677 Geoworld<\/h2>\n<p>narysowa\u0107 rysunki \u0142atwe, warszawa z dzieckiem, auto kolorowanka, prezent dla pi\u0119tnastolatka, park ujazdowski, piosenka na dzie\u0144 mamy tekst, prezent dla jedenastolatka, swinka peppa obrazek, gry planszowe dla nastolatk\u00f3w<\/p>\n<p>yyyyy<\/p>\n<p>&nbsp;<\/p>\n","protected":false},"excerpt":{"rendered":"<p>Geoworld Wyprawa Paleontologiczna Epoka Lodowcowa Zestaw zawiera: blok gipsowy z ukrytymi tr\u00f3jwymiarowymi elementami szkieletu dinozaura do wydobycia i z\u0142o\u017cenia narz\u0119dzia (m\u0142otek, d\u0142uto, p\u0119dzelek) graficzna instrukcja To nowa marka dzieci w wieku od 4 do 12 lat. Marka dr. Stevea Huntersa zosta\u0142a stworzona wok\u00f3\u0142 postaci z komiksu, mi\u0142ego geologa i paleontologa alter ego pana Stefano Piccini. [&hellip;]<\/p>\n","protected":false},"featured_media":3476,"comment_status":"closed","ping_status":"open","template":"","meta":[],"product_cat":[1078,72],"product_tag":[662,867,810,751,675],"class_list":["post-3475","product","type-product","status-publish","has-post-thumbnail","hentry","product_cat-geoworld","product_cat-mali-naukowcy","product_tag-bajki-na-dobranoc","product_tag-kolorowanki-dla-dziewczynek","product_tag-nauka-zegara-do-druku","product_tag-psi-patrol-kolorowanka","product_tag-test-z-lektury-kajko-i-kokosz-szkola-latania"],"_links":{"self":[{"href":"http:\/\/klubmamgdynia.pl\/index.php\/wp-json\/wp\/v2\/product\/3475","targetHints":{"allow":["GET"]}}],"collection":[{"href":"http:\/\/klubmamgdynia.pl\/index.php\/wp-json\/wp\/v2\/product"}],"about":[{"href":"http:\/\/klubmamgdynia.pl\/index.php\/wp-json\/wp\/v2\/types\/product"}],"replies":[{"embeddable":true,"href":"http:\/\/klubmamgdynia.pl\/index.php\/wp-json\/wp\/v2\/comments?post=3475"}],"wp:featuredmedia":[{"embeddable":true,"href":"http:\/\/klubmamgdynia.pl\/index.php\/wp-json\/wp\/v2\/media\/3476"}],"wp:attachment":[{"href":"http:\/\/klubmamgdynia.pl\/index.php\/wp-json\/wp\/v2\/media?parent=3475"}],"wp:term":[{"taxonomy":"product_cat","embeddable":true,"href":"http:\/\/klubmamgdynia.pl\/index.php\/wp-json\/wp\/v2\/product_cat?post=3475"},{"taxonomy":"product_tag","embeddable":true,"href":"http:\/\/klubmamgdynia.pl\/index.php\/wp-json\/wp\/v2\/product_tag?post=3475"}],"curies":[{"name":"wp","href":"https:\/\/api.w.org\/{rel}","templated":true}]}}