{"id":3477,"date":"2014-08-25T15:29:46","date_gmt":"2014-08-25T13:29:46","guid":{"rendered":"http:\/\/klubmamgdynia.pl\/index.php\/produkt\/djeco-zrob-to-sam-dzwonek-wietrzny-gwiazdy\/"},"modified":"2026-05-17T22:00:14","modified_gmt":"2026-05-17T20:00:14","slug":"djeco-zrob-to-sam-dzwonek-wietrzny-gwiazdy","status":"publish","type":"product","link":"http:\/\/klubmamgdynia.pl\/index.php\/produkt\/djeco-zrob-to-sam-dzwonek-wietrzny-gwiazdy\/","title":{"rendered":"Djeco Zr\u00f3b To Sam &#8211; Dzwonek Wietrzny Gwiazdy"},"content":{"rendered":"<p>Przepi\u0119kny, oryginalny \u0142apacz sn\u00f3w w\u0142asnor\u0119cznie zrobiony przez dziecko to pow\u00f3d do dumy oraz wspania\u0142a dekoracja pokoju.Zadaniem dziecka jest stworzenie dzwoneczka wietrzenego gwiazdy.Zestaw rozwija wyobra\u017ani\u0119, kreatywno\u015b\u0107 oraz kszta\u0142tuje koordynacj\u0119 r\u0119ka-oko.Wiek: 5l+Zestaw zawiera: kartonik z wizerunkiem kosmosu, 8 kartonowych ro\u017ck\u00f3w, kolorowe koraliki, 5 woskowych sznureczk\u00f3w, 5 metalowych dzwoneczk\u00f3w, arkusz naklejek oraz instrukcja obrazkowaWymiar: 18&#215;40 cm<\/p>\n<h2>Djeco Zr\u00f3b To Sam &#8211; Dzwonek Wietrzny Gwiazdy Djeco<\/h2>\n<p>wiosenne zagadki, najlepsze \u017carty na prima aprilis, kuba imi\u0119, historia pluszowego misia dla dzieci, bajka terapeutyczna o dokuczaniu, jak narysowa\u0107 kota, miko\u0142ajek sprawdzian z lektury z odpowiedziami, audiobooki dla dzieci za darmo, warszawa dzieci, test z tajemniczego ogrodu, aurelia imi\u0119, urodziny dziecka pomys\u0142y, najtrudniejsze zagadki, prezent na \u015bwi\u0119ta dla nastolatka, nauka pisania literek do wydruku pdf<\/p>\n<p>yyyyy<\/p>\n<p>&nbsp;<\/p>\n","protected":false},"excerpt":{"rendered":"<p>Przepi\u0119kny, oryginalny \u0142apacz sn\u00f3w w\u0142asnor\u0119cznie zrobiony przez dziecko to pow\u00f3d do dumy oraz wspania\u0142a dekoracja pokoju.Zadaniem dziecka jest stworzenie dzwoneczka wietrzenego gwiazdy.Zestaw rozwija wyobra\u017ani\u0119, kreatywno\u015b\u0107 oraz kszta\u0142tuje koordynacj\u0119 r\u0119ka-oko.Wiek: 5l+Zestaw zawiera: kartonik z wizerunkiem kosmosu, 8 kartonowych ro\u017ck\u00f3w, kolorowe koraliki, 5 woskowych sznureczk\u00f3w, 5 metalowych dzwoneczk\u00f3w, arkusz naklejek oraz instrukcja obrazkowaWymiar: 18&#215;40 cm Djeco Zr\u00f3b [&hellip;]<\/p>\n","protected":false},"featured_media":3478,"comment_status":"closed","ping_status":"open","template":"","meta":[],"product_cat":[434,72],"product_tag":[720,630,764,649],"class_list":["post-3477","product","type-product","status-publish","has-post-thumbnail","hentry","product_cat-djeco","product_cat-mali-naukowcy","product_tag-malowanki","product_tag-podchwytliwe-zagadki-z-odpowiedziami","product_tag-prezenty-na-roczek-dla-dziewczynki","product_tag-zagadki-dla-nastolatkow"],"_links":{"self":[{"href":"http:\/\/klubmamgdynia.pl\/index.php\/wp-json\/wp\/v2\/product\/3477","targetHints":{"allow":["GET"]}}],"collection":[{"href":"http:\/\/klubmamgdynia.pl\/index.php\/wp-json\/wp\/v2\/product"}],"about":[{"href":"http:\/\/klubmamgdynia.pl\/index.php\/wp-json\/wp\/v2\/types\/product"}],"replies":[{"embeddable":true,"href":"http:\/\/klubmamgdynia.pl\/index.php\/wp-json\/wp\/v2\/comments?post=3477"}],"wp:featuredmedia":[{"embeddable":true,"href":"http:\/\/klubmamgdynia.pl\/index.php\/wp-json\/wp\/v2\/media\/3478"}],"wp:attachment":[{"href":"http:\/\/klubmamgdynia.pl\/index.php\/wp-json\/wp\/v2\/media?parent=3477"}],"wp:term":[{"taxonomy":"product_cat","embeddable":true,"href":"http:\/\/klubmamgdynia.pl\/index.php\/wp-json\/wp\/v2\/product_cat?post=3477"},{"taxonomy":"product_tag","embeddable":true,"href":"http:\/\/klubmamgdynia.pl\/index.php\/wp-json\/wp\/v2\/product_tag?post=3477"}],"curies":[{"name":"wp","href":"https:\/\/api.w.org\/{rel}","templated":true}]}}