{"id":3479,"date":"2025-01-06T15:31:51","date_gmt":"2025-01-06T14:31:51","guid":{"rendered":"http:\/\/klubmamgdynia.pl\/?post_type=product&#038;p=3479"},"modified":"2026-04-28T11:46:32","modified_gmt":"2026-04-28T09:46:32","slug":"schleich-zloty-lew-85-lecie-schleich-edycja-specjalna-72156","status":"publish","type":"product","link":"http:\/\/klubmamgdynia.pl\/index.php\/produkt\/schleich-zloty-lew-85-lecie-schleich-edycja-specjalna-72156\/","title":{"rendered":"Schleich Z\u0142oty Lew 85-lecie Schleich Edycja Specjalna 72156"},"content":{"rendered":"<p>Ekskluzywna, limitowana figurka na 85-lecie marki Schleich. Figurka jest pomalowana na z\u0142oty kolor. Grzywa lwa zosta\u0142a pokryta kolorowym brokatem. Na prawym boku lwa znajduje si\u0119 6 kolorowych pask\u00f3w, odpowiadaj\u0105cych poszczeg\u00f3lnyn seriom \u015bwiat\u00f3w Schleich (Wild Life, Farm World, Horse Club, bayala\u00ae, Dinosaurs, Eldorador\u00ae Creatures) oraz numer 85, upami\u0119tniaj\u0105cy 85. rocznic\u0119 za\u0142o\u017cenia firmy.Firma Schleich powsta\u0142a w 1935 roku dzi\u0119ki pomys\u0142owi Friedricha Schleicha. Po raz pierwszy jej figurki zosta\u0142y wydane w latach 50. XX wieku. Pocz\u0105tkowo by\u0142y to popularne i lubiane postaci z serii Smerfy, Snoopy czy Muppety. W latach 80. wprowadzono do oferty firmy figurki zwierz\u0105t.Figurki Schleich s\u0142yn\u0105 z niezwyk\u0142ej dba\u0142o\u015bci wykonania: projekt figurki jest wielokrotnie konsultowany ze specjalistami, wa\u017cny jest ka\u017cdy szczeg\u00f3\u0142! Nast\u0119pnie zostaje ona starannie odlana i r\u0119cznie pomalowana, by jak najwierniej odwzorowa\u0107 rzeczywisty wygl\u0105d zwierz\u0119cia b\u0105d\u017a postaci.CiekawostkaFigurka wydana w ograniczonych ilo\u015bciach w 2020 roku.Od 3. roku \u017cycia.<\/p>\n<h2>Schleich Z\u0142oty Lew 85-lecie Schleich Edycja Specjalna 72156 Schleich<\/h2>\n<p>kawa\u0142y na prima aprilis dla rodzic\u00f3w, roza imie, jaki prezent na roczek dla dziewczynki, prezent na \u015bwi\u0119ta dla nastolatka<\/p>\n<p>yyyyy<\/p>\n<p>&nbsp;<\/p>\n","protected":false},"excerpt":{"rendered":"<p>Ekskluzywna, limitowana figurka na 85-lecie marki Schleich. Figurka jest pomalowana na z\u0142oty kolor. Grzywa lwa zosta\u0142a pokryta kolorowym brokatem. Na prawym boku lwa znajduje si\u0119 6 kolorowych pask\u00f3w, odpowiadaj\u0105cych poszczeg\u00f3lnyn seriom \u015bwiat\u00f3w Schleich (Wild Life, Farm World, Horse Club, bayala\u00ae, Dinosaurs, Eldorador\u00ae Creatures) oraz numer 85, upami\u0119tniaj\u0105cy 85. rocznic\u0119 za\u0142o\u017cenia firmy.Firma Schleich powsta\u0142a w 1935 [&hellip;]<\/p>\n","protected":false},"featured_media":3480,"comment_status":"closed","ping_status":"open","template":"","meta":[],"product_cat":[95,952],"product_tag":[716,619,729],"class_list":["post-3479","product","type-product","status-publish","has-post-thumbnail","hentry","product_cat-figurki-makiety-i-zestawy","product_cat-schleich","product_tag-filmy-animowane-o-swietach","product_tag-iwo-imie","product_tag-madre-bajki-dla-dzieci-do-czytania"],"_links":{"self":[{"href":"http:\/\/klubmamgdynia.pl\/index.php\/wp-json\/wp\/v2\/product\/3479","targetHints":{"allow":["GET"]}}],"collection":[{"href":"http:\/\/klubmamgdynia.pl\/index.php\/wp-json\/wp\/v2\/product"}],"about":[{"href":"http:\/\/klubmamgdynia.pl\/index.php\/wp-json\/wp\/v2\/types\/product"}],"replies":[{"embeddable":true,"href":"http:\/\/klubmamgdynia.pl\/index.php\/wp-json\/wp\/v2\/comments?post=3479"}],"wp:featuredmedia":[{"embeddable":true,"href":"http:\/\/klubmamgdynia.pl\/index.php\/wp-json\/wp\/v2\/media\/3480"}],"wp:attachment":[{"href":"http:\/\/klubmamgdynia.pl\/index.php\/wp-json\/wp\/v2\/media?parent=3479"}],"wp:term":[{"taxonomy":"product_cat","embeddable":true,"href":"http:\/\/klubmamgdynia.pl\/index.php\/wp-json\/wp\/v2\/product_cat?post=3479"},{"taxonomy":"product_tag","embeddable":true,"href":"http:\/\/klubmamgdynia.pl\/index.php\/wp-json\/wp\/v2\/product_tag?post=3479"}],"curies":[{"name":"wp","href":"https:\/\/api.w.org\/{rel}","templated":true}]}}