{"id":3483,"date":"2011-09-06T18:53:28","date_gmt":"2011-09-06T16:53:28","guid":{"rendered":"http:\/\/klubmamgdynia.pl\/index.php\/produkt\/mario-inex-mini-waffle-280el-ulica\/"},"modified":"2026-05-17T22:21:07","modified_gmt":"2026-05-17T20:21:07","slug":"mario-inex-mini-waffle-280el-ulica","status":"publish","type":"product","link":"http:\/\/klubmamgdynia.pl\/index.php\/produkt\/mario-inex-mini-waffle-280el-ulica\/","title":{"rendered":"Mario Inex Mini Waffle 280El. Ulica"},"content":{"rendered":"<p>W zestawie znajdziesz 280 element\u00f3w. NAZWA MINI WAFFLE 280 ELEMENT\u00d3W ULICA PRODUCENT MARIOINEX EAN 5903033904183 Znajd\u017a podobne wed\u0142ug klucza: MARIOINEX MINI (453368)<\/p>\n<h2>Mario Inex Mini Waffle 280El. Ulica Marioinex<\/h2>\n<p>zagadki dla dzieci 7-8 lat online, literki do nauki pisania do druku, prezent dla pi\u0119tnastolatka, zabawka dla rocznej dziewczynki, nietypowe imiona \u017ce\u0144skie, lol kolorowanka, logiczne zagadki, cytaty o wychowaniu i nauczaniu, zabawy z 7 latkiem, by\u0142 sobie kr\u00f3l, imi\u0119 pola, prezenty dla 7 latka, kwiecien plecien, maski superbohater\u00f3w do wydrukowania, wiosna kolorowanka do druku, bianka, kwiaty polne nazwy, zagadki na logik\u0119<\/p>\n<p>yyyyy<\/p>\n<p>&nbsp;<\/p>\n","protected":false},"excerpt":{"rendered":"<p>W zestawie znajdziesz 280 element\u00f3w. NAZWA MINI WAFFLE 280 ELEMENT\u00d3W ULICA PRODUCENT MARIOINEX EAN 5903033904183 Znajd\u017a podobne wed\u0142ug klucza: MARIOINEX MINI (453368) Mario Inex Mini Waffle 280El. Ulica Marioinex zagadki dla dzieci 7-8 lat online, literki do nauki pisania do druku, prezent dla pi\u0119tnastolatka, zabawka dla rocznej dziewczynki, nietypowe imiona \u017ce\u0144skie, lol kolorowanka, logiczne zagadki, [&hellip;]<\/p>\n","protected":false},"featured_media":3484,"comment_status":"closed","ping_status":"open","template":"","meta":[],"product_cat":[113,328],"product_tag":[847,637,661,741,809,698],"class_list":["post-3483","product","type-product","status-publish","has-post-thumbnail","hentry","product_cat-klocki","product_cat-marioinex","product_tag-kolorowanki-pokemon","product_tag-niech-zyja-wakacje-tekst","product_tag-swinka-peppa-kolorowanka","product_tag-wlochy","product_tag-zagadki","product_tag-zagadki-dla-przedszkolakow"],"_links":{"self":[{"href":"http:\/\/klubmamgdynia.pl\/index.php\/wp-json\/wp\/v2\/product\/3483","targetHints":{"allow":["GET"]}}],"collection":[{"href":"http:\/\/klubmamgdynia.pl\/index.php\/wp-json\/wp\/v2\/product"}],"about":[{"href":"http:\/\/klubmamgdynia.pl\/index.php\/wp-json\/wp\/v2\/types\/product"}],"replies":[{"embeddable":true,"href":"http:\/\/klubmamgdynia.pl\/index.php\/wp-json\/wp\/v2\/comments?post=3483"}],"wp:featuredmedia":[{"embeddable":true,"href":"http:\/\/klubmamgdynia.pl\/index.php\/wp-json\/wp\/v2\/media\/3484"}],"wp:attachment":[{"href":"http:\/\/klubmamgdynia.pl\/index.php\/wp-json\/wp\/v2\/media?parent=3483"}],"wp:term":[{"taxonomy":"product_cat","embeddable":true,"href":"http:\/\/klubmamgdynia.pl\/index.php\/wp-json\/wp\/v2\/product_cat?post=3483"},{"taxonomy":"product_tag","embeddable":true,"href":"http:\/\/klubmamgdynia.pl\/index.php\/wp-json\/wp\/v2\/product_tag?post=3483"}],"curies":[{"name":"wp","href":"https:\/\/api.w.org\/{rel}","templated":true}]}}