{"id":3487,"date":"2016-10-08T12:45:48","date_gmt":"2016-10-08T10:45:48","guid":{"rendered":"http:\/\/klubmamgdynia.pl\/index.php\/produkt\/b-box-kubek-treningowy-240ml-borowkowy\/"},"modified":"2026-04-22T22:23:20","modified_gmt":"2026-04-22T20:23:20","slug":"b-box-kubek-treningowy-240ml-borowkowy","status":"publish","type":"product","link":"http:\/\/klubmamgdynia.pl\/index.php\/produkt\/b-box-kubek-treningowy-240ml-borowkowy\/","title":{"rendered":"B.Box Kubek Treningowy 240Ml Bor\u00f3wkowy"},"content":{"rendered":"<p>B.Box Kubek Treningowy 240Ml Bor\u00f3wkowy<\/p>\n<p>Kubek treningowy B.Box, kt\u00f3ry uczy dziecko picia ze zwyk\u0142ej<br \/>\nszklanki bez nadmiernego rozlewania. Specjalna konstrukcja pokrywki,<br \/>\nminimalizuje wyciekanie zawarto\u015bci, a dzi\u0119ki temu, \u017ce jest ona prze\u017aroczysta<br \/>\ndzieci mog\u0105 kontrolowa\u0107 stopie\u0144 przechylenia kubka i uczy\u0107 si\u0119 odpowiedniej<br \/>\nkontroli i koordynacji ruchowej.<\/p>\n<p>\u00a0<\/p>\n<p>Treningowy kubek b.box:<\/p>\n<p>pozwala dziecku na nauk\u0119 picia ze zwyk\u0142ego z kubka<br \/>\n&#8222;jak doros\u0142y&#8221;;<\/p>\n<p>konstrukcja pokrywki minimalizuje wycieki<\/p>\n<p>p\u0142yn wprowadzany jest do obr\u0119czy, co u\u0142atwia swobodny<br \/>\nprzep\u0142yw i dziecko pije jak ze szklanki (bez ustnik\u00f3w, s\u0142omek itp.);<\/p>\n<p>dno nakr\u0119tki jest przezroczyste &#8211; dziecko widzi p\u0142yn w<br \/>\nkubku i uczy si\u0119 ocenia\u0107 jak mocno nale\u017cy go przechyli\u0107 by wygodnie si\u0119 napi\u0107;<\/p>\n<p>mo\u017ce s\u0142u\u017cy\u0107 dziecku na r\u00f3\u017cnych etapach rozwoju;                            <\/p>\n<p>kszta\u0142t kubeczka jest wyprofilowany co u\u0142atwia dziecku jego<br \/>\ntrzymanie;<\/p>\n<p>na \u015bciance znajduje si\u0119 podzia\u0142ka;<\/p>\n<p>doskonale komponuje si\u0119 innymi akcesoriami b.box;<\/p>\n<p>dla dzieci powy\u017cej 12 miesi\u0105ca \u017cycia.<\/p>\n<p>\u00a0<\/p>\n<p>Materia\u0142: tworzywo bez BPA, ftalan\u00f3w i PCW<\/p>\n<p>Pojemno\u015b\u0107: 240 ml<\/p>\n<p>\u00a0<\/p>\n<p>Producent: B.Box<\/p>\n<p>Kolor: Malinowy<\/p>\n<p>\u00a0<\/p>\n<p>Uwaga! Kubek treningowy B.Box nie jest niekapkiem<\/p>\n<h2>B.Box Kubek Treningowy 240Ml Bor\u00f3wkowy b.box<\/h2>\n<p>cytaty o mamie, literki, wydarzenia dla dzieci warszawa, trudne zagadki z odpowiedziami, psi patrol kolorowanki, literki<\/p>\n<p>yyyyy<\/p>\n<p>&nbsp;<\/p>\n","protected":false},"excerpt":{"rendered":"<p>B.Box Kubek Treningowy 240Ml Bor\u00f3wkowy Kubek treningowy B.Box, kt\u00f3ry uczy dziecko picia ze zwyk\u0142ej szklanki bez nadmiernego rozlewania. Specjalna konstrukcja pokrywki, minimalizuje wyciekanie zawarto\u015bci, a dzi\u0119ki temu, \u017ce jest ona prze\u017aroczysta dzieci mog\u0105 kontrolowa\u0107 stopie\u0144 przechylenia kubka i uczy\u0107 si\u0119 odpowiedniej kontroli i koordynacji ruchowej. \u00a0 Treningowy kubek b.box: pozwala dziecku na nauk\u0119 picia ze [&hellip;]<\/p>\n","protected":false},"featured_media":3488,"comment_status":"closed","ping_status":"open","template":"","meta":[],"product_cat":[1073,215],"product_tag":[734,818,858,785,726],"class_list":["post-3487","product","type-product","status-publish","has-post-thumbnail","hentry","product_cat-b-box","product_cat-naczynia-i-sztucce-dla-dzieci","product_tag-milan-imie","product_tag-oliwier","product_tag-podchwytliwe-zagadki","product_tag-prezent-dla-nastolatkow","product_tag-quiz-zemsta"],"_links":{"self":[{"href":"http:\/\/klubmamgdynia.pl\/index.php\/wp-json\/wp\/v2\/product\/3487","targetHints":{"allow":["GET"]}}],"collection":[{"href":"http:\/\/klubmamgdynia.pl\/index.php\/wp-json\/wp\/v2\/product"}],"about":[{"href":"http:\/\/klubmamgdynia.pl\/index.php\/wp-json\/wp\/v2\/types\/product"}],"replies":[{"embeddable":true,"href":"http:\/\/klubmamgdynia.pl\/index.php\/wp-json\/wp\/v2\/comments?post=3487"}],"wp:featuredmedia":[{"embeddable":true,"href":"http:\/\/klubmamgdynia.pl\/index.php\/wp-json\/wp\/v2\/media\/3488"}],"wp:attachment":[{"href":"http:\/\/klubmamgdynia.pl\/index.php\/wp-json\/wp\/v2\/media?parent=3487"}],"wp:term":[{"taxonomy":"product_cat","embeddable":true,"href":"http:\/\/klubmamgdynia.pl\/index.php\/wp-json\/wp\/v2\/product_cat?post=3487"},{"taxonomy":"product_tag","embeddable":true,"href":"http:\/\/klubmamgdynia.pl\/index.php\/wp-json\/wp\/v2\/product_tag?post=3487"}],"curies":[{"name":"wp","href":"https:\/\/api.w.org\/{rel}","templated":true}]}}