{"id":3489,"date":"2013-04-18T11:41:00","date_gmt":"2013-04-18T09:41:00","guid":{"rendered":"http:\/\/klubmamgdynia.pl\/index.php\/produkt\/gra-planszowa-alexander-iq-games-programator-2442\/"},"modified":"2026-04-08T15:53:53","modified_gmt":"2026-04-08T13:53:53","slug":"gra-planszowa-alexander-iq-games-programator-2442","status":"publish","type":"product","link":"http:\/\/klubmamgdynia.pl\/index.php\/produkt\/gra-planszowa-alexander-iq-games-programator-2442\/","title":{"rendered":"Gra planszowa Alexander IQ Games Programator 2442"},"content":{"rendered":"<p>IQ GamesGry logiczne to jedna z najbardziej uniwersalnych rozrywek. Wspaniale trafiaj\u0105 w gusta niezale\u017cnie od wieku, a tak\u017ce s\u0105 \u015bwietnym pomys\u0142em na prezent nie tylko dla wielbicieli plansz\u00f3wek.W 2019 roku Alexander wprowadzi\u0142 na rynek now\u0105 seri\u0119 gier logicznych IQ GAMES. Na pocz\u0105tku w serii pojawi\u0142y si\u0119 dwa tytu\u0142y \u201eCztery do Wygranej\u201d oraz \u201eKombinator\u201d w dw\u00f3ch ods\u0142onach ( Kwadraty i Sze\u015bciok\u0105ty). Obie niebanalne, a jednocze\u015bnie nieprzekombinowane z miejsca zdoby\u0142y serca graczy. Zaraz po premierze \u201eCztery do Wygranej\u201d otrzyma\u0142o wyr\u00f3\u017cnienie w Konkursie Gra Roku Targ\u00f3w GRA I ZABAWA 2019.Id\u0105c za ciosem Alexander postanowi\u0142 rozbudowa\u0107 seri\u0119 o kolejne tytu\u0142y i tak w\u0142a\u015bnie mamy premier\u0119 sze\u015bciu kolejnych gier przy, kt\u00f3rych ca\u0142e rodziny z rado\u015bci\u0105 b\u0119d\u0105 \u0142ama\u0142y sobie wsp\u00f3lnie g\u0142owy.                            <\/p>\n<p>            Alexander IQ Games Heksagon 2441<\/p>\n<p>            Alexander IQ Games Dekoder 2433<\/p>\n<p>            Alexander IQ Games Programator 2442<\/p>\n<p>            Alexander IQ Games Quartis 2440<\/p>\n<p>            Alexander IQ Games Fuzja 2431<\/p>\n<p>            Alexander IQ Games Kombinator Sze\u015bciok\u0105ty 2291<\/p>\n<p>            Alexander IQ Games Kombinator Kwadraty 2275<\/p>\n<p>            Alexander IQ Games Cztery Do Wygranej 2272<\/p>\n<p>Nagrody<\/p>\n<h2>Gra planszowa Alexander IQ Games Programator 2442 Alexander<\/h2>\n<p>chase kolorowanka, glupie zagadki, rzadkie imiona \u017ce\u0144skie polskie, linda, bajki do czytania online, znajd\u017a r\u00f3\u017cnice do druku, kolorowanki jesie\u0144 do druku, iwo imi\u0119, bajka na dobranoc do czytania, test wiedzy zemsta, zagadki dla dzieci 7-8 lat, cytaty o dzieciach, testy na znaki drogowe, kolorowanka spongebob, test ze znak\u00f3w drogowych, test z opowie\u015bci z narnii lew czarownica i stara szafa, oryginalny prezent dla nastolatk\u00f3w, zagadki logiczne na inteligencj\u0119, zagadki kr\u00f3tkie<\/p>\n<p>yyyyy<\/p>\n<p>&nbsp;<\/p>\n","protected":false},"excerpt":{"rendered":"<p>IQ GamesGry logiczne to jedna z najbardziej uniwersalnych rozrywek. Wspaniale trafiaj\u0105 w gusta niezale\u017cnie od wieku, a tak\u017ce s\u0105 \u015bwietnym pomys\u0142em na prezent nie tylko dla wielbicieli plansz\u00f3wek.W 2019 roku Alexander wprowadzi\u0142 na rynek now\u0105 seri\u0119 gier logicznych IQ GAMES. Na pocz\u0105tku w serii pojawi\u0142y si\u0119 dwa tytu\u0142y \u201eCztery do Wygranej\u201d oraz \u201eKombinator\u201d w dw\u00f3ch [&hellip;]<\/p>\n","protected":false},"featured_media":3490,"comment_status":"closed","ping_status":"open","template":"","meta":[],"product_cat":[246,235],"product_tag":[611,719,657,820],"class_list":["post-3489","product","type-product","status-publish","has-post-thumbnail","hentry","product_cat-alexander","product_cat-gry-planszowe","product_tag-bajki-do-czytania-psi-patrol","product_tag-dziecko-cytaty-zlote-mysli","product_tag-lol-kolorowanka","product_tag-ziemia-wyspa-zielona-tekst"],"_links":{"self":[{"href":"http:\/\/klubmamgdynia.pl\/index.php\/wp-json\/wp\/v2\/product\/3489","targetHints":{"allow":["GET"]}}],"collection":[{"href":"http:\/\/klubmamgdynia.pl\/index.php\/wp-json\/wp\/v2\/product"}],"about":[{"href":"http:\/\/klubmamgdynia.pl\/index.php\/wp-json\/wp\/v2\/types\/product"}],"replies":[{"embeddable":true,"href":"http:\/\/klubmamgdynia.pl\/index.php\/wp-json\/wp\/v2\/comments?post=3489"}],"wp:featuredmedia":[{"embeddable":true,"href":"http:\/\/klubmamgdynia.pl\/index.php\/wp-json\/wp\/v2\/media\/3490"}],"wp:attachment":[{"href":"http:\/\/klubmamgdynia.pl\/index.php\/wp-json\/wp\/v2\/media?parent=3489"}],"wp:term":[{"taxonomy":"product_cat","embeddable":true,"href":"http:\/\/klubmamgdynia.pl\/index.php\/wp-json\/wp\/v2\/product_cat?post=3489"},{"taxonomy":"product_tag","embeddable":true,"href":"http:\/\/klubmamgdynia.pl\/index.php\/wp-json\/wp\/v2\/product_tag?post=3489"}],"curies":[{"name":"wp","href":"https:\/\/api.w.org\/{rel}","templated":true}]}}