{"id":349,"date":"2023-02-21T18:32:40","date_gmt":"2023-02-21T17:32:40","guid":{"rendered":"http:\/\/klubmamgdynia.pl\/index.php\/produkt\/carrera-evolution-6x-ramie-zewnetrzne-do-zaketu-30-3-20020563\/"},"modified":"2026-04-05T12:27:43","modified_gmt":"2026-04-05T10:27:43","slug":"carrera-evolution-6x-ramie-zewnetrzne-do-zaketu-30-3-20020563","status":"publish","type":"product","link":"http:\/\/klubmamgdynia.pl\/index.php\/produkt\/carrera-evolution-6x-ramie-zewnetrzne-do-zaketu-30-3-20020563\/","title":{"rendered":"Carrera Evolution 6X Rami\u0119 Zewn\u0119trzne Do Zaketu 30 &#8211; 3 &#8211; 20020563"},"content":{"rendered":"<p>PROMOCJA &#8211; TANIA DOSTAWA ! &#8211; Carrera Evolution 6x rami\u0119 zewn\u0119trzne do zaketu 30 &#8211; 3 &#8211; 20020563 &#8211; PACZKOMAT, POCZTA, KURIER<\/p>\n<h2>Carrera Evolution 6X Rami\u0119 Zewn\u0119trzne Do Zaketu 30 &#8211; 3 &#8211; 20020563 Carrera<\/h2>\n<p>koreczki dla dzieci na urodziny, wakacje kolorowanka, spiderman kolorowanka, prezent na urodziny dla nastolatk\u00f3w, dla dzieci warszawa, zaproszenia na urodziny do wydruku czarno bia\u0142e, cukierku ty \u0142obuzie test, szablon zaproszenia na urodziny do wydruku czarno bia\u0142e, malgorzata znaczenie imienia, oliwier, testy z lektury opowie\u015bci z narnii lew czarownica i stara szafa<\/p>\n<p>yyyyy<\/p>\n<p>&nbsp;<\/p>\n","protected":false},"excerpt":{"rendered":"<p>PROMOCJA &#8211; TANIA DOSTAWA ! &#8211; Carrera Evolution 6x rami\u0119 zewn\u0119trzne do zaketu 30 &#8211; 3 &#8211; 20020563 &#8211; PACZKOMAT, POCZTA, KURIER Carrera Evolution 6X Rami\u0119 Zewn\u0119trzne Do Zaketu 30 &#8211; 3 &#8211; 20020563 Carrera koreczki dla dzieci na urodziny, wakacje kolorowanka, spiderman kolorowanka, prezent na urodziny dla nastolatk\u00f3w, dla dzieci warszawa, zaproszenia na urodziny [&hellip;]<\/p>\n","protected":false},"featured_media":350,"comment_status":"closed","ping_status":"open","template":"","meta":[],"product_cat":[140,141],"product_tag":[833,660,720,816],"class_list":["post-349","product","type-product","status-publish","has-post-thumbnail","hentry","product_cat-carrera","product_cat-parkingi-garaze-i-tory-wyscigowe","product_tag-bajki-dla-dzieci-do-czytania","product_tag-bianka","product_tag-malowanki","product_tag-place-zabaw-warszawa"],"_links":{"self":[{"href":"http:\/\/klubmamgdynia.pl\/index.php\/wp-json\/wp\/v2\/product\/349","targetHints":{"allow":["GET"]}}],"collection":[{"href":"http:\/\/klubmamgdynia.pl\/index.php\/wp-json\/wp\/v2\/product"}],"about":[{"href":"http:\/\/klubmamgdynia.pl\/index.php\/wp-json\/wp\/v2\/types\/product"}],"replies":[{"embeddable":true,"href":"http:\/\/klubmamgdynia.pl\/index.php\/wp-json\/wp\/v2\/comments?post=349"}],"wp:featuredmedia":[{"embeddable":true,"href":"http:\/\/klubmamgdynia.pl\/index.php\/wp-json\/wp\/v2\/media\/350"}],"wp:attachment":[{"href":"http:\/\/klubmamgdynia.pl\/index.php\/wp-json\/wp\/v2\/media?parent=349"}],"wp:term":[{"taxonomy":"product_cat","embeddable":true,"href":"http:\/\/klubmamgdynia.pl\/index.php\/wp-json\/wp\/v2\/product_cat?post=349"},{"taxonomy":"product_tag","embeddable":true,"href":"http:\/\/klubmamgdynia.pl\/index.php\/wp-json\/wp\/v2\/product_tag?post=349"}],"curies":[{"name":"wp","href":"https:\/\/api.w.org\/{rel}","templated":true}]}}