{"id":3491,"date":"2021-06-14T16:32:16","date_gmt":"2021-06-14T14:32:16","guid":{"rendered":"http:\/\/klubmamgdynia.pl\/index.php\/produkt\/ses-nl-modny-plecaczek-z-brokatem\/"},"modified":"2026-04-04T15:57:12","modified_gmt":"2026-04-04T13:57:12","slug":"ses-nl-modny-plecaczek-z-brokatem","status":"publish","type":"product","link":"http:\/\/klubmamgdynia.pl\/index.php\/produkt\/ses-nl-modny-plecaczek-z-brokatem\/","title":{"rendered":"Ses Nl Modny Plecaczek Z Brokatem"},"content":{"rendered":"<p>Z tym brokatowym plecakiem SES Fashion z pewno\u015bci\u0105 zab\u0142y\u015bniesz Mo\u017cesz sama zrobi\u0107 sobie fajn\u0105 brokatow\u0105 torb\u0119 jednoro\u017cca! R\u00f3g to wielka naklejka ?shaker? pe\u0142na gwiazd, a oczy i uszy jednoro\u017cca to brokatowe naklejki, kt\u00f3re mo\u017cna \u0142atwo przyklei\u0107 do torby. Dzi\u0119ki trzem kolorom kleju brokatowego ozdobisz plecak tak, jak lubisz, a paski mo\u017cesz ozdobi\u0107 koralikami i neonow\u0105 nitk\u0105. Tak stworzysz sw\u00f3j w\u0142asny, niepowtarzalny plecak!EAN: 8710341141493<\/p>\n<h2>Ses Nl Modny Plecaczek Z Brokatem Ses Creative<\/h2>\n<p>pomys\u0142 na prima aprilis, bajka dla dzieci do czytania, rysowanki, kolorowanki psi patrol, trudne zagadki dla dzieci, \u0142atwe zagadki, wroc\u0142aw atrakcje dla m\u0142odzie\u017cy, kotek kolorowanka, krotkie zagadki<\/p>\n<p>yyyyy<\/p>\n<p>&nbsp;<\/p>\n","protected":false},"excerpt":{"rendered":"<p>Z tym brokatowym plecakiem SES Fashion z pewno\u015bci\u0105 zab\u0142y\u015bniesz Mo\u017cesz sama zrobi\u0107 sobie fajn\u0105 brokatow\u0105 torb\u0119 jednoro\u017cca! R\u00f3g to wielka naklejka ?shaker? pe\u0142na gwiazd, a oczy i uszy jednoro\u017cca to brokatowe naklejki, kt\u00f3re mo\u017cna \u0142atwo przyklei\u0107 do torby. Dzi\u0119ki trzem kolorom kleju brokatowego ozdobisz plecak tak, jak lubisz, a paski mo\u017cesz ozdobi\u0107 koralikami i neonow\u0105 [&hellip;]<\/p>\n","protected":false},"featured_media":3492,"comment_status":"closed","ping_status":"open","template":"","meta":[],"product_cat":[1072,21],"product_tag":[776,784,816,849],"class_list":["post-3491","product","type-product","status-publish","has-post-thumbnail","hentry","product_cat-ses-creative","product_cat-zabawki-plastyczne","product_tag-dobrej-nocy","product_tag-hymn-gorniczy","product_tag-place-zabaw-warszawa","product_tag-zagadki-matematyczne-dla-dzieci"],"_links":{"self":[{"href":"http:\/\/klubmamgdynia.pl\/index.php\/wp-json\/wp\/v2\/product\/3491","targetHints":{"allow":["GET"]}}],"collection":[{"href":"http:\/\/klubmamgdynia.pl\/index.php\/wp-json\/wp\/v2\/product"}],"about":[{"href":"http:\/\/klubmamgdynia.pl\/index.php\/wp-json\/wp\/v2\/types\/product"}],"replies":[{"embeddable":true,"href":"http:\/\/klubmamgdynia.pl\/index.php\/wp-json\/wp\/v2\/comments?post=3491"}],"wp:featuredmedia":[{"embeddable":true,"href":"http:\/\/klubmamgdynia.pl\/index.php\/wp-json\/wp\/v2\/media\/3492"}],"wp:attachment":[{"href":"http:\/\/klubmamgdynia.pl\/index.php\/wp-json\/wp\/v2\/media?parent=3491"}],"wp:term":[{"taxonomy":"product_cat","embeddable":true,"href":"http:\/\/klubmamgdynia.pl\/index.php\/wp-json\/wp\/v2\/product_cat?post=3491"},{"taxonomy":"product_tag","embeddable":true,"href":"http:\/\/klubmamgdynia.pl\/index.php\/wp-json\/wp\/v2\/product_tag?post=3491"}],"curies":[{"name":"wp","href":"https:\/\/api.w.org\/{rel}","templated":true}]}}