{"id":3493,"date":"2019-08-02T23:32:26","date_gmt":"2019-08-02T21:32:26","guid":{"rendered":"http:\/\/klubmamgdynia.pl\/index.php\/produkt\/gra-planszowa-galakta-warhammer-mistyczny-ogien\/"},"modified":"2026-04-04T23:43:56","modified_gmt":"2026-04-04T21:43:56","slug":"gra-planszowa-galakta-warhammer-mistyczny-ogien","status":"publish","type":"product","link":"http:\/\/klubmamgdynia.pl\/index.php\/produkt\/gra-planszowa-galakta-warhammer-mistyczny-ogien\/","title":{"rendered":"Gra planszowa Galakta Warhammer mistyczny ogie\u0144"},"content":{"rendered":"<p>Polem bitwy wstrz\u0105saj\u0105 staro\u017cytna magia i epickie zakl\u0119cia, wojna Porz\u0105dku i zniszczenia nabra\u0142a gor\u0105czkowej intensywno\u015bci. Pokonaj wrog\u00f3w niszczycielsk\u0105 moc\u0105 mistycznego ognia! Mistyczny Ogie\u0144 to sz\u00f3sty zestaw Bitewny z Cyklu Spaczenia, serii po\u0142\u0105czonych dodatk\u00f3w do Warhammera: Inwazji, karcianej gry o zaci\u0119tych walkach, sprytnym zarz\u0105dzaniu kr\u00f3lestwem i epickich wyprawach.W tym 40kartowym zestawie znajduje si\u0119 20 r\u00f3\u017cnych, ca\u0142kowicie nowych kart, kt\u00f3re wzmocni\u0105 istniej\u0105ce talie, czyni\u0105c gr\u0119 jeszcze bardziej emocjonuj\u0105c\u0105.zawarto\u015b\u0107 pude\u0142ka: 101120 \u201eCYKLU SPACzENIA\u201d.To nie jest samodzielna talia. Do gry wymagany jest zestaw podstawowy Gry karcianej Warhammer: Inwazja.<\/p>\n<h2>Gra planszowa Galakta Warhammer mistyczny ogie\u0144 Galakta<\/h2>\n<p>rzadkie imiona \u017ce\u0144skie polskie, zagadki dla dzieci 10 12 lat z odpowiedziami, jan pawe\u0142 2 rysunek \u0142atwy dla dzieci, gwiazdka do druku, stare wiersze dla dzieci, kolorowanki do druku dla doros\u0142ych, ahmed, milan imie, bajki dla dzieci online, pomys\u0142 na prezent dla nastolatk\u00f3w, b\u0105k ptak, aaa kotki dwa tekst, lol do druku, \u0142amig\u0142\u00f3wki dla dzieci do wydruku<\/p>\n<p>yyyyy<\/p>\n<p>&nbsp;<\/p>\n","protected":false},"excerpt":{"rendered":"<p>Polem bitwy wstrz\u0105saj\u0105 staro\u017cytna magia i epickie zakl\u0119cia, wojna Porz\u0105dku i zniszczenia nabra\u0142a gor\u0105czkowej intensywno\u015bci. Pokonaj wrog\u00f3w niszczycielsk\u0105 moc\u0105 mistycznego ognia! Mistyczny Ogie\u0144 to sz\u00f3sty zestaw Bitewny z Cyklu Spaczenia, serii po\u0142\u0105czonych dodatk\u00f3w do Warhammera: Inwazji, karcianej gry o zaci\u0119tych walkach, sprytnym zarz\u0105dzaniu kr\u00f3lestwem i epickich wyprawach.W tym 40kartowym zestawie znajduje si\u0119 20 r\u00f3\u017cnych, ca\u0142kowicie [&hellip;]<\/p>\n","protected":false},"featured_media":3494,"comment_status":"closed","ping_status":"open","template":"","meta":[],"product_cat":[414,235],"product_tag":[662,727,599,846,799,812],"class_list":["post-3493","product","type-product","status-publish","has-post-thumbnail","hentry","product_cat-galakta","product_cat-gry-planszowe","product_tag-bajki-na-dobranoc","product_tag-godlo-polski-do-druku","product_tag-prezent-dla-nastolatkow-2021","product_tag-rysowanki","product_tag-zagadka-logiczna","product_tag-zagadki-logiczne-na-inteligencje"],"_links":{"self":[{"href":"http:\/\/klubmamgdynia.pl\/index.php\/wp-json\/wp\/v2\/product\/3493","targetHints":{"allow":["GET"]}}],"collection":[{"href":"http:\/\/klubmamgdynia.pl\/index.php\/wp-json\/wp\/v2\/product"}],"about":[{"href":"http:\/\/klubmamgdynia.pl\/index.php\/wp-json\/wp\/v2\/types\/product"}],"replies":[{"embeddable":true,"href":"http:\/\/klubmamgdynia.pl\/index.php\/wp-json\/wp\/v2\/comments?post=3493"}],"wp:featuredmedia":[{"embeddable":true,"href":"http:\/\/klubmamgdynia.pl\/index.php\/wp-json\/wp\/v2\/media\/3494"}],"wp:attachment":[{"href":"http:\/\/klubmamgdynia.pl\/index.php\/wp-json\/wp\/v2\/media?parent=3493"}],"wp:term":[{"taxonomy":"product_cat","embeddable":true,"href":"http:\/\/klubmamgdynia.pl\/index.php\/wp-json\/wp\/v2\/product_cat?post=3493"},{"taxonomy":"product_tag","embeddable":true,"href":"http:\/\/klubmamgdynia.pl\/index.php\/wp-json\/wp\/v2\/product_tag?post=3493"}],"curies":[{"name":"wp","href":"https:\/\/api.w.org\/{rel}","templated":true}]}}