{"id":3497,"date":"2018-01-18T03:02:39","date_gmt":"2018-01-18T02:02:39","guid":{"rendered":"http:\/\/klubmamgdynia.pl\/index.php\/produkt\/gra-planszowa-lifetime-szachy-44-x-44-cm-softee\/"},"modified":"2026-05-17T20:59:42","modified_gmt":"2026-05-17T18:59:42","slug":"gra-planszowa-lifetime-szachy-44-x-44-cm-softee","status":"publish","type":"product","link":"http:\/\/klubmamgdynia.pl\/index.php\/produkt\/gra-planszowa-lifetime-szachy-44-x-44-cm-softee\/","title":{"rendered":"Gra planszowa Lifetime Szachy 44 x 44 cm Softee"},"content":{"rendered":"<p>Szachy od firmy Softee dzi\u0119ki swoim kompaktowym rozmiarom: 44 x 44 cm z \u0142atwo\u015bci\u0105 we\u017amiesz ze sob\u0105 na kr\u00f3tsz\u0105, jak i d\u0142u\u017csz\u0105 wycieczk\u0119. Sprawdz\u0105 si\u0119 zar\u00f3wno w poci\u0105gu, jak i w hotelu czy te\u017c na pla\u017cy podczas letniego sp\u0119dzania czasu ze znajomymi.Cechy podstawowe:wymiary: 44 x 44 cm (d\u0142ugo\u015b\u0107 x szeroko\u015b\u0107)materia\u0142: PVCwaga produktu: ok. 50 g<\/p>\n<h2>Gra planszowa Lifetime Szachy 44 x 44 cm Softee <\/h2>\n<p>konkurencje sportowe dla dzieci, maciej imie, jazda konna dla dzieci, 1 listopada dzie\u0144 wszystkich \u015bwi\u0119tych kolorowanki, paloma, place zabaw warszawa, zagadki o wiosnie, zagadka logiczna, bajka o dinozaurach do czytania, stolice europy quiz, zimowe zagadki dla dzieci, cytaty o dzieci\u0144stwie<\/p>\n<p>yyyyy<\/p>\n<p>&nbsp;<\/p>\n","protected":false},"excerpt":{"rendered":"<p>Szachy od firmy Softee dzi\u0119ki swoim kompaktowym rozmiarom: 44 x 44 cm z \u0142atwo\u015bci\u0105 we\u017amiesz ze sob\u0105 na kr\u00f3tsz\u0105, jak i d\u0142u\u017csz\u0105 wycieczk\u0119. Sprawdz\u0105 si\u0119 zar\u00f3wno w poci\u0105gu, jak i w hotelu czy te\u017c na pla\u017cy podczas letniego sp\u0119dzania czasu ze znajomymi.Cechy podstawowe:wymiary: 44 x 44 cm (d\u0142ugo\u015b\u0107 x szeroko\u015b\u0107)materia\u0142: PVCwaga produktu: ok. 50 g [&hellip;]<\/p>\n","protected":false},"featured_media":3498,"comment_status":"closed","ping_status":"open","template":"","meta":[],"product_cat":[235],"product_tag":[691,667,723,762],"class_list":["post-3497","product","type-product","status-publish","has-post-thumbnail","hentry","product_cat-gry-planszowe","product_tag-gabriel","product_tag-kolorowanka-lol","product_tag-krotkie-bajki-do-czytania-na-dobranoc","product_tag-trudne-zagadki-dla-dzieci"],"_links":{"self":[{"href":"http:\/\/klubmamgdynia.pl\/index.php\/wp-json\/wp\/v2\/product\/3497","targetHints":{"allow":["GET"]}}],"collection":[{"href":"http:\/\/klubmamgdynia.pl\/index.php\/wp-json\/wp\/v2\/product"}],"about":[{"href":"http:\/\/klubmamgdynia.pl\/index.php\/wp-json\/wp\/v2\/types\/product"}],"replies":[{"embeddable":true,"href":"http:\/\/klubmamgdynia.pl\/index.php\/wp-json\/wp\/v2\/comments?post=3497"}],"wp:featuredmedia":[{"embeddable":true,"href":"http:\/\/klubmamgdynia.pl\/index.php\/wp-json\/wp\/v2\/media\/3498"}],"wp:attachment":[{"href":"http:\/\/klubmamgdynia.pl\/index.php\/wp-json\/wp\/v2\/media?parent=3497"}],"wp:term":[{"taxonomy":"product_cat","embeddable":true,"href":"http:\/\/klubmamgdynia.pl\/index.php\/wp-json\/wp\/v2\/product_cat?post=3497"},{"taxonomy":"product_tag","embeddable":true,"href":"http:\/\/klubmamgdynia.pl\/index.php\/wp-json\/wp\/v2\/product_tag?post=3497"}],"curies":[{"name":"wp","href":"https:\/\/api.w.org\/{rel}","templated":true}]}}