{"id":3501,"date":"2019-09-14T09:58:31","date_gmt":"2019-09-14T07:58:31","guid":{"rendered":"http:\/\/klubmamgdynia.pl\/index.php\/produkt\/helbo-przwijak-miekki-maly-50x70-raccoon\/"},"modified":"2026-05-17T22:09:30","modified_gmt":"2026-05-17T20:09:30","slug":"helbo-przwijak-miekki-maly-50x70-raccoon","status":"publish","type":"product","link":"http:\/\/klubmamgdynia.pl\/index.php\/produkt\/helbo-przwijak-miekki-maly-50x70-raccoon\/","title":{"rendered":"Helbo Przwijak Mi\u0119kki Ma\u0142y 50X70 Raccoon"},"content":{"rendered":"<p>Przewijak wykonany jest z wysokiej jako\u015bci atestowanej folii bez ftalan\u00f3w. Idealnie nadaje si\u0119 do kom\u00f3d i innych mebli do przewijania. Ceba Baby Mata do przewijania mi\u0119kka 50 \u00d7 70 cm jest odpowiedni dla wszystkich rodzic\u00f3w i ich dzieci.<\/p>\n<h2>Helbo Przwijak Mi\u0119kki Ma\u0142y 50X70 Raccoon Ceba<\/h2>\n<p>znaczenie imiona marcel, kolorowanki lego ninjago, miriam imi\u0119, bajka psi patrol do czytania<\/p>\n<p>yyyyy<\/p>\n<p>&nbsp;<\/p>\n","protected":false},"excerpt":{"rendered":"<p>Przewijak wykonany jest z wysokiej jako\u015bci atestowanej folii bez ftalan\u00f3w. Idealnie nadaje si\u0119 do kom\u00f3d i innych mebli do przewijania. Ceba Baby Mata do przewijania mi\u0119kka 50 \u00d7 70 cm jest odpowiedni dla wszystkich rodzic\u00f3w i ich dzieci. Helbo Przwijak Mi\u0119kki Ma\u0142y 50X70 Raccoon Ceba znaczenie imiona marcel, kolorowanki lego ninjago, miriam imi\u0119, bajka psi [&hellip;]<\/p>\n","protected":false},"featured_media":3502,"comment_status":"closed","ping_status":"open","template":"","meta":[],"product_cat":[981,958],"product_tag":[772,819,866,678],"class_list":["post-3501","product","type-product","status-publish","has-post-thumbnail","hentry","product_cat-ceba","product_cat-komody-kapielowe-wanienki-i-przewijaki","product_tag-45-panstw-europy-i-ich-stolice-quiz","product_tag-co-kupic-nastolatce-na-swieta","product_tag-opis-do-zdjecia-dziecka-na-fb","product_tag-prezent-na-roczek-dla-dziewczynki"],"_links":{"self":[{"href":"http:\/\/klubmamgdynia.pl\/index.php\/wp-json\/wp\/v2\/product\/3501","targetHints":{"allow":["GET"]}}],"collection":[{"href":"http:\/\/klubmamgdynia.pl\/index.php\/wp-json\/wp\/v2\/product"}],"about":[{"href":"http:\/\/klubmamgdynia.pl\/index.php\/wp-json\/wp\/v2\/types\/product"}],"replies":[{"embeddable":true,"href":"http:\/\/klubmamgdynia.pl\/index.php\/wp-json\/wp\/v2\/comments?post=3501"}],"wp:featuredmedia":[{"embeddable":true,"href":"http:\/\/klubmamgdynia.pl\/index.php\/wp-json\/wp\/v2\/media\/3502"}],"wp:attachment":[{"href":"http:\/\/klubmamgdynia.pl\/index.php\/wp-json\/wp\/v2\/media?parent=3501"}],"wp:term":[{"taxonomy":"product_cat","embeddable":true,"href":"http:\/\/klubmamgdynia.pl\/index.php\/wp-json\/wp\/v2\/product_cat?post=3501"},{"taxonomy":"product_tag","embeddable":true,"href":"http:\/\/klubmamgdynia.pl\/index.php\/wp-json\/wp\/v2\/product_tag?post=3501"}],"curies":[{"name":"wp","href":"https:\/\/api.w.org\/{rel}","templated":true}]}}