{"id":3503,"date":"2012-12-22T13:33:42","date_gmt":"2012-12-22T12:33:42","guid":{"rendered":"http:\/\/klubmamgdynia.pl\/index.php\/produkt\/waba-fun-lyzeczko-nozyk-do-pucholiny-lub-piasku\/"},"modified":"2026-04-06T16:41:00","modified_gmt":"2026-04-06T14:41:00","slug":"waba-fun-lyzeczko-nozyk-do-pucholiny-lub-piasku","status":"publish","type":"product","link":"http:\/\/klubmamgdynia.pl\/index.php\/produkt\/waba-fun-lyzeczko-nozyk-do-pucholiny-lub-piasku\/","title":{"rendered":"WABA Fun \u0141y\u017ceczko-no\u017cyk do pucholiny lub piasku"},"content":{"rendered":"<p>Narz\u0119dzie do modelowania masy Bubber i KineticSand.EAN:  2900000006591Grupa wiekowa:  3+Ilo\u015b\u0107 element\u00f3w:  1Producent:  ARTYZAN (Kreatywne Maluchy)Wymiary:  16&#215;3 cm<\/p>\n<h2>WABA Fun \u0141y\u017ceczko-no\u017cyk do pucholiny lub piasku Waba Fun<\/h2>\n<p>test z lektury felix net i nika oraz gang niewidzialnych ludzi, test z lektury narnia lew czarownica i stara szafa, cytaty o przyjazni, podchwytliwe zagadki, cytat z kubusia puchatka o mi\u0142o\u015bci, zagadki zimowe, kr\u00f3tkie bajki dla dzieci, zagadki logiczne na inteligencj\u0119, z\u0142ote my\u015bli pedagogiczne, quiz o wio\u015bnie, wiosenne zagadki, kolorowanki z bajek, nauka pisania literek do wydruku pdf, zygzak mcqueen kolorowanka, kolorowanki winx, molo w brze\u017anie, jak zrobi\u0107 samolot z papieru, zagadki dla dzieci 10 12 lat z odpowiedziami<\/p>\n<p>yyyyy<\/p>\n<p>&nbsp;<\/p>\n","protected":false},"excerpt":{"rendered":"<p>Narz\u0119dzie do modelowania masy Bubber i KineticSand.EAN: 2900000006591Grupa wiekowa: 3+Ilo\u015b\u0107 element\u00f3w: 1Producent: ARTYZAN (Kreatywne Maluchy)Wymiary: 16&#215;3 cm WABA Fun \u0141y\u017ceczko-no\u017cyk do pucholiny lub piasku Waba Fun test z lektury felix net i nika oraz gang niewidzialnych ludzi, test z lektury narnia lew czarownica i stara szafa, cytaty o przyjazni, podchwytliwe zagadki, cytat z kubusia puchatka [&hellip;]<\/p>\n","protected":false},"featured_media":3504,"comment_status":"closed","ping_status":"open","template":"","meta":[],"product_cat":[80,1079],"product_tag":[664,787,737,597,615],"class_list":["post-3503","product","type-product","status-publish","has-post-thumbnail","hentry","product_cat-pozostale-zabawki-ogrodowe","product_cat-waba-fun","product_tag-atrakcje-dla-dzieci-trojmiasto","product_tag-nauka-pisania-wyrazow-dla-dzieci-do-druku-pdf","product_tag-test-z-lektury-felix-net-i-nika-oraz-gang-niewidzialnych-ludzi","product_tag-zagadki-o-zimie","product_tag-znane-misie-z-filmow-animowanych"],"_links":{"self":[{"href":"http:\/\/klubmamgdynia.pl\/index.php\/wp-json\/wp\/v2\/product\/3503","targetHints":{"allow":["GET"]}}],"collection":[{"href":"http:\/\/klubmamgdynia.pl\/index.php\/wp-json\/wp\/v2\/product"}],"about":[{"href":"http:\/\/klubmamgdynia.pl\/index.php\/wp-json\/wp\/v2\/types\/product"}],"replies":[{"embeddable":true,"href":"http:\/\/klubmamgdynia.pl\/index.php\/wp-json\/wp\/v2\/comments?post=3503"}],"wp:featuredmedia":[{"embeddable":true,"href":"http:\/\/klubmamgdynia.pl\/index.php\/wp-json\/wp\/v2\/media\/3504"}],"wp:attachment":[{"href":"http:\/\/klubmamgdynia.pl\/index.php\/wp-json\/wp\/v2\/media?parent=3503"}],"wp:term":[{"taxonomy":"product_cat","embeddable":true,"href":"http:\/\/klubmamgdynia.pl\/index.php\/wp-json\/wp\/v2\/product_cat?post=3503"},{"taxonomy":"product_tag","embeddable":true,"href":"http:\/\/klubmamgdynia.pl\/index.php\/wp-json\/wp\/v2\/product_tag?post=3503"}],"curies":[{"name":"wp","href":"https:\/\/api.w.org\/{rel}","templated":true}]}}