{"id":3505,"date":"2013-01-05T09:47:39","date_gmt":"2013-01-05T08:47:39","guid":{"rendered":"http:\/\/klubmamgdynia.pl\/index.php\/produkt\/julius-zollner-posciel-koala-star-beige-100x135-cm-r-100x135-cm\/"},"modified":"2026-05-17T22:18:31","modified_gmt":"2026-05-17T20:18:31","slug":"julius-zollner-posciel-koala-star-beige-100x135-cm-r-100x135-cm","status":"publish","type":"product","link":"http:\/\/klubmamgdynia.pl\/index.php\/produkt\/julius-zollner-posciel-koala-star-beige-100x135-cm-r-100x135-cm\/","title":{"rendered":"JULIUS Z\u00d6LLNER Po\u015bciel Koala\/ Star beige 100&#215;135 cm &#8211; r. 100&#215;135 cm"},"content":{"rendered":"<p>Pi\u0119kna po\u015bciel wykonana z mi\u0119kkiej bawe\u0142ny, sk\u0142adaj\u0105ca si\u0119 z poszewki na ko\u0142dr\u0119 i poszewki na poduszk\u0119. Do\u0142\u0105czone do dostawy: Design: Koala \/ Star beige Poszewka na ko\u0142dr\u0119: 100&#215;135 cm Poszewka na poduszk\u0119: 40&#215;60 cm szczeg\u00f3\u0142y dotycz\u0105ce produktu: Materia\u0142: 100% bawe\u0142na Mo\u017cna pra\u0107 w temperaturze do 60 \u00b0C Certyfikowany zgodnie z Oeko-Tex Standard 100 Made in Germany<\/p>\n<h2>JULIUS Z\u00d6LLNER Po\u015bciel Koala\/ Star beige 100&#215;135 cm &#8211; r. 100&#215;135 cm Z\u00f6llner<\/h2>\n<p>imie aron, pa\u0144stwa europy i ich stolice quiz, flagi pa\u0144stw quiz, kamila, cytaty o mi\u0142o\u015bci do dziecka, tr\u00f3jmiasto atrakcje dla dzieci, quiz o dinozaurach, dobranoc pch\u0142y na noc, przysz\u0142a zima bia\u0142a, tabliczka mno\u017cenia kolorowanki do wydruku, zemsta quizy, wiosna kolorowanka do druku, zaproszenia na urodziny do wydruku, cytaty o mi\u0142o\u015bci do dziecka, prima aprilis pomys\u0142y, lol do druku, zabawka na roczek dla dziewczynki<\/p>\n<p>yyyyy<\/p>\n<p>&nbsp;<\/p>\n","protected":false},"excerpt":{"rendered":"<p>Pi\u0119kna po\u015bciel wykonana z mi\u0119kkiej bawe\u0142ny, sk\u0142adaj\u0105ca si\u0119 z poszewki na ko\u0142dr\u0119 i poszewki na poduszk\u0119. Do\u0142\u0105czone do dostawy: Design: Koala \/ Star beige Poszewka na ko\u0142dr\u0119: 100&#215;135 cm Poszewka na poduszk\u0119: 40&#215;60 cm szczeg\u00f3\u0142y dotycz\u0105ce produktu: Materia\u0142: 100% bawe\u0142na Mo\u017cna pra\u0107 w temperaturze do 60 \u00b0C Certyfikowany zgodnie z Oeko-Tex Standard 100 Made in [&hellip;]<\/p>\n","protected":false},"featured_media":3506,"comment_status":"closed","ping_status":"open","template":"","meta":[],"product_cat":[994,1069],"product_tag":[668,817,626,807,876,710],"class_list":["post-3505","product","type-product","status-publish","has-post-thumbnail","hentry","product_cat-komplety-poscieli-dla-dzieci","product_cat-zollner","product_tag-atrakcje-dla-dzieci-wroclaw","product_tag-bajka-terapeutyczna-o-emocjach","product_tag-jacek","product_tag-logiczne-zagadki","product_tag-przyjazn","product_tag-zagadki-dla-dzieci-10-12-lat"],"_links":{"self":[{"href":"http:\/\/klubmamgdynia.pl\/index.php\/wp-json\/wp\/v2\/product\/3505","targetHints":{"allow":["GET"]}}],"collection":[{"href":"http:\/\/klubmamgdynia.pl\/index.php\/wp-json\/wp\/v2\/product"}],"about":[{"href":"http:\/\/klubmamgdynia.pl\/index.php\/wp-json\/wp\/v2\/types\/product"}],"replies":[{"embeddable":true,"href":"http:\/\/klubmamgdynia.pl\/index.php\/wp-json\/wp\/v2\/comments?post=3505"}],"wp:featuredmedia":[{"embeddable":true,"href":"http:\/\/klubmamgdynia.pl\/index.php\/wp-json\/wp\/v2\/media\/3506"}],"wp:attachment":[{"href":"http:\/\/klubmamgdynia.pl\/index.php\/wp-json\/wp\/v2\/media?parent=3505"}],"wp:term":[{"taxonomy":"product_cat","embeddable":true,"href":"http:\/\/klubmamgdynia.pl\/index.php\/wp-json\/wp\/v2\/product_cat?post=3505"},{"taxonomy":"product_tag","embeddable":true,"href":"http:\/\/klubmamgdynia.pl\/index.php\/wp-json\/wp\/v2\/product_tag?post=3505"}],"curies":[{"name":"wp","href":"https:\/\/api.w.org\/{rel}","templated":true}]}}