{"id":3509,"date":"2013-05-25T08:34:16","date_gmt":"2013-05-25T06:34:16","guid":{"rendered":"http:\/\/klubmamgdynia.pl\/index.php\/produkt\/clementoni-laboratorium-mechaniki-pojazdy-ratunkowe-60476\/"},"modified":"2026-04-29T18:29:52","modified_gmt":"2026-04-29T16:29:52","slug":"clementoni-laboratorium-mechaniki-pojazdy-ratunkowe-60476","status":"publish","type":"product","link":"http:\/\/klubmamgdynia.pl\/index.php\/produkt\/clementoni-laboratorium-mechaniki-pojazdy-ratunkowe-60476\/","title":{"rendered":"Clementoni Laboratorium Mechaniki Pojazdy Ratunkowe 60476"},"content":{"rendered":"<p>CLEMENTONI LABORATORIUM MECHANKI Pojazdy ratunkoweG\u0142\u00f3wne cechy produktu:Producent &#8211; Clementoni350 wymiennych element\u00f3w do budowyZbudujesz 5 r\u00f3\u017cnych pojazd\u00f3w mechanicznych35 zastosowa\u0144 technicznychW zestawie znajdziesz silnik elektroniczny, z\u0119batki, przek\u0142adnie itpW zestawie czytelne instrukcje krok po krokuGwarancja 24 miesi\u0105ceTowar z polskiej dystrybucjiOpis produktu:Dzi\u0119ki temu olbrzymiemu zestawowi klock\u00f3w konstrukcyjnych b\u0119dzie w stanie z\u0142o\u017cy\u0107 5 funkcyjnych modeli pojazd\u00f3w budowlanych oraz 35 zastosowa\u0144 technicznych, kt\u00f3re s\u0105 nap\u0119dzane silnikiem oraz posiadaj\u0105 takie mechanizmy jak: \u015blimak, d\u017awignia, przek\u0142adnia z\u0119bata, silnik elektryczny, mechanizm sterowniczy. Przy u\u017cycia ponad 350 wymienialnych element\u00f3w zbudujesz takie maszyny jak: helikopter, p\u0142ug \u015bnie\u017cny, UTV, holownik, poduszkowiec.W 2 polskich, ilustrowanych instrukcjach znajdziesz opis ka\u017cdego pojazdu krok po kroku, dzi\u0119ki czemu sk\u0142adanie b\u0119dzie du\u017co \u0142atwiejsze. Je\u017celi jednak oka\u017ce si\u0119 to za ma\u0142o to b\u0119dziesz m\u00f3g\u0142 pobra\u0107 aplikacj\u0119 na telefon lub tablet z interaktywnymi instrukcjami 3D. Aplikacja jest dost\u0119pna wy\u0142\u0105cznie na urz\u0105dzenia z systemem iOS oraz Android.Podczas zabawy z tym zestawem klock\u00f3w konstrukcyjnych, nie tylko sp\u0119dzisz wiele godzin przy konstruowaniu i wymy\u015blaniu nowych budowli, ale tak\u017ce poznasz tajniki mechaniki oraz masz mo\u017cliwo\u015b\u0107 zbudowania 35 technicznych aplikacji, dzi\u0119ki czemu poznasz wiedz\u0119 jak zbudowa\u0107 katapult\u0119, szczypce, d\u017awignie czy reduktor.Zestaw laboratorium mechaniki &#8211; maszyny ci\u0119\u017ckie, to zabawka zainspirowana metodologi\u0105 STEM, kt\u00f3ra pomaga w rozwoju:Zdolno\u015bci manualnych &#8211; aby idee nabra\u0142y konkretnej firmyPomys\u0142owo\u015bci &#8211; aby formu\u0142owa\u0107 hipotezy i eksperymentowa\u0107Kreatywno\u015bci &#8211; aby wymy\u015bla\u0107 ci\u0105gle nowe projektyLinia technologi wykorzystuje metodologi\u0119 STEM (Science Technology Engineering Mathematics), kt\u00f3ra zrodzi\u0142a si\u0119 w celu promowania nuk \u015bcis\u0142ych, technologii, in\u017cynerii i matematyki. Poprzez eksperymenty dzieci mog\u0105 rozwija\u0107 swoje umiej\u0119tno\u015bci, poszerzaj\u0105c wiedz\u0105 naukow\u0105 i technologiczn\u0105.W zestawie znajdziesz:Ponad 450 element\u00f3w konstrukcyjnych2 ilustrowane, polskie instrukcje35 technicznych aplikacji do pobraniaAplikacja do pobrania na urz\u0105dzenia Android oraz iOS<\/p>\n<h2>Clementoni Laboratorium Mechaniki Pojazdy Ratunkowe 60476 Clementoni<\/h2>\n<p>\u017carty na prima aprilis dla ch\u0142opaka, zagadki \u015bmieszne podchwytliwe, prezent na roczek od babci, test szatan z si\u00f3dmej klasy, psi patrol kolorowanka, cytat o przyja\u017ani, zaproszenia urodzinowe do druku, prima aprilis zarty, quiz o samochodach, janusz korczak cytaty, quiz o usa, malowanie past\u0105 do z\u0119b\u00f3w, smieszne zagadki, dorian, zagadki o lesie, samochwa\u0142a, prezenty dla nastolatk\u00f3w 2021, rysunki do druku, malowanki, \u015bwinka peppa kolorowanka do druku, zagadki dla dzieci 9-10 lat z odpowiedziami<\/p>\n<p>yyyyy<\/p>\n<p>&nbsp;<\/p>\n","protected":false},"excerpt":{"rendered":"<p>CLEMENTONI LABORATORIUM MECHANKI Pojazdy ratunkoweG\u0142\u00f3wne cechy produktu:Producent &#8211; Clementoni350 wymiennych element\u00f3w do budowyZbudujesz 5 r\u00f3\u017cnych pojazd\u00f3w mechanicznych35 zastosowa\u0144 technicznychW zestawie znajdziesz silnik elektroniczny, z\u0119batki, przek\u0142adnie itpW zestawie czytelne instrukcje krok po krokuGwarancja 24 miesi\u0105ceTowar z polskiej dystrybucjiOpis produktu:Dzi\u0119ki temu olbrzymiemu zestawowi klock\u00f3w konstrukcyjnych b\u0119dzie w stanie z\u0142o\u017cy\u0107 5 funkcyjnych modeli pojazd\u00f3w budowlanych oraz 35 zastosowa\u0144 [&hellip;]<\/p>\n","protected":false},"featured_media":3510,"comment_status":"closed","ping_status":"open","template":"","meta":[],"product_cat":[163,72],"product_tag":[662,730,639],"class_list":["post-3509","product","type-product","status-publish","has-post-thumbnail","hentry","product_cat-clementoni","product_cat-mali-naukowcy","product_tag-bajki-na-dobranoc","product_tag-karyna","product_tag-nela-imie"],"_links":{"self":[{"href":"http:\/\/klubmamgdynia.pl\/index.php\/wp-json\/wp\/v2\/product\/3509","targetHints":{"allow":["GET"]}}],"collection":[{"href":"http:\/\/klubmamgdynia.pl\/index.php\/wp-json\/wp\/v2\/product"}],"about":[{"href":"http:\/\/klubmamgdynia.pl\/index.php\/wp-json\/wp\/v2\/types\/product"}],"replies":[{"embeddable":true,"href":"http:\/\/klubmamgdynia.pl\/index.php\/wp-json\/wp\/v2\/comments?post=3509"}],"wp:featuredmedia":[{"embeddable":true,"href":"http:\/\/klubmamgdynia.pl\/index.php\/wp-json\/wp\/v2\/media\/3510"}],"wp:attachment":[{"href":"http:\/\/klubmamgdynia.pl\/index.php\/wp-json\/wp\/v2\/media?parent=3509"}],"wp:term":[{"taxonomy":"product_cat","embeddable":true,"href":"http:\/\/klubmamgdynia.pl\/index.php\/wp-json\/wp\/v2\/product_cat?post=3509"},{"taxonomy":"product_tag","embeddable":true,"href":"http:\/\/klubmamgdynia.pl\/index.php\/wp-json\/wp\/v2\/product_tag?post=3509"}],"curies":[{"name":"wp","href":"https:\/\/api.w.org\/{rel}","templated":true}]}}