{"id":351,"date":"2017-11-01T23:00:16","date_gmt":"2017-11-01T22:00:16","guid":{"rendered":"http:\/\/klubmamgdynia.pl\/index.php\/produkt\/hot-wheels-city-atak-nietoperza-fnb05gjk90\/"},"modified":"2026-04-30T23:40:01","modified_gmt":"2026-04-30T21:40:01","slug":"hot-wheels-city-atak-nietoperza-fnb05gjk90","status":"publish","type":"product","link":"http:\/\/klubmamgdynia.pl\/index.php\/produkt\/hot-wheels-city-atak-nietoperza-fnb05gjk90\/","title":{"rendered":"Hot Wheels City Atak Nietoperza Fnb05Gjk90"},"content":{"rendered":"<p>Hot Wheels City &#8211; Atak nietoperza na szpital &#8211; GJK90 Upiorny nietoperz grasuje nad okolicznym szpitalem, strasz\u0105c nie tylko pacjent\u00f3w, ale r\u00f3wnie\u017c okolicznych mieszka\u0144c\u00f3w. Czas zmierzy\u0107 si\u0119 z krwio\u017cercz\u0105 besti\u0105 o monstrualnych rozmiarach, by raz na zawsze pozby\u0107 si\u0119 zagro\u017cenia! Najnowszy zestaw z serii Hot Wheels City zainspiruje do ciekawej zabawy i pozwoli rozbudowa\u0107 pozosta\u0142e propozycje z serii, umo\u017cliwiaj\u0105c stworzenie ogromnego kompleksu miejskiego, nad kt\u00f3rym gro\u017ane kreatury chc\u0105 przej\u0105\u0107 w\u0142adz\u0119. Niewielki zestaw sk\u0142ada si\u0119 z budynku szpitala, wewn\u0105trz kt\u00f3rego ulokowana zosta\u0142a ruchoma winda \u2013 gdy ta w\u0119druje z samochodem do g\u00f3ry, zza konstrukcji wy\u0142ania si\u0119 posta\u0107 tytu\u0142owego nietoperza. Samoch\u00f3d ratunkowy mo\u017ce jednak wyj\u0105tkowo szybko zaj\u0105\u0107 miejsce wewn\u0105trz bia\u0142ego helikoptera \u2013 teraz pora nacisn\u0105\u0107 pomara\u0144czowy przycisk, kt\u00f3ry aktywuje wyrzutni\u0119 i helikopter z pojazdem b\u0119dzie m\u00f3g\u0142 si\u0119 katapultowa\u0107, by zmia\u017cd\u017cy\u0107 gro\u017an\u0105 besti\u0119! Jeste\u015b got\u00f3w przyst\u0105pi\u0107 do akcji? Atak nietoperza na szpital przeznaczony jest dla dzieci powy\u017cej 4. roku \u017cycia. Do zestawu do\u0142\u0105czono jeden samochodzik Hot Wheels widoczny na zdj\u0119ciach. Hot Wheels &#8211; Atak nietoperza na szpital &#8211; informacje dodatkowe: Producent: Mattel Seria: Hot Wheels Numer katalogowy: GJK90 Wiek dziecka: 4-8 lat Wymiary opakowania: 30 cm x 14 cm x 23 cm<\/p>\n<h2>Hot Wheels City Atak Nietoperza Fnb05Gjk90 Hot Wheels<\/h2>\n<p>kolorowanki disney, zagadki trudne, koty kolorowanki do druku, test z lektury pies kt\u00f3ry je\u017adzi\u0142 kolej\u0105, kolorowanka piesek, najrzadsze imiona w polsce, prezent dla nastoletniego ch\u0142opca, kajko i kokosz szko\u0142a latania test z odpowiedziami, planety uk\u0142ad s\u0142oneczny dla dzieci do druku, zagadki typu co to jest, co mo\u017cna zrobi\u0107 z rolki papieru, atrakcje dla dzieci wroclaw, kartka walentynkowa r\u0119cznie robiona \u0142atwa, gry i zabawy ruchowe, \u0142amig\u0142\u00f3wki matematyczne, prezent dla 16 latka<\/p>\n<p>yyyyy<\/p>\n<p>&nbsp;<\/p>\n","protected":false},"excerpt":{"rendered":"<p>Hot Wheels City &#8211; Atak nietoperza na szpital &#8211; GJK90 Upiorny nietoperz grasuje nad okolicznym szpitalem, strasz\u0105c nie tylko pacjent\u00f3w, ale r\u00f3wnie\u017c okolicznych mieszka\u0144c\u00f3w. Czas zmierzy\u0107 si\u0119 z krwio\u017cercz\u0105 besti\u0105 o monstrualnych rozmiarach, by raz na zawsze pozby\u0107 si\u0119 zagro\u017cenia! Najnowszy zestaw z serii Hot Wheels City zainspiruje do ciekawej zabawy i pozwoli rozbudowa\u0107 pozosta\u0142e [&hellip;]<\/p>\n","protected":false},"featured_media":352,"comment_status":"closed","ping_status":"open","template":"","meta":[],"product_cat":[150,141],"product_tag":[657,866,770],"class_list":["post-351","product","type-product","status-publish","has-post-thumbnail","hentry","product_cat-hot-wheels","product_cat-parkingi-garaze-i-tory-wyscigowe","product_tag-lol-kolorowanka","product_tag-opis-do-zdjecia-dziecka-na-fb","product_tag-samolot-z-papieru"],"_links":{"self":[{"href":"http:\/\/klubmamgdynia.pl\/index.php\/wp-json\/wp\/v2\/product\/351","targetHints":{"allow":["GET"]}}],"collection":[{"href":"http:\/\/klubmamgdynia.pl\/index.php\/wp-json\/wp\/v2\/product"}],"about":[{"href":"http:\/\/klubmamgdynia.pl\/index.php\/wp-json\/wp\/v2\/types\/product"}],"replies":[{"embeddable":true,"href":"http:\/\/klubmamgdynia.pl\/index.php\/wp-json\/wp\/v2\/comments?post=351"}],"wp:featuredmedia":[{"embeddable":true,"href":"http:\/\/klubmamgdynia.pl\/index.php\/wp-json\/wp\/v2\/media\/352"}],"wp:attachment":[{"href":"http:\/\/klubmamgdynia.pl\/index.php\/wp-json\/wp\/v2\/media?parent=351"}],"wp:term":[{"taxonomy":"product_cat","embeddable":true,"href":"http:\/\/klubmamgdynia.pl\/index.php\/wp-json\/wp\/v2\/product_cat?post=351"},{"taxonomy":"product_tag","embeddable":true,"href":"http:\/\/klubmamgdynia.pl\/index.php\/wp-json\/wp\/v2\/product_tag?post=351"}],"curies":[{"name":"wp","href":"https:\/\/api.w.org\/{rel}","templated":true}]}}