{"id":3511,"date":"2019-12-11T15:20:50","date_gmt":"2019-12-11T14:20:50","guid":{"rendered":"http:\/\/klubmamgdynia.pl\/index.php\/produkt\/ranok-zabawki-naukowe-hodowla-krysztalow-czerwone\/"},"modified":"2026-04-23T15:47:35","modified_gmt":"2026-04-23T13:47:35","slug":"ranok-zabawki-naukowe-hodowla-krysztalow-czerwone","status":"publish","type":"product","link":"http:\/\/klubmamgdynia.pl\/index.php\/produkt\/ranok-zabawki-naukowe-hodowla-krysztalow-czerwone\/","title":{"rendered":"Ranok Zabawki Naukowe Hodowla Kryszta\u0142\u00f3w Czerwone"},"content":{"rendered":"<p>Zabawki naukowe to interesuj\u0105ca seria zestaw\u00f3w do przeprowadzania eksperyment\u00f3w w domowych warunkach. W naturze kryszta\u0142y powstaj\u0105 w ci\u0105gu setek lat, a z naszym zestawem wyhodujesz je w zaledwie kilka dni.zestaw kreatywnydo przeprowadzania eksperyment\u00f3wwysoka jako\u015b\u0107 wykonaniawspomaga rozw\u00f3j wyobra\u017aniUwaga! Produkt nieodpowiedni dla dzieci w wieku poni\u017cej 3 lat. NAZWA ZABAWKI NAUKOWE HODOWLA KRYSZTA\u0141\u00d3W &#8211; CZERWONE PRODUCENT RANOK-CREATIVE WIEK 3+ EAN 4823076109363 Znajd\u017a podobne wed\u0142ug klucza: RANOK-CREATIVE ZABAWKI ZABAWKI_NAUKOWE (350991)<\/p>\n<h2>Ranok Zabawki Naukowe Hodowla Kryszta\u0142\u00f3w Czerwone RANOK<\/h2>\n<p>minecraft quiz, kolorowanka pikachu, \u0142atwe zagadki, co kupi\u0107 na roczek dla dziewczynki, tekst kolysanek, alan imi\u0119, prezenty dla nastolatka, testy z lektury opowie\u015bci z narnii lew czarownica i stara szafa, szlaczki literopodobne do wydruku, rzadkie imiona \u017ce\u0144skie polskie, zaczarowana zagroda &#8211; test, zagadki \u015bmieszne, \u015bw przemys\u0142aw, \u0142atwe zagadki, najlepsze \u017carty na prima aprilis, b\u0105k ptak, kryspinow, \u0142amig\u0142\u00f3wki dla dzieci do wydruku, planety uk\u0142ad s\u0142oneczny dla dzieci do druku, trudne zagadki na inteligencje<\/p>\n<p>yyyyy<\/p>\n<p>&nbsp;<\/p>\n","protected":false},"excerpt":{"rendered":"<p>Zabawki naukowe to interesuj\u0105ca seria zestaw\u00f3w do przeprowadzania eksperyment\u00f3w w domowych warunkach. W naturze kryszta\u0142y powstaj\u0105 w ci\u0105gu setek lat, a z naszym zestawem wyhodujesz je w zaledwie kilka dni.zestaw kreatywnydo przeprowadzania eksperyment\u00f3wwysoka jako\u015b\u0107 wykonaniawspomaga rozw\u00f3j wyobra\u017aniUwaga! Produkt nieodpowiedni dla dzieci w wieku poni\u017cej 3 lat. NAZWA ZABAWKI NAUKOWE HODOWLA KRYSZTA\u0141\u00d3W &#8211; CZERWONE PRODUCENT RANOK-CREATIVE [&hellip;]<\/p>\n","protected":false},"featured_media":3512,"comment_status":"closed","ping_status":"open","template":"","meta":[],"product_cat":[72,572],"product_tag":[865,763,593,818,742,782],"class_list":["post-3511","product","type-product","status-publish","has-post-thumbnail","hentry","product_cat-mali-naukowcy","product_cat-ranok","product_tag-cytaty-o-dzieciach","product_tag-fabian","product_tag-jak-narysowac-konia","product_tag-oliwier","product_tag-piosenki-dla-dzieci-tekst","product_tag-zagadki-dla-dzieci-z-odpowiedziami"],"_links":{"self":[{"href":"http:\/\/klubmamgdynia.pl\/index.php\/wp-json\/wp\/v2\/product\/3511","targetHints":{"allow":["GET"]}}],"collection":[{"href":"http:\/\/klubmamgdynia.pl\/index.php\/wp-json\/wp\/v2\/product"}],"about":[{"href":"http:\/\/klubmamgdynia.pl\/index.php\/wp-json\/wp\/v2\/types\/product"}],"replies":[{"embeddable":true,"href":"http:\/\/klubmamgdynia.pl\/index.php\/wp-json\/wp\/v2\/comments?post=3511"}],"wp:featuredmedia":[{"embeddable":true,"href":"http:\/\/klubmamgdynia.pl\/index.php\/wp-json\/wp\/v2\/media\/3512"}],"wp:attachment":[{"href":"http:\/\/klubmamgdynia.pl\/index.php\/wp-json\/wp\/v2\/media?parent=3511"}],"wp:term":[{"taxonomy":"product_cat","embeddable":true,"href":"http:\/\/klubmamgdynia.pl\/index.php\/wp-json\/wp\/v2\/product_cat?post=3511"},{"taxonomy":"product_tag","embeddable":true,"href":"http:\/\/klubmamgdynia.pl\/index.php\/wp-json\/wp\/v2\/product_tag?post=3511"}],"curies":[{"name":"wp","href":"https:\/\/api.w.org\/{rel}","templated":true}]}}