{"id":3513,"date":"2012-07-18T15:04:17","date_gmt":"2012-07-18T13:04:17","guid":{"rendered":"http:\/\/klubmamgdynia.pl\/index.php\/produkt\/rotho-babydesign-rotho-mata-do-przewijania\/"},"modified":"2026-04-05T22:44:34","modified_gmt":"2026-04-05T20:44:34","slug":"rotho-babydesign-rotho-mata-do-przewijania","status":"publish","type":"product","link":"http:\/\/klubmamgdynia.pl\/index.php\/produkt\/rotho-babydesign-rotho-mata-do-przewijania\/","title":{"rendered":"Rotho Babydesign Rotho Mata Do Przewijania"},"content":{"rendered":"<p>Szczeg\u00f3\u0142y produktu: Wygodne i higieniczne Nie zawiera ftalan\u00f3w Mi\u0119kkie, przyjazne dla sk\u00f3ry i odporne na zu\u017cycie Dodatkowy pikowany brzeg zapewnia wi\u0119kszy komfort le\u017cenia Nadaje si\u0119 do szerokich standardowych zmieniaczy Materia\u0142 i wskaz\u00f3wki dotycz\u0105ce piel\u0119gnacji: 100% poliester Wodoodporna i wyj\u0105tkowo \u0142atwa w piel\u0119gnacji, poniewa\u017c mo\u017cna j\u0105 pra\u0107 Sprawdzona jako\u015b\u0107! Materia\u0142, z kt\u00f3rego wykonano produkt, jest zgodny z dyrektyw\u0105 UE 2005\/84\/WE Sprawdzone pod wzgl\u0119dem bezpiecze\u0144stwa chemicznego przez niezale\u017cny, uznany instytut badawczy &#8211; wysokiej jako\u015bci certyfikat \u00d6kotex<\/p>\n<h2>Rotho Babydesign Rotho Mata Do Przewijania Rotho Babydesign<\/h2>\n<p>lucjan, piesek kolorowanka, maska karnawa\u0142owa pdf, podchwytliwe zagadki dla doros\u0142ych, alan imie, julian imie, kr\u00f3tkie zagadki dla dzieci, imi\u0119 dla dziewczynki 2019, cytaty o przyjazni, maska karnawa\u0142owa pdf, cytaty z ma\u0142ego ksi\u0119cia o przyja\u017ani, quizy znaki drogowe, kartka walentynkowa r\u0119cznie robiona \u0142atwa, quiz flagi<\/p>\n<p>yyyyy<\/p>\n<p>&nbsp;<\/p>\n","protected":false},"excerpt":{"rendered":"<p>Szczeg\u00f3\u0142y produktu: Wygodne i higieniczne Nie zawiera ftalan\u00f3w Mi\u0119kkie, przyjazne dla sk\u00f3ry i odporne na zu\u017cycie Dodatkowy pikowany brzeg zapewnia wi\u0119kszy komfort le\u017cenia Nadaje si\u0119 do szerokich standardowych zmieniaczy Materia\u0142 i wskaz\u00f3wki dotycz\u0105ce piel\u0119gnacji: 100% poliester Wodoodporna i wyj\u0105tkowo \u0142atwa w piel\u0119gnacji, poniewa\u017c mo\u017cna j\u0105 pra\u0107 Sprawdzona jako\u015b\u0107! Materia\u0142, z kt\u00f3rego wykonano produkt, jest zgodny [&hellip;]<\/p>\n","protected":false},"featured_media":3514,"comment_status":"closed","ping_status":"open","template":"","meta":[],"product_cat":[958,1080],"product_tag":[584,835,843,771,737,632],"class_list":["post-3513","product","type-product","status-publish","has-post-thumbnail","hentry","product_cat-komody-kapielowe-wanienki-i-przewijaki","product_cat-rotho-babydesign","product_tag-liwia","product_tag-radosc-dziecka-cytaty","product_tag-smieszne-zagadki-dla-dzieci","product_tag-stolice-europy-quiz","product_tag-test-z-lektury-felix-net-i-nika-oraz-gang-niewidzialnych-ludzi","product_tag-warszawa-atrakcje-dla-mlodziezy"],"_links":{"self":[{"href":"http:\/\/klubmamgdynia.pl\/index.php\/wp-json\/wp\/v2\/product\/3513","targetHints":{"allow":["GET"]}}],"collection":[{"href":"http:\/\/klubmamgdynia.pl\/index.php\/wp-json\/wp\/v2\/product"}],"about":[{"href":"http:\/\/klubmamgdynia.pl\/index.php\/wp-json\/wp\/v2\/types\/product"}],"replies":[{"embeddable":true,"href":"http:\/\/klubmamgdynia.pl\/index.php\/wp-json\/wp\/v2\/comments?post=3513"}],"wp:featuredmedia":[{"embeddable":true,"href":"http:\/\/klubmamgdynia.pl\/index.php\/wp-json\/wp\/v2\/media\/3514"}],"wp:attachment":[{"href":"http:\/\/klubmamgdynia.pl\/index.php\/wp-json\/wp\/v2\/media?parent=3513"}],"wp:term":[{"taxonomy":"product_cat","embeddable":true,"href":"http:\/\/klubmamgdynia.pl\/index.php\/wp-json\/wp\/v2\/product_cat?post=3513"},{"taxonomy":"product_tag","embeddable":true,"href":"http:\/\/klubmamgdynia.pl\/index.php\/wp-json\/wp\/v2\/product_tag?post=3513"}],"curies":[{"name":"wp","href":"https:\/\/api.w.org\/{rel}","templated":true}]}}