{"id":3515,"date":"2023-02-22T07:44:20","date_gmt":"2023-02-22T06:44:20","guid":{"rendered":"http:\/\/klubmamgdynia.pl\/?post_type=product&#038;p=3515"},"modified":"2026-04-04T08:06:19","modified_gmt":"2026-04-04T06:06:19","slug":"nocnik-2k-zebra-bezowy-szary","status":"publish","type":"product","link":"http:\/\/klubmamgdynia.pl\/index.php\/produkt\/nocnik-2k-zebra-bezowy-szary\/","title":{"rendered":"Nocnik 2K Zebra Be\u017cowy\/Szary"},"content":{"rendered":"<p>Nocnik 2K Zebra zosta\u0142 wykonany z wysokiej jako\u015bci materia\u0142\u00f3w. Idealnie sprawdzi podczas nauki samodzielnego korzystania z toalety.<\/p>\n<h2>Nocnik 2K Zebra Be\u017cowy\/Szary Maltex<\/h2>\n<p>zagadki dla dzieci 6-7 lat, prezent na roczek dla dziecka, \u0142amig\u0142\u00f3wki logiczne, mia\u0142a baba koguta tekst, atrakcje dla dzieci wroc\u0142aw 2021, bajka dla niemowlaka, jesienne zagadki, kolorowanki konie z je\u017ad\u017acem, lato, traktor z przyczep\u0105 kolorowanka do druku, rysunki dla pocz\u0105tkuj\u0105cych, planety do druku dla dzieci, dzie\u0144 misia 2021, cookie dough przepis, mitologia grecka test wiedzy<\/p>\n<p>yyyyy<\/p>\n<p>&nbsp;<\/p>\n","protected":false},"excerpt":{"rendered":"<p>Nocnik 2K Zebra zosta\u0142 wykonany z wysokiej jako\u015bci materia\u0142\u00f3w. Idealnie sprawdzi podczas nauki samodzielnego korzystania z toalety. Nocnik 2K Zebra Be\u017cowy\/Szary Maltex zagadki dla dzieci 6-7 lat, prezent na roczek dla dziecka, \u0142amig\u0142\u00f3wki logiczne, mia\u0142a baba koguta tekst, atrakcje dla dzieci wroc\u0142aw 2021, bajka dla niemowlaka, jesienne zagadki, kolorowanki konie z je\u017ad\u017acem, lato, traktor z [&hellip;]<\/p>\n","protected":false},"featured_media":3516,"comment_status":"closed","ping_status":"open","template":"","meta":[],"product_cat":[960,354],"product_tag":[696,670,580,862,806,804,649],"class_list":["post-3515","product","type-product","status-publish","has-post-thumbnail","hentry","product_cat-maltex","product_cat-nocniki-nakladki-na-wc-i-podesty","product_tag-film-rodzinny-o-swietach","product_tag-irma","product_tag-janusz","product_tag-nasza-zima-zla-tekst","product_tag-prezent-dla-dziecka-na-roczek","product_tag-ryz-z-owocami","product_tag-zagadki-dla-nastolatkow"],"_links":{"self":[{"href":"http:\/\/klubmamgdynia.pl\/index.php\/wp-json\/wp\/v2\/product\/3515","targetHints":{"allow":["GET"]}}],"collection":[{"href":"http:\/\/klubmamgdynia.pl\/index.php\/wp-json\/wp\/v2\/product"}],"about":[{"href":"http:\/\/klubmamgdynia.pl\/index.php\/wp-json\/wp\/v2\/types\/product"}],"replies":[{"embeddable":true,"href":"http:\/\/klubmamgdynia.pl\/index.php\/wp-json\/wp\/v2\/comments?post=3515"}],"wp:featuredmedia":[{"embeddable":true,"href":"http:\/\/klubmamgdynia.pl\/index.php\/wp-json\/wp\/v2\/media\/3516"}],"wp:attachment":[{"href":"http:\/\/klubmamgdynia.pl\/index.php\/wp-json\/wp\/v2\/media?parent=3515"}],"wp:term":[{"taxonomy":"product_cat","embeddable":true,"href":"http:\/\/klubmamgdynia.pl\/index.php\/wp-json\/wp\/v2\/product_cat?post=3515"},{"taxonomy":"product_tag","embeddable":true,"href":"http:\/\/klubmamgdynia.pl\/index.php\/wp-json\/wp\/v2\/product_tag?post=3515"}],"curies":[{"name":"wp","href":"https:\/\/api.w.org\/{rel}","templated":true}]}}