{"id":3519,"date":"2020-04-15T22:23:01","date_gmt":"2020-04-15T20:23:01","guid":{"rendered":"http:\/\/klubmamgdynia.pl\/index.php\/produkt\/bebe-jou-baby-care-zestaw-kapielowy-sense-edition-plus-sky-green-9szt\/"},"modified":"2026-04-03T23:00:14","modified_gmt":"2026-04-03T21:00:14","slug":"bebe-jou-baby-care-zestaw-kapielowy-sense-edition-plus-sky-green-9szt","status":"publish","type":"product","link":"http:\/\/klubmamgdynia.pl\/index.php\/produkt\/bebe-jou-baby-care-zestaw-kapielowy-sense-edition-plus-sky-green-9szt\/","title":{"rendered":"B\u00e9b\u00e9-Jou Baby Care Zestaw K\u0105pielowy Sense Edition Plus Sky Green 9Szt."},"content":{"rendered":"<p>Instrukcje bezpiecze\u0144stwa i ostrze\u017cenia wanna_manual.pdf class =download-pdf target=_blank&gt;Instrukcje bezpiecze\u0144stwa i ostrze\u017cenia dotycz\u0105ce wanny wannasupport_manual_2021.pdf class =download-pdf target=_blank&gt;Instrukcje bezpiecze\u0144stwa i ostrze\u017cenia dotycz\u0105ce fotelik\u00f3w k\u0105pielowych b\u00e9b\u00e9-jou \u00ae Zestaw do k\u0105pieli 9 cz\u0119\u015bci Sense Edition Plus w kolorze Sky Green sk\u0142adaj\u0105cy si\u0119 z wanienki dla niemowl\u0105t z odp\u0142ywem, stojaka do wanienki, pojemnika na pieluchy i siedziska do wanny. Dzi\u0119ki wygodnym i eleganckim wanienkom dla niemowl\u0105t z b\u00e9b\u00e9-jou \u00ae mo\u017cesz w pe\u0142ni cieszy\u0107 si\u0119 czasem sp\u0119dzonym z dzieckiem. W jednym opakowaniu znajdziesz wszystkie produkty, kt\u00f3rych potrzebujesz do piel\u0119gnacji swojego noworodka. Najnowsza wanienka dla niemowl\u0105t b\u00e9b\u00e9-jou Sense zosta\u0142a zaprojektowana tak, aby\u015b Ty i Tw\u00f3j maluch mogli cieszy\u0107 si\u0119 cudownie relaksuj\u0105c\u0105 k\u0105piel\u0105 razem. Edycja Sense zawiera innowacyjny termometr digital es. Korek wannowy posiada zintegrowany system, kt\u00f3ry mierzy zar\u00f3wno temperatur\u0119 wody, jak i temperatur\u0119 pomieszczenia. Dzi\u0119ki temu mo\u017cesz zawsze bezpiecznie i w odpowiedniej temperaturze cieszy\u0107 si\u0119 swoim male\u0144stwem, niezale\u017cnie od tego, gdzie znajduje si\u0119 wanna. Informacje te s\u0105 wy\u015bwietlane na module Digital za po\u015brednictwem po\u0142\u0105czenia radiowego. Elegancki i por\u0119czny modu\u0142 LED z powierzchni\u0105 Touch posiada wy\u0142\u0105cznik czasowy, kt\u00f3ry mo\u017cna ustawi\u0107 na 10 minut. Dzi\u0119ki temu mo\u017cesz cieszy\u0107 si\u0119 k\u0105piel\u0105, nie sp\u0119dzaj\u0105c zbyt wiele czasu w wodzie i nie wysuszaj\u0105c sk\u00f3ry dziecka. Bardzo stabilny stojak k\u0105pielowy Sense ma nogi wykonane z lakierowanego buku z certyfikatem FSC. Nadaje to stojakowi k\u0105pielowemu ciep\u0142y, modern wygl\u0105d. Stojak wyposa\u017cony jest w praktyczne funkcje, z przodu przymocowany jest uchwyt na r\u0119cznik. Du\u017ca plastikowa patera oferuje miejsce na butelk\u0119 z szamponem, flanel\u0119 lub \u017cel do mycia. Masz wi\u0119c pod r\u0119k\u0105 wszystko, czego potrzebujesz, aby Tw\u00f3j maluch m\u00f3g\u0142 si\u0119 spokojnie bawi\u0107. Innowacyjny system zatrzask\u00f3w u\u0142atwia zak\u0142adanie i zdejmowanie wanny ze stela\u017ca. Po klikni\u0119ciu mo\u017cesz bezpiecznie wzi\u0105\u0107 malucha do k\u0105pieli. Wanna plus Szczeg\u00f3\u0142y produktu: Design : Niebo Green Materia\u0142: polipropylen (PP) Wymiary: szeroko\u015b\u0107 x d\u0142ugo\u015b\u0107 x wysoko\u015b\u0107 75 x 39 x 25 cm Odpowiednie do 20 Kg Uwaga: do 9 kg z podstaw\u0105 lub jako zestaw Pojemno\u015b\u0107: 15 litr\u00f3w Stojak na wann\u0119 Szczeg\u00f3\u0142y produktu: Design : Niebo Green Wymiary: wysoko\u015b\u0107 x d\u0142ugo\u015b\u0107 x szeroko\u015b\u0107 78 cm x 32 cm x 16 cm Siedzisko wanny Szczeg\u00f3\u0142y produktu: Design : Niebo Green Wymiary: szeroko\u015b\u0107 x d\u0142ugo\u015b\u0107 x wysoko\u015b\u0107 23 cm x 49 cm x 18 cm Mo\u017cliwo\u015b\u0107 stosowania do 8 kg Nadaje si\u0119 do b\u00e9b\u00e9-jou \u00ae Baby care Wanny Pojemnik na pieluchy Szczeg\u00f3\u0142y produktu: Design : Niebo Green Materia\u0142: polipropylen (PP) Wymiary: szeroko\u015b\u0107 x d\u0142ugo\u015b\u0107 x wysoko\u015b\u0107: 37,5 cm x 34,5 cm x 31 cm Pojemno\u015b\u0107 jest identyczna jak w przypadku wanienki dla niemowl\u0105t Pude\u0142ko na chusteczki nawil\u017cane Design : Niebo Green Materia\u0142: Polipropylen (PP) Wymiary: szeroko\u015b\u0107 x d\u0142ugo\u015b\u0107 x wysoko\u015b\u0107 12,9 x 21 x 9,3 cm Do przechowywania mokrych chusteczek Miska do mycia Design : Niebo Green Materia\u0142: Polipropylen (PP) Grzebie\u0144 i szczotka Szczeg\u00f3\u0142y produktu: Design : Niebo Green Materia\u0142: polipropylen i w\u0142osy naturalne Wymiary: szeroko\u015b\u0107 x d\u0142ugo\u015b\u0107 x wysoko\u015b\u0107 5,3 cm x 17,2 cm x 3 cm Zestaw do manicure Szczeg\u00f3\u0142y produktu: Design : Niebo Green Materia\u0142: polipropylen \/ stal nierdzewna \/ stal niklowana Wymiary: szeroko\u015b\u0107 x d\u0142ugo\u015b\u0107 x wysoko\u015b\u0107 6,7 cm x 4,3 cm x 11,5 cm Zakres dostawy: 1 x wanna plus 1 x w\u0105\u017c spustowy 1 x stojak na wann\u0119 1 x wk\u0142adka do wanny 1 x Pude\u0142ko na chusteczki nawil\u017cane 1 x Miska do mycia 1 x pojemnik na pieluchy 1 x grzebie\u0144 i szczotka 1 x zestaw do manicure Ostrze\u017cenia: Pomoc w k\u0105pieli mo\u017ce by\u0107 u\u017cywana do momentu, gdy dziecko potrafi siedzie\u0107 bez podparcia. Pomoc do k\u0105pieli mo\u017ce by\u0107 u\u017cywana na stela\u017cu tylko do czasu, gdy dziecko spr\u00f3buje samodzielnie sta\u0107. Norma: DIN EN 17072:2019 Atelier 49 Nederland bv Wethouder Buitenhuisstraat 1 7951 SJ, Staphorst Niderlandy<\/p>\n<h2>B\u00e9b\u00e9-Jou Baby Care Zestaw K\u0105pielowy Sense Edition Plus Sky Green 9Szt. Bebe Jou<\/h2>\n<p>zagatki, \u015bwi\u0105teczne filmy familijne, zagadki dla dzieci 10 lat, pomys\u0142y na dzie\u0144 dziecka dla nastolatk\u00f3w<\/p>\n<p>yyyyy<\/p>\n<p>&nbsp;<\/p>\n","protected":false},"excerpt":{"rendered":"<p>Instrukcje bezpiecze\u0144stwa i ostrze\u017cenia wanna_manual.pdf class =download-pdf target=_blank&gt;Instrukcje bezpiecze\u0144stwa i ostrze\u017cenia dotycz\u0105ce wanny wannasupport_manual_2021.pdf class =download-pdf target=_blank&gt;Instrukcje bezpiecze\u0144stwa i ostrze\u017cenia dotycz\u0105ce fotelik\u00f3w k\u0105pielowych b\u00e9b\u00e9-jou \u00ae Zestaw do k\u0105pieli 9 cz\u0119\u015bci Sense Edition Plus w kolorze Sky Green sk\u0142adaj\u0105cy si\u0119 z wanienki dla niemowl\u0105t z odp\u0142ywem, stojaka do wanienki, pojemnika na pieluchy i siedziska do wanny. [&hellip;]<\/p>\n","protected":false},"featured_media":3520,"comment_status":"closed","ping_status":"open","template":"","meta":[],"product_cat":[984,958],"product_tag":[855,630,756],"class_list":["post-3519","product","type-product","status-publish","has-post-thumbnail","hentry","product_cat-bebe-jou","product_cat-komody-kapielowe-wanienki-i-przewijaki","product_tag-nietypowe-imiona-zenskie","product_tag-podchwytliwe-zagadki-z-odpowiedziami","product_tag-zaproszenie-na-urodziny-do-druku"],"_links":{"self":[{"href":"http:\/\/klubmamgdynia.pl\/index.php\/wp-json\/wp\/v2\/product\/3519","targetHints":{"allow":["GET"]}}],"collection":[{"href":"http:\/\/klubmamgdynia.pl\/index.php\/wp-json\/wp\/v2\/product"}],"about":[{"href":"http:\/\/klubmamgdynia.pl\/index.php\/wp-json\/wp\/v2\/types\/product"}],"replies":[{"embeddable":true,"href":"http:\/\/klubmamgdynia.pl\/index.php\/wp-json\/wp\/v2\/comments?post=3519"}],"wp:featuredmedia":[{"embeddable":true,"href":"http:\/\/klubmamgdynia.pl\/index.php\/wp-json\/wp\/v2\/media\/3520"}],"wp:attachment":[{"href":"http:\/\/klubmamgdynia.pl\/index.php\/wp-json\/wp\/v2\/media?parent=3519"}],"wp:term":[{"taxonomy":"product_cat","embeddable":true,"href":"http:\/\/klubmamgdynia.pl\/index.php\/wp-json\/wp\/v2\/product_cat?post=3519"},{"taxonomy":"product_tag","embeddable":true,"href":"http:\/\/klubmamgdynia.pl\/index.php\/wp-json\/wp\/v2\/product_tag?post=3519"}],"curies":[{"name":"wp","href":"https:\/\/api.w.org\/{rel}","templated":true}]}}