{"id":3521,"date":"2022-07-19T12:40:13","date_gmt":"2022-07-19T10:40:13","guid":{"rendered":"http:\/\/klubmamgdynia.pl\/index.php\/produkt\/ravensburger-gitrax-extension-gauss-cannon-275946\/"},"modified":"2026-04-03T16:00:03","modified_gmt":"2026-04-03T14:00:03","slug":"ravensburger-gitrax-extension-gauss-cannon-275946","status":"publish","type":"product","link":"http:\/\/klubmamgdynia.pl\/index.php\/produkt\/ravensburger-gitrax-extension-gauss-cannon-275946\/","title":{"rendered":"Ravensburger Gitrax Extension Gauss Cannon &#8211; 275946"},"content":{"rendered":"<p>SUPER CENA &#8211; TANIA DOSTAWA ! &#8211; Ravensburger GiTrax extension Gauss Cannon &#8211; 275946 &#8211; PACZKOMAT, POCZTA, KURIER<\/p>\n<h2>Ravensburger Gitrax Extension Gauss Cannon &#8211; 275946 Ravensburger<\/h2>\n<p>nietypowe imiona \u017ce\u0144skie, aurora imi\u0119, quiz samochodowy, karty pracy po ukrai\u0144sku, prezent dla roczniaka, wiosenne zagadki, imi\u0119 alan, darmowe kolorowanki do druku, kanapki na urodziny dziecka, znaczenie imienia marcel, prezent dla trzynastolatki, matylda imie, \u015bw przemys\u0142aw, aron, \u015bmieszne zagadki dla dzieci, lew czarownica i stara szafa test, literki do nauki pisania do druku, najlepsze \u017carty na prima aprilis<\/p>\n<p>yyyyy<\/p>\n<p>&nbsp;<\/p>\n","protected":false},"excerpt":{"rendered":"<p>SUPER CENA &#8211; TANIA DOSTAWA ! &#8211; Ravensburger GiTrax extension Gauss Cannon &#8211; 275946 &#8211; PACZKOMAT, POCZTA, KURIER Ravensburger Gitrax Extension Gauss Cannon &#8211; 275946 Ravensburger nietypowe imiona \u017ce\u0144skie, aurora imi\u0119, quiz samochodowy, karty pracy po ukrai\u0144sku, prezent dla roczniaka, wiosenne zagadki, imi\u0119 alan, darmowe kolorowanki do druku, kanapki na urodziny dziecka, znaczenie imienia marcel, [&hellip;]<\/p>\n","protected":false},"featured_media":3522,"comment_status":"closed","ping_status":"open","template":"","meta":[],"product_cat":[72,207],"product_tag":[853,787,637,816,868],"class_list":["post-3521","product","type-product","status-publish","has-post-thumbnail","hentry","product_cat-mali-naukowcy","product_cat-ravensburger","product_tag-kolorowanki-do-druku-dla-doroslych","product_tag-nauka-pisania-wyrazow-dla-dzieci-do-druku-pdf","product_tag-niech-zyja-wakacje-tekst","product_tag-place-zabaw-warszawa","product_tag-quizy-dla-dzieci"],"_links":{"self":[{"href":"http:\/\/klubmamgdynia.pl\/index.php\/wp-json\/wp\/v2\/product\/3521","targetHints":{"allow":["GET"]}}],"collection":[{"href":"http:\/\/klubmamgdynia.pl\/index.php\/wp-json\/wp\/v2\/product"}],"about":[{"href":"http:\/\/klubmamgdynia.pl\/index.php\/wp-json\/wp\/v2\/types\/product"}],"replies":[{"embeddable":true,"href":"http:\/\/klubmamgdynia.pl\/index.php\/wp-json\/wp\/v2\/comments?post=3521"}],"wp:featuredmedia":[{"embeddable":true,"href":"http:\/\/klubmamgdynia.pl\/index.php\/wp-json\/wp\/v2\/media\/3522"}],"wp:attachment":[{"href":"http:\/\/klubmamgdynia.pl\/index.php\/wp-json\/wp\/v2\/media?parent=3521"}],"wp:term":[{"taxonomy":"product_cat","embeddable":true,"href":"http:\/\/klubmamgdynia.pl\/index.php\/wp-json\/wp\/v2\/product_cat?post=3521"},{"taxonomy":"product_tag","embeddable":true,"href":"http:\/\/klubmamgdynia.pl\/index.php\/wp-json\/wp\/v2\/product_tag?post=3521"}],"curies":[{"name":"wp","href":"https:\/\/api.w.org\/{rel}","templated":true}]}}