{"id":3523,"date":"2012-10-15T13:58:31","date_gmt":"2012-10-15T11:58:31","guid":{"rendered":"http:\/\/klubmamgdynia.pl\/index.php\/produkt\/bebe-jou-siedzisko-kapielowe-griffin-grey\/"},"modified":"2026-04-29T15:43:58","modified_gmt":"2026-04-29T13:43:58","slug":"bebe-jou-siedzisko-kapielowe-griffin-grey","status":"publish","type":"product","link":"http:\/\/klubmamgdynia.pl\/index.php\/produkt\/bebe-jou-siedzisko-kapielowe-griffin-grey\/","title":{"rendered":"B\u00e9b\u00e9-Jou Siedzisko K\u0105pielowe Griffin Grey"},"content":{"rendered":"<p>Siedzisko k\u0105pielowe u\u0142atwi proces przej\u015bci\u0105 k\u0105pieli z wanienki dzieci\u0119cej do wanny. Dziecko mo\u017ce bawi\u0107 si\u0119 w wannie i jednocze\u015bnie by\u0107 myte przez rodzica. Siedzisko mocowane jest przy pomocy 4 przyssawek. Teraz zabawa w wannie to jeszcze wi\u0119ksza frajda! Je\u015bli dziecko przyci\u015bnie dozownik, zacznie on pryska\u0107 wod\u0105. Siedzisko k\u0105pielowe przeznaczone jest dla dzieci od 7 do ok. 16 miesi\u0105ca \u017cycia. Szczeg\u00f3\u0142y: Materia\u0142: Polypropylen od 6 do 16 miesi\u0119cy Wymiary: 31 cm x 31 cm x 26 cm Wskaz\u00f3wki dot. czyszczenia: ciep\u0142a woda z delikatnym myd\u0142em. Nie nale\u017cy czy\u015bci\u0107 \u015brodkami chemicznymi.<\/p>\n<h2>B\u00e9b\u00e9-Jou Siedzisko K\u0105pielowe Griffin Grey Bebe Jou<\/h2>\n<p>straszne filmy dla dzieci, gabriela, jak namalowa\u0107 kota, zaproszenie na urodziny dziecka do druku, kolorowanki jesie\u0144 do druku, karty pracy do druku za darmo<\/p>\n<p>yyyyy<\/p>\n<p>&nbsp;<\/p>\n","protected":false},"excerpt":{"rendered":"<p>Siedzisko k\u0105pielowe u\u0142atwi proces przej\u015bci\u0105 k\u0105pieli z wanienki dzieci\u0119cej do wanny. Dziecko mo\u017ce bawi\u0107 si\u0119 w wannie i jednocze\u015bnie by\u0107 myte przez rodzica. Siedzisko mocowane jest przy pomocy 4 przyssawek. Teraz zabawa w wannie to jeszcze wi\u0119ksza frajda! Je\u015bli dziecko przyci\u015bnie dozownik, zacznie on pryska\u0107 wod\u0105. Siedzisko k\u0105pielowe przeznaczone jest dla dzieci od 7 do [&hellip;]<\/p>\n","protected":false},"featured_media":3524,"comment_status":"closed","ping_status":"open","template":"","meta":[],"product_cat":[984,958],"product_tag":[827,602,830,809,649],"class_list":["post-3523","product","type-product","status-publish","has-post-thumbnail","hentry","product_cat-bebe-jou","product_cat-komody-kapielowe-wanienki-i-przewijaki","product_tag-bajki-dla-niemowlat","product_tag-quiz-o-zwierzetach-domowych","product_tag-rodzina-cytaty","product_tag-zagadki","product_tag-zagadki-dla-nastolatkow"],"_links":{"self":[{"href":"http:\/\/klubmamgdynia.pl\/index.php\/wp-json\/wp\/v2\/product\/3523","targetHints":{"allow":["GET"]}}],"collection":[{"href":"http:\/\/klubmamgdynia.pl\/index.php\/wp-json\/wp\/v2\/product"}],"about":[{"href":"http:\/\/klubmamgdynia.pl\/index.php\/wp-json\/wp\/v2\/types\/product"}],"replies":[{"embeddable":true,"href":"http:\/\/klubmamgdynia.pl\/index.php\/wp-json\/wp\/v2\/comments?post=3523"}],"wp:featuredmedia":[{"embeddable":true,"href":"http:\/\/klubmamgdynia.pl\/index.php\/wp-json\/wp\/v2\/media\/3524"}],"wp:attachment":[{"href":"http:\/\/klubmamgdynia.pl\/index.php\/wp-json\/wp\/v2\/media?parent=3523"}],"wp:term":[{"taxonomy":"product_cat","embeddable":true,"href":"http:\/\/klubmamgdynia.pl\/index.php\/wp-json\/wp\/v2\/product_cat?post=3523"},{"taxonomy":"product_tag","embeddable":true,"href":"http:\/\/klubmamgdynia.pl\/index.php\/wp-json\/wp\/v2\/product_tag?post=3523"}],"curies":[{"name":"wp","href":"https:\/\/api.w.org\/{rel}","templated":true}]}}